{"id":1339,"date":"2017-10-16T13:54:07","date_gmt":"2017-10-16T13:54:07","guid":{"rendered":"http:\/\/ninzio.com\/edukul\/?page_id=1339"},"modified":"2025-09-18T13:20:46","modified_gmt":"2025-09-18T11:20:46","slug":"kontakti","status":"publish","type":"page","link":"https:\/\/fsi-edu.net\/en\/kontakti\/","title":{"rendered":"Contact"},"content":{"rendered":"<div class=\"wpb-content-wrapper\"><div class=\"vc-custom-col-spacing clearfix vc-col-spacing-30\"><section class=\"wpb_row vc_row-fluid vc_custom_1679565016348 vc_row-has-fill row-content-position-Default\"><div class=\"edukul-container\"><div class=\"row-inner clearfix\"><div class=\"wpb_column vc_column_container vc_col-sm-12\"><div class=\"vc_column-inner\"><div class=\"wpb_wrapper\"><div class=\"edukul-content-box clearfix\" ><div class=\"vc-custom-col-inner-spacing clearfix vc-col-inner-spacing-30\"><div class=\"wpb_row vc_inner vc_row-fluid\"><div class=\"wpb_column vc_column_container vc_col-sm-4\"><div class=\"vc_column-inner\"><div class=\"wpb_wrapper\"><div class=\"edukul-icon-box clearfix icon-top align-center  simple\" style=\"\" ><div class=\"wrap-inner\" style=\"position: relative;\"><div class=\"edukul-icon icon-1693423574 accent custom\"  data-background=\"\">\r\n\t\t\t\t<span class=\"icon\" style=\"font-size:60px;width:60px;height:60px;border-style:solid;line-height:60px;\"><i class=\"eduk-map-marker-alt\"><\/i><\/span>\r\n\t\t\t<\/div> <div class=\"desc\" style=\"margin-top:40px;\"><div style=\"font-size: 24px; line-height: 35px; max-width: 250px; margin: 0 auto;\">Rr. Bajram Kelmendi nr. 174, Prishtin\u00eb, 10000<\/div>\n<\/div> <\/div><\/div>\r\n\t<div class=\"edukul-spacer clearfix\" data-desktop=\"0\" data-mobi=\"30\" data-smobi=\"30\"><\/div><\/div><\/div><\/div><div class=\"wpb_column vc_column_container vc_col-sm-4\"><div class=\"vc_column-inner\"><div class=\"wpb_wrapper\"><div class=\"edukul-icon-box clearfix icon-top align-center  simple\" style=\"\" ><div class=\"wrap-inner\" style=\"position: relative;\"><div class=\"edukul-icon icon-1793121148 accent custom\"  data-background=\"\">\r\n\t\t\t\t<span class=\"icon\" style=\"font-size:60px;width:60px;height:60px;border-style:solid;line-height:60px;\"><i class=\"eduk-envelope-open\"><\/i><\/span>\r\n\t\t\t<\/div> <div class=\"desc\" style=\"margin-top:40px;\"><div style=\"font-size: 24px; line-height: 35px; max-width: 250px; margin: 0 auto;\"><strong>info@fsi-edu.net<\/strong><\/div>\n<\/div> <\/div><\/div>\r\n\t<div class=\"edukul-spacer clearfix\" data-desktop=\"0\" data-mobi=\"30\" data-smobi=\"30\"><\/div><\/div><\/div><\/div><div class=\"wpb_column vc_column_container vc_col-sm-4\"><div class=\"vc_column-inner\"><div class=\"wpb_wrapper\"><div class=\"edukul-icon-box clearfix icon-top align-center  simple\" style=\"\" ><div class=\"wrap-inner\" style=\"position: relative;\"><div class=\"edukul-icon icon-1516603160 accent custom\"  data-background=\"\">\r\n\t\t\t\t<span class=\"icon\" style=\"font-size:60px;width:60px;height:60px;border-style:solid;line-height:60px;\"><i class=\"eduk-phone-alt\"><\/i><\/span>\r\n\t\t\t<\/div> <div class=\"desc\" style=\"margin-top:40px;\"><div style=\"font-size: 24px; line-height: 35px; max-width: 250px; margin: 0 auto;\">+383 38 243887<\/div>\n<\/div> <\/div><\/div><\/div><\/div><\/div><\/div><\/div><\/div><div class=\"ult-spacer spacer-69e468c4849d0\" data-id=\"69e468c4849d0\" data-height=\"17\" data-height-mobile=\"17\" data-height-tab=\"17\" data-height-tab-portrait=\"\" data-height-mobile-landscape=\"\" style=\"clear:both;display:block;\"><\/div><div class=\"cq-infoblock cq-infoblock-avapos-left cq-infoblock-bar-float cq-infoblock-avatar-medium cq-infoblock-shape-square\" style=\"background-image:url(https:\/\/fsi-edu.net\/wp-content\/uploads\/2022\/11\/05slide.jpg);background-color:rgba(0,0,0,0.5);\" data-iconcolor=\"\" data-iconbg=\"\" data-iconhovercolor=\"\" data-iconhoverbg=\"\" data-bghovercolor=\"\" data-barhoverbg=\"\" data-bgcolor=\"rgba(0,0,0,0.5)\" data-barbgcolor=\"\"><div class=\"cq-infoblock-content\" style=\"background-color:rgba(0,0,0,0.5);\"><div class=\"cq-infoblock-textcontainer\"><span class=\"cq-infoblock-iconarea\" style=\"background-color:;background-image:url()\"><i class=\"cq-infoblock-icon fas fa-money-check\" style=\"color:;\"><\/i><\/span><div class=\"cq-infoblock-text\"><span class=\"cq-infoblock-subtitle\" style=\"font-size:;color:\">Adresa bankare:<\/span><h4 class=\"cq-infoblock-title\" style=\"font-size:;color:\">Emri i bank\u00ebs: NLB BANKA<\/h4>Emri i llogaris\u00eb: FAKULTETI I STUDIMEVE ISLAME<\/p>\n<p>Nr. i llogaris\u00eb: <strong>1708001600095471<\/strong><\/p>\n<p>&nbsp;<\/p>\n<p><strong>BENEFICIARY DETAILS<\/strong><br \/>\nIBAN: XK051708001600095471<br \/>\nBeneficiary name: FAKULTETI I STUDIMEVE ISLAME<br \/>\n<span>Address: RR BAJRAM KELMENDI NR 84 PRISHTINE-KOSOVE<br \/>\n<\/span><\/p>\n<p><strong>BANK DETAILS<\/strong><br \/>\n57A: Bank name: NLB Prishtina sh.a<br \/>\nSWIFT CODE: NLPR XK PR<\/p>\n<p><strong>\u00a0<\/strong><\/div><\/div> <\/div><\/div>\n<div class=\"wpcf7 no-js\" id=\"wpcf7-f9635-o1\" lang=\"en-US\" dir=\"ltr\" data-wpcf7-id=\"9635\">\n<div class=\"screen-reader-response\"><p role=\"status\" aria-live=\"polite\" aria-atomic=\"true\"><\/p> <ul><\/ul><\/div>\n<form action=\"\/en\/wp-json\/wp\/v2\/pages\/1339#wpcf7-f9635-o1\" method=\"post\" class=\"wpcf7-form init\" aria-label=\"Contact form\" novalidate=\"novalidate\" data-status=\"init\" data-trp-original-action=\"\/en\/wp-json\/wp\/v2\/pages\/1339#wpcf7-f9635-o1\">\n<fieldset class=\"hidden-fields-container\"><input type=\"hidden\" name=\"_wpcf7\" value=\"9635\" \/><input type=\"hidden\" name=\"_wpcf7_version\" value=\"6.1\" \/><input type=\"hidden\" name=\"_wpcf7_locale\" value=\"en_US\" \/><input type=\"hidden\" name=\"_wpcf7_unit_tag\" value=\"wpcf7-f9635-o1\" \/><input type=\"hidden\" name=\"_wpcf7_container_post\" value=\"0\" \/><input type=\"hidden\" name=\"_wpcf7_posted_data_hash\" value=\"\" \/>\n<\/fieldset>\n<div class=\"cf7-style-2 clearfix\">\n\t<div class=\"wrap\">\n\t\t<h2>Na shkruani\n\t\t<\/h2>\n\t\t<div class=\"name-wrap\">\n\t\t\t<p><span class=\"wpcf7-form-control-wrap\" data-name=\"your-name\"><input size=\"40\" maxlength=\"400\" class=\"wpcf7-form-control wpcf7-text wpcf7-validates-as-required\" aria-required=\"true\" aria-invalid=\"false\" placeholder=\"Emri\" value=\"\" type=\"text\" name=\"your-name\" \/><\/span>\n\t\t\t<\/p>\n\t\t<\/div>\n\t\t<div class=\"email-wrap\">\n\t\t\t<p><span class=\"wpcf7-form-control-wrap\" data-name=\"your-email\"><input size=\"40\" maxlength=\"400\" class=\"wpcf7-form-control wpcf7-email wpcf7-validates-as-required wpcf7-text wpcf7-validates-as-email\" aria-required=\"true\" aria-invalid=\"false\" placeholder=\"Email\" value=\"\" type=\"email\" name=\"your-email\" \/><\/span>\n\t\t\t<\/p>\n\t\t<\/div>\n\t\t<div class=\"message-wrap\">\n\t\t\t<p><span class=\"wpcf7-form-control-wrap\" data-name=\"textarea-959\"><textarea cols=\"40\" rows=\"10\" maxlength=\"2000\" class=\"wpcf7-form-control wpcf7-textarea wpcf7-validates-as-required\" aria-required=\"true\" aria-invalid=\"false\" placeholder=\"Mesazhi\" name=\"textarea-959\"><\/textarea><\/span>\n\t\t\t<\/p>\n\t\t<\/div>\n\t\t<p class=\"note\">* T\u00eb gjitha fushat duhet plot\u00ebsuar.\n\t\t<\/p>\n\t\t<div class=\"submit-wrap\">\n\t\t\t<p><span><input class=\"wpcf7-form-control wpcf7-submit has-spinner\" type=\"submit\" value=\"D\u00ebrgo mesazhin\" \/><\/span>\n\t\t\t<\/p>\n\t\t<\/div>\n\t<\/div>\n<\/div><div class=\"wpcf7-response-output\" aria-hidden=\"true\"><\/div>\n<input type=\"hidden\" name=\"trp-form-language\" value=\"en\"\/><\/form>\n<\/div>\n<div class=\"ult-spacer spacer-69e468c4853cb\" data-id=\"69e468c4853cb\" data-height=\"33\" data-height-mobile=\"33\" data-height-tab=\"33\" data-height-tab-portrait=\"\" data-height-mobile-landscape=\"\" style=\"clear:both;display:block;\"><\/div><div id='wrap_map_69e468c4853fc' class='ultimate-map-wrapper ult-adjust-bottom-margin' style=' height:350px;'><div id='map_69e468c4853fc' data-map_override='0' class='ultimate_google_map wpb_content_element 0' style='width:100%;height:350px;'><\/div><\/div><script type='text\/javascript'>\n\t\t\t(function($) {\n  \t\t\t'use strict';\n\t\t\tvar map_map_69e468c4853fc = null;\n\t\t\tvar coordinate_map_69e468c4853fc;\n\t\t\tvar isDraggable = $(document).width() > 641 ? 'true' : 'true';\n\t\t\ttry\n\t\t\t{\n\t\t\t\tvar map_map_69e468c4853fc = null;\n\t\t\t\tvar coordinate_map_69e468c4853fc;\n\t\t\t\tcoordinate_map_69e468c4853fc = new google.maps.LatLng(42.664745, 21.16947);\n\t\t\t\tvar mapOptions=\n\t\t\t\t{\n\t\t\t\t\tzoom: 19,\n\t\t\t\t\tcenter: coordinate_map_69e468c4853fc,\n\t\t\t\t\tscaleControl: true,\n\t\t\t\t\tstreetViewControl: false,\n\t\t\t\t\tmapTypeControl: false,\n\t\t\t\t\tpanControl: false,\n\t\t\t\t\tzoomControl: false,\n\t\t\t\t\tscrollwheel: true,\n\t\t\t\t\tdraggable: isDraggable,\n\t\t\t\t\tzoomControlOptions: {\n\t\t\t\t\t\tposition: google.maps.ControlPosition.right_bottom\n\t\t\t\t\t},mapTypeId: google.maps.MapTypeId.roadmap,};var map_map_69e468c4853fc = new google.maps.Map(document.getElementById('map_69e468c4853fc'),mapOptions);\n\t\t\t\t\t\tvar x = 'infowindow_open_value';\n\t\t\t\t\t\tvar marker_map_69e468c4853fc = new google.maps.Marker({\n\t\t\t\t\t\tposition: new google.maps.LatLng('42.664745', '21.16947'),\n\t\t\t\t\t\tanimation:  google.maps.Animation.DROP,\n\t\t\t\t\t\tmap: map_map_69e468c4853fc,\n\t\t\t\t\t\ticon: ''\n\t\t\t\t\t});\tgoogle.maps.event.addListener(marker_map_69e468c4853fc, 'click', toggleBounce);}\n\t\t\tcatch(e){};\n\t\t\tjQuery(document).ready(function($){\n\t\t\t\tgoogle.maps.event.trigger(map_map_69e468c4853fc, 'resize');\n\t\t\t\t$(window).on('resize', function(){\n\t\t\t\t\tgoogle.maps.event.trigger(map_map_69e468c4853fc, 'resize');\n\t\t\t\t\tif(map_map_69e468c4853fc!=null)\n\t\t\t\t\t\tmap_map_69e468c4853fc.setCenter(coordinate_map_69e468c4853fc);\n\t\t\t\t});\n\t\t\t\t$('.ui-tabs').on('tabsactivate', function(event, ui) {\n\t\t\t\t   if($(this).find('.ultimate-map-wrapper').length > 0)\n\t\t\t\t\t{\n\t\t\t\t\t\tsetTimeout(function(){\n\t\t\t\t\t\t\t$(window).trigger('resize');\n\t\t\t\t\t\t},200);\n\t\t\t\t\t}\n\t\t\t\t});\n\t\t\t\t$('.ui-accordion').on('accordionactivate', function(event, ui) {\n\t\t\t\t   if($(this).find('.ultimate-map-wrapper').length > 0)\n\t\t\t\t\t{\n\t\t\t\t\t\tsetTimeout(function(){\n\t\t\t\t\t\t\t$(window).trigger('resize');\n\t\t\t\t\t\t},200);\n\t\t\t\t\t}\n\t\t\t\t});\n\t\t\t\t$(window).on('load',function(){\n\t\t\t\t\tsetTimeout(function(){\n\t\t\t\t\t\t$(window).trigger('resize');\n\t\t\t\t\t},200);\n\t\t\t\t});\n\t\t\t\t$('.ult_exp_section').on('select', function(){\n\t\t\t\t\tif($(map_map_69e468c4853fc).parents('.ult_exp_section'))\n\t\t\t\t\t{\n\t\t\t\t\t\tsetTimeout(function(){\n\t\t\t\t\t\t\t$(window).trigger('resize');\n\t\t\t\t\t\t},200);\n\t\t\t\t\t}\n\t\t\t\t});\n\t\t\t\t$(document).on('onUVCModalPopupOpen', function(){\n\t\t\t\t\tif($(map_map_69e468c4853fc).parents('.ult_modal-content'))\n\t\t\t\t\t{\n\t\t\t\t\t\tsetTimeout(function(){\n\t\t\t\t\t\t\t$(window).trigger('resize');\n\t\t\t\t\t\t},200);\n\t\t\t\t\t}\n\t\t\t\t});\n\t\t\t\t$(document).on('click','.ult_tab_li',function(){\n\t\t\t\t\t$(window).trigger('resize');\n\t\t\t\t\tsetTimeout(function(){\n\t\t\t\t\t\t$(window).trigger('resize');\n\t\t\t\t\t},200);\n\t\t\t\t});\n\t\t\t});\n\t\t\tfunction toggleBounce() {\n\t\t\t  if (marker_map_69e468c4853fc.getAnimation() != null) {\n\t\t\t\tmarker_map_69e468c4853fc.setAnimation(null);\n\t\t\t  } else {\n\t\t\t\tmarker_map_69e468c4853fc.setAnimation(google.maps.Animation.BOUNCE);\n\t\t\t  }\n\t\t\t}\n\t\t\t})(jQuery);\n\t\t\t<\/script><\/div><\/div><\/div><\/div><\/div><\/section><\/div>\n<\/div>","protected":false},"excerpt":{"rendered":"Rr. Bajram Kelmendi nr. 174, Prishtin\u00eb, 10000 info@fsi-edu.net +383 38 243887 Adresa bankare:Emri i bank\u00ebs: NLB BANKAEmri i llogaris\u00eb: FAKULTETI I STUDIMEVE ISLAME Nr. i llogaris\u00eb: 1708001600095471 &nbsp; BENEFICIARY DETAILS IBAN: XK051708001600095471 Beneficiary name: FAKULTETI","protected":false},"author":1,"featured_media":0,"parent":0,"menu_order":0,"comment_status":"closed","ping_status":"closed","template":"","meta":{"footnotes":""},"class_list":["post-1339","page","type-page","status-publish","hentry"],"_links":{"self":[{"href":"https:\/\/fsi-edu.net\/en\/wp-json\/wp\/v2\/pages\/1339","targetHints":{"allow":["GET"]}}],"collection":[{"href":"https:\/\/fsi-edu.net\/en\/wp-json\/wp\/v2\/pages"}],"about":[{"href":"https:\/\/fsi-edu.net\/en\/wp-json\/wp\/v2\/types\/page"}],"author":[{"embeddable":true,"href":"https:\/\/fsi-edu.net\/en\/wp-json\/wp\/v2\/users\/1"}],"replies":[{"embeddable":true,"href":"https:\/\/fsi-edu.net\/en\/wp-json\/wp\/v2\/comments?post=1339"}],"version-history":[{"count":1,"href":"https:\/\/fsi-edu.net\/en\/wp-json\/wp\/v2\/pages\/1339\/revisions"}],"predecessor-version":[{"id":27663,"href":"https:\/\/fsi-edu.net\/en\/wp-json\/wp\/v2\/pages\/1339\/revisions\/27663"}],"wp:attachment":[{"href":"https:\/\/fsi-edu.net\/en\/wp-json\/wp\/v2\/media?parent=1339"}],"curies":[{"name":"wp","href":"https:\/\/api.w.org\/{rel}","templated":true}]}}