{"id":13409,"date":"2019-11-12T03:54:57","date_gmt":"2019-11-12T03:54:57","guid":{"rendered":"http:\/\/ninzio.com\/edukul\/?page_id=13409"},"modified":"2022-02-15T10:38:53","modified_gmt":"2022-02-15T09:38:53","slug":"per-ne","status":"publish","type":"page","link":"https:\/\/fsi-edu.net\/en\/per-ne\/","title":{"rendered":"P\u00ebr NE"},"content":{"rendered":"<div class=\"wpb-content-wrapper\"><div class=\"vc-custom-col-spacing clearfix vc-col-spacing-30\"><section class=\"wpb_row vc_row-fluid row-content-position-Default\"><div class=\"edukul-container\"><div class=\"row-inner clearfix\"><div class=\"wpb_column vc_column_container vc_col-sm-12\"><div class=\"vc_column-inner\"><div class=\"wpb_wrapper\"><div class=\"edukul-content-box clearfix\" ><div class=\"vc-custom-col-inner-spacing clearfix vc-col-inner-spacing-30\"><div class=\"wpb_row vc_inner vc_row-fluid\"><div class=\"wpb_column vc_column_container vc_col-sm-6\"><div class=\"vc_column-inner\"><div class=\"wpb_wrapper\"><\/div><\/div><\/div><\/div><\/div><\/div><div class=\"edukul-headings clearfix\" data-font=\"55\" data-mfont=\"36\" style=\"\"><h2 class=\"heading clearfix\" style=\"max-width:450px;margin-bottom:25px;font-size:55px;\">\r\n\t\tOur History\r\n\t<\/h2><p class=\"sub-heading clearfix\" style=\"font-style:normal;\">\r\n\t\tFakulteti i Studimeve Islame i Prishtin\u00ebs \u00ebsht\u00eb themeluar me vendimin nr. 443 t\u00eb Kuvendit t\u00eb Bashk\u00ebsis\u00eb Islame t\u00eb Republik\u00ebs s\u00eb Kosov\u00ebs, dat\u00eb 15.08.1992. Pun\u00ebn e ka filluar n\u00eb vitin akademik 1992\/93, si nj\u00ebsi universitare, jofitimprur\u00ebse, me plan-program kat\u00ebrvje\u00e7ar p\u00ebr t\u00eb p\u00ebrgatitur kuadro profesionale p\u00ebr nevojat e Bashk\u00ebsis\u00eb Islame n\u00eb Republik\u00ebn e Kosov\u00ebs dhe jasht\u00eb saj, po edhe p\u00ebr t\u00eb kryer pun\u00eb e sh\u00ebrbime t\u00eb tjera nga veprimtaria e vet arsimore-profesionale.\r\n\t<\/p><div class=\"extra-content clearfix\" style=\"\">\r\n\t\t<p>Fakulteti i Studimeve Islame i Prishtin\u00ebs, pavar\u00ebsisht nga represionit i eg\u00ebr i okupatorit serb gjat\u00eb viteve 90, ai ka vazhduar veprimtarin\u00eb e vet pa nd\u00ebrprerje, n\u00eb kushte jasht\u00ebzakonisht t\u00eb v\u00ebshtira materiale, hap\u00ebsinore e kadrovike.<\/p>\n<p>N\u00eb rrethanat e reja, pas \u00e7lirimit t\u00eb Kosov\u00ebs, sidomos pas vitit 2010, Fakulteti i Studimeve Islame i Prishtin\u00ebs ka siguruar kushte hap\u00ebsinore dhe kadrovike sipas standardeve bashk\u00ebkohore, p\u00ebr veprimtari edukative-arsimore dhe k\u00ebrkimore-shkencore, jo vet\u00ebm p\u00ebr t\u00eb arritur rezultate t\u00eb reja e cil\u00ebsore, por edhe p\u00ebr t\u00eb zbatuar programe funksionale edukative, arsimore dhe shkencore. Fakulteti i Studimeve Islame, gjat\u00eb hartimit t\u00eb plan-programeve, \u00ebsht\u00eb bazuar edhe n\u00eb plan-programet e Fakulteteve t\u00eb Studimeve Islame n\u00eb rajon dhe t\u00eb atyre n\u00eb Bot\u00ebn Islame, t\u00eb adaptuara p\u00ebr kushtet dhe rrethanat n\u00eb Kosov\u00eb.<\/p>\n<p>Fakulteti i Studimeve Islame \u00ebsht\u00eb akredituar m\u00eb dt. 06. 07. 2012 p\u00ebr tre vjet me vendim num\u00ebr 432\/12 i l\u00ebshuar me 09.07.2012.<\/p>\n\r\n\t<\/div><\/div><div class=\"edukul-simple-image\" data-reveal=\"true\" data-reveal-options='{\"direction\":\"lr\",\"bgcolor\":\"#6394bf\"}' >\r\n\t\t\t\t<figure style=\"\"><img decoding=\"async\" alt=\"image\" src=\"https:\/\/fsi-edu.net\/wp-content\/uploads\/2021\/09\/fsibg-scaled-e1632002478447.jpg\" \/> <\/figure>\r\n\t\t\t<\/div><div class=\"smile_icon_list_wrap ult_info_list_container ult-adjust-bottom-margin\"><ul class=\"smile_icon_list left square with_bg\"><li class=\"icon_list_item\" style=\" font-size:72px;\"><div class=\"icon_list_icon\" data-animation=\"pulse\" data-animation-delay=\"03\" style=\"font-size:24px;border-width:1px;border-style:none;background:#ffffff;color:#333333;border-color:#333333;\"><i class=\"Defaults-bank institution university\" ><\/i><\/div><div class=\"icon_description\" id=\"Info-list-wrap-4352\" style=\"font-size:24px;\"><div class=\"icon_description_text ult-responsive\"  data-ultimate-target='#Info-list-wrap-4352 .icon_description_text'  data-responsive-json-new='{\"font-size\":\"desktop:13px;\",\"line-height\":\"desktop:18px;\"}'  style=\"\"><p>Nd\u00ebrtesa e FSI-s\u00eb \u00ebsht\u00eb shum\u00eb funksionale dhe ka gjith\u00e7ka q\u00eb \u00ebsht\u00eb e nevojshme p\u00ebr pun\u00eb cil\u00ebsore. Nd\u00ebrtesa \u00ebsht\u00eb e pajisur me mjetet m\u00eb moderne t\u00eb m\u00ebsimdh\u00ebnies dhe t\u00eb m\u00ebsimnx\u00ebnies,q\u00eb ofrojn\u00eb kushte p\u00ebr nj\u00eb proces m\u00ebsimor cil\u00ebsor. Profesor\u00ebt kan\u00eb kabinetet e tyre, ku mund t\u00eb p\u00ebrdaten p\u00ebr ligj\u00ebrata dhe t\u00eb zhvillojn\u00eb pun\u00eb shkencore , p\u00ebr takime me student\u00eb p\u00ebr t\u00eb kryer pun\u00eb t\u00eb tjera q\u00eb i p\u00ebrkasin pedagogut. Duhet t\u00eb theksohet se rregulli dhe past\u00ebrtia n\u00eb t\u00eb gjitha ambientet e fakultetit \u00ebsht\u00eb n\u00eb nivelin m\u00eb t\u00eb lart\u00eb t\u00eb mundsh\u00ebm.<\/p>\n<p>Hap\u00ebsira e p\u00ebrgjithshme e Fakultetit te Studimeve Islame \u00ebsht\u00eb 3. 474. 08 metra katror<\/p>\n<\/div><\/div><div class=\"icon_list_connector\"  style=\"border-right-width: 1px;border-right-style: dashed;border-color: #333333;\"><\/div><\/li><li class=\"icon_list_item\" style=\" font-size:72px;\"><div class=\"icon_list_icon\" data-animation=\"\" data-animation-delay=\"03\" style=\"font-size:24px;border-width:1px;border-style:none;background:#ffffff;color:#333333;border-color:#333333;\"><i class=\"Defaults-book\" ><\/i><\/div><div class=\"icon_description\" id=\"Info-list-wrap-5339\" style=\"font-size:24px;\"><div class=\"icon_description_text ult-responsive\"  data-ultimate-target='#Info-list-wrap-5339 .icon_description_text'  data-responsive-json-new='{\"font-size\":\"desktop:13px;\",\"line-height\":\"desktop:18px;\"}'  style=\"\"><p>Fakulteti i Studimeve Islame i Prishtin\u00ebs ka nj\u00eb bibliotek\u00eb mjaft t\u00eb pasur \u2013 me 10.000 (dhjet\u00eb mij\u00eb) libra me 7.000 (shtat\u00eb mij\u00eb) tituj t\u00eb ndrysh\u00ebm dhe disa qindra punime diplomash, q\u00eb t\u00ebr\u00eb koh\u00ebn jan\u00eb n\u00eb dispozicion t\u00eb student\u00ebve.<\/p>\n<p>Gjithashtu ekziston edhe nj\u00eb projekt nd\u00ebrkomb\u00ebtar bashk\u00ebpunimi n\u00eb mes t\u00eb Fakultetit t\u00eb Studimeve Islame t\u00eb Prishtin\u00ebs dhe nj\u00eb nga bibliotekat m\u00eb t\u00eb m\u00ebdha bot\u00ebrore \u2013 Bibliotek\u00ebs Aleksandria t\u00eb Egjiptit.<\/p>\n<\/div><\/div><div class=\"icon_list_connector\"  style=\"border-right-width: 1px;border-right-style: dashed;border-color: #333333;\"><\/div><\/li><\/ul><\/div><\/div><\/div><\/div><\/div><\/div><\/section><\/div><div class=\"vc-custom-col-spacing clearfix vc-col-spacing-30\"><section class=\"wpb_row vc_row-fluid vc_custom_1574406428111 vc_row-has-fill row-content-position-Default\"><div class=\"edukul-container\"><div class=\"row-inner clearfix\"><div class=\"wpb_column vc_column_container vc_col-sm-12\"><div class=\"vc_column-inner\"><div class=\"wpb_wrapper\">\r\n\t<div class=\"edukul-spacer clearfix\" data-desktop=\"70\" data-mobi=\"30\" data-smobi=\"15\"><\/div><div class=\"edukul-headings clearfix text-center wow fadeInUp\"  data-wow-duration=\"0.75s\" data-wow-delay=\"0.3s\" style=\"\"><h2 class=\"heading clearfix\" style=\"color:#ffffff;\">\r\n\t\tOur Programs\r\n\t<\/h2><\/div><div class=\"edukul-content-box clearfix\" ><div class=\"vc-custom-col-inner-spacing clearfix vc-col-inner-spacing-30\"><div class=\"wpb_row vc_inner vc_row-fluid\"><div class=\"wpb_column vc_column_container vc_col-sm-3\"><div class=\"vc_column-inner\"><div class=\"wpb_wrapper\"><div class=\"edukul-content-box clearfix\" data-padding=\"32px 45px 32px 45px\" data-mobipadding=\"32px 45px 32px 45px\" data-margin=\"\" data-mobimargin=\"\" >\r\n\t\t<div class=\"inner ctb-291566444\" style=\"background-position:left top;background-repeat:no-repeat;\"  data-background=\"#1c2156\" data-translatey=\"-5\">\r\n\t\t\t<div class=\"edukul-icon-box clearfix icon-top align-left  simple\" style=\"\" ><div class=\"wrap-inner\" style=\"position: relative;\"><div class=\"edukul-icon icon-601220736 accent custom\"  data-background=\"\">\r\n\t\t\t\t<span class=\"icon\" style=\"font-size:40px;border-style:solid;line-height:40px;\"><i class=\"eduk-book\"><\/i><\/span>\r\n\t\t\t<\/div> <h3 class=\"heading  white\" style=\"color:#ffffff;font-size:18px;line-height:26px;margin-top:26px;margin-bottom:13px;\">\r\n\t\t\t<span>Bachelor n\u00eb Teologji Islame<\/span>\r\n\t\t<\/h3><div class=\"desc\" style=\"color:#c1c2d0;font-size:14px;line-height:30px;\"><p>Ky program ka filluar q\u00eb nga themelimi i FSI-s\u00eb<\/p>\n<\/div> <\/div><\/div>\r\n\t\t<\/div>\r\n\t<\/div><\/div><\/div><\/div><div class=\"wpb_column vc_column_container vc_col-sm-3\"><div class=\"vc_column-inner\"><div class=\"wpb_wrapper\"><div class=\"edukul-content-box clearfix\" data-padding=\"32px 45px 32px 45px\" data-mobipadding=\"32px 45px 32px 45px\" data-margin=\"\" data-mobimargin=\"\" >\r\n\t\t<div class=\"inner ctb-437930391\" style=\"background-position:left top;background-repeat:no-repeat;\"  data-background=\"#1c2156\" data-translatey=\"-5\">\r\n\t\t\t<div class=\"edukul-icon-box clearfix icon-top align-left  simple\" style=\"\" ><div class=\"wrap-inner\" style=\"position: relative;\"><div class=\"edukul-icon icon-374939230 accent custom\"  data-background=\"\">\r\n\t\t\t\t<span class=\"icon\" style=\"font-size:40px;border-style:solid;line-height:40px;\"><i class=\"eduk-book-open\"><\/i><\/span>\r\n\t\t\t<\/div> <h3 class=\"heading  white\" style=\"color:#ffffff;font-size:18px;line-height:26px;margin-top:26px;margin-bottom:13px;\">\r\n\t\t\t<span>Bachelor n\u00eb Pedagogji Islame<\/span>\r\n\t\t<\/h3><div class=\"desc\" style=\"color:#c1c2d0;font-size:14px;line-height:30px;\"><p>Programi i ri i akredituar n\u00eb vitin 2021<\/p>\n<\/div> <\/div><\/div>\r\n\t\t<\/div>\r\n\t<\/div><\/div><\/div><\/div><div class=\"wpb_column vc_column_container vc_col-sm-3\"><div class=\"vc_column-inner\"><div class=\"wpb_wrapper\"><div class=\"edukul-content-box clearfix\" data-padding=\"32px 45px 32px 45px\" data-mobipadding=\"32px 45px 32px 45px\" data-margin=\"\" data-mobimargin=\"\" >\r\n\t\t<div class=\"inner ctb-1040921541\" style=\"background-position:left top;background-repeat:no-repeat;\"  data-background=\"#1c2156\" data-translatey=\"-5\">\r\n\t\t\t<div class=\"edukul-icon-box clearfix icon-top align-left  simple\" style=\"\" ><div class=\"wrap-inner\" style=\"position: relative;\"><div class=\"edukul-icon icon-1374635831 accent custom\"  data-background=\"\">\r\n\t\t\t\t<span class=\"icon\" style=\"font-size:40px;border-style:solid;line-height:40px;\"><i class=\"eduk-graduation-cap\"><\/i><\/span>\r\n\t\t\t<\/div> <h3 class=\"heading  white\" style=\"color:#ffffff;font-size:18px;line-height:26px;margin-top:26px;margin-bottom:13px;\">\r\n\t\t\t<span>MA n\u00eb studimet Islami dhe Evropa<\/span>\r\n\t\t<\/h3><div class=\"desc\" style=\"color:#c1c2d0;font-size:14px;line-height:30px;\"><p>Ky program zgjat 2 vjet<\/p>\n<\/div> <\/div><\/div>\r\n\t\t<\/div>\r\n\t<\/div><\/div><\/div><\/div><\/div><\/div><\/div>\r\n\t<div class=\"edukul-spacer clearfix\" data-desktop=\"295\" data-mobi=\"230\" data-smobi=\"230\"><\/div><\/div><\/div><\/div><\/div><\/div><\/section><\/div><div class=\"vc-custom-col-spacing clearfix vc-col-spacing-30\"><section class=\"wpb_row vc_row-fluid overflow-inherit no-padding row-content-position-Default\"><div class=\"row-inner clearfix\"><div class=\"wpb_column vc_column_container vc_col-sm-12\"><div class=\"vc_column-inner\"><div class=\"wpb_wrapper\"><div class=\"edukul-content-box clearfix\" data-padding=\"80px 100px 80px 100px\" data-mobipadding=\"60px 60px 60px 60px\" data-margin=\"-165px 13% 0 13%\" data-mobimargin=\"-165px 8% 0 8%\" >\r\n\t\t<div class=\"inner ctb-816304338\" style=\"background-image:url(https:\/\/fsi-edu.net\/wp-content\/uploads\/2019\/11\/box-bg.png);background-position:left top;background-repeat:no-repeat;background-size:cover;\"  data-background=\"\">\r\n\t\t\t<div class=\"edukul-grid-box clearfix grid4 border-light v-30 h-30 no-borders\" data-grid=\"4\" >\r\n\t\t<div class=\"edukul-counter clearfix style-1 text-center\"  data-font=\"55\"><div class=\"inner\"><div class=\"icon-wrap\"><div class=\"icon  accent\" style=\"font-size:40px; line-height: normal;\"><i class=\"eduk-users\"><\/i><\/div><\/div><div class=\"text-wrap\"><h3 class=\"number-wrap heading\" style=\"color:#ffffff;margin-top:10px;font-size:55px;\"><span class=\"prefix\" style=\"\"><\/span><span class=\"number\" data-speed=\"5000\" data-from=\"0\" data-to=\"881\"> 881<\/span><span class=\"suffix\" style=\"color:#ffffff;\">+<\/span><\/h3><div class=\"title\" style=\"color:#ffffff;font-size:18px;\">\r\n\t\tT\u00eb diplomuar\r\n\t<\/div><\/div><\/div><\/div><div class=\"edukul-counter clearfix style-1 text-center\"  data-font=\"55\"><div class=\"inner\"><div class=\"icon-wrap\"><div class=\"icon  accent\" style=\"font-size:40px; line-height: normal;\"><i class=\"eduk-user-graduate\"><\/i><\/div><\/div><div class=\"text-wrap\"><h3 class=\"number-wrap heading\" style=\"color:#ffffff;margin-top:10px;font-size:55px;\"><span class=\"prefix\" style=\"\"><\/span><span class=\"number\" data-speed=\"5000\" data-from=\"0\" data-to=\"30\"> 30<\/span><span class=\"suffix\" style=\"color:#ffffff;\"><\/span><\/h3><div class=\"title\" style=\"color:#ffffff;font-size:18px;\">\r\n\t\tMA Graduate Students\r\n\t<\/div><\/div><\/div><\/div><div class=\"edukul-counter clearfix style-1 text-center\"  data-font=\"55\"><div class=\"inner\"><div class=\"icon-wrap\"><div class=\"icon  accent\" style=\"font-size:40px; line-height: normal;\"><i class=\"eduk-trophy-alt\"><\/i><\/div><\/div><div class=\"text-wrap\"><h3 class=\"number-wrap heading\" style=\"color:#ffffff;margin-top:10px;font-size:55px;\"><span class=\"prefix\" style=\"\"><\/span><span class=\"number\" data-speed=\"5000\" data-from=\"0\" data-to=\"75\"> 75<\/span><span class=\"suffix\" style=\"color:#ffffff;\"><\/span><\/h3><div class=\"title\" style=\"color:#ffffff;font-size:18px;\">\r\n\t\tACKNOWLEDGMENT\r\n\t<\/div><\/div><\/div><\/div><div class=\"edukul-counter clearfix style-1 text-center\"  data-font=\"55\"><div class=\"inner\"><div class=\"icon-wrap\"><div class=\"icon  accent\" style=\"font-size:40px; line-height: normal;\"><i class=\"eduk-laptop-code\"><\/i><\/div><\/div><div class=\"text-wrap\"><h3 class=\"number-wrap heading\" style=\"color:#ffffff;margin-top:10px;font-size:55px;\"><span class=\"prefix\" style=\"\"><\/span><span class=\"number\" data-speed=\"5000\" data-from=\"0\" data-to=\"907\"> 907<\/span><span class=\"suffix\" style=\"color:#ffffff;\"><\/span><\/h3><div class=\"title\" style=\"color:#ffffff;font-size:18px;\">\r\n\t\tPunime shkencore\r\n\t<\/div><\/div><\/div><\/div>\n\r\n\t<\/div>\r\n\t\t<\/div>\r\n\t<\/div><\/div><\/div><\/div><\/div><\/section><\/div><div class=\"vc-custom-col-spacing clearfix vc-col-spacing-30\"><section class=\"wpb_row vc_row-fluid row-content-position-Default\"><div class=\"edukul-container\"><div class=\"row-inner clearfix\"><div class=\"wpb_column vc_column_container vc_col-sm-12\"><div class=\"vc_column-inner\"><div class=\"wpb_wrapper\">\r\n\t<div class=\"edukul-spacer clearfix\" data-desktop=\"70\" data-mobi=\"30\" data-smobi=\"30\"><\/div><div class=\"edukul-content-box clearfix\" ><div class=\"vc-custom-col-inner-spacing clearfix vc-col-inner-spacing-30\"><div class=\"wpb_row vc_inner vc_row-fluid\"><div class=\"wpb_column vc_column_container vc_col-sm-8\"><div class=\"vc_column-inner\"><div class=\"wpb_wrapper\">\r\n\t<div class=\"edukul-spacer clearfix\" data-desktop=\"10\" data-mobi=\"10\" data-smobi=\"10\"><\/div><div class=\"edukul-headings clearfix\" data-font=\"55\" data-mfont=\"36\" style=\"\"><h2 class=\"heading clearfix\" style=\"max-width:450px;font-size:55px;\">\r\n\t\tAcademic Staff\r\n\t<\/h2><\/div><\/div><\/div><\/div><div class=\"wpb_column vc_column_container vc_col-sm-4\"><div class=\"vc_column-inner\"><div class=\"wpb_wrapper\">\r\n\t<div class=\"edukul-spacer clearfix\" data-desktop=\"100\" data-mobi=\"60\" data-smobi=\"60\"><\/div><div class=\"edukul-align-box text-right hide-on-mobile\"><div class=\"button-wrap icon-right\" style=\"\" ><a href=\"https:\/\/fsi-edu.net\/en\/stafi\/\" target=\"_self\" class=\"edukul-button btn-395336465 medium icon_style_1 accent custom\" style=\"border-radius:5px;\"  data-text=\"#ffffff\">\r\n\t\t<span style=\"\">More ... <\/span>\r\n\t<\/a><\/div><\/div><\/div><\/div><\/div><\/div><\/div><\/div>\r\n\t<div class=\"edukul-spacer clearfix\" data-desktop=\"65\" data-mobi=\"45\" data-smobi=\"45\"><\/div>\r\n\t<div class=\"edukul-spacer clearfix\" data-desktop=\"120\" data-mobi=\"60\" data-smobi=\"60\"><\/div><\/div><\/div><\/div><\/div><\/div><\/section><\/div>\n<\/div>","protected":false},"excerpt":{"rendered":"Historiku Fakulteti i Studimeve Islame i Prishtin\u00ebs \u00ebsht\u00eb themeluar me vendimin nr. 443 t\u00eb Kuvendit t\u00eb Bashk\u00ebsis\u00eb Islame t\u00eb Republik\u00ebs s\u00eb Kosov\u00ebs, dat\u00eb 15.08.1992. Pun\u00ebn e ka filluar n\u00eb vitin akademik 1992\/93, si nj\u00ebsi universitare,","protected":false},"author":1,"featured_media":0,"parent":0,"menu_order":0,"comment_status":"closed","ping_status":"closed","template":"","meta":{"footnotes":""},"class_list":["post-13409","page","type-page","status-publish","hentry"],"_links":{"self":[{"href":"https:\/\/fsi-edu.net\/en\/wp-json\/wp\/v2\/pages\/13409","targetHints":{"allow":["GET"]}}],"collection":[{"href":"https:\/\/fsi-edu.net\/en\/wp-json\/wp\/v2\/pages"}],"about":[{"href":"https:\/\/fsi-edu.net\/en\/wp-json\/wp\/v2\/types\/page"}],"author":[{"embeddable":true,"href":"https:\/\/fsi-edu.net\/en\/wp-json\/wp\/v2\/users\/1"}],"replies":[{"embeddable":true,"href":"https:\/\/fsi-edu.net\/en\/wp-json\/wp\/v2\/comments?post=13409"}],"version-history":[{"count":0,"href":"https:\/\/fsi-edu.net\/en\/wp-json\/wp\/v2\/pages\/13409\/revisions"}],"wp:attachment":[{"href":"https:\/\/fsi-edu.net\/en\/wp-json\/wp\/v2\/media?parent=13409"}],"curies":[{"name":"wp","href":"https:\/\/api.w.org\/{rel}","templated":true}]}}