{"id":20397,"date":"2021-10-20T12:51:05","date_gmt":"2021-10-20T11:51:05","guid":{"rendered":"https:\/\/fsi-edu.net\/?page_id=20397"},"modified":"2026-03-27T08:36:10","modified_gmt":"2026-03-27T07:36:10","slug":"orari-i-mesimit-ba","status":"publish","type":"page","link":"https:\/\/fsi-edu.net\/en\/orari-i-mesimit-ba\/","title":{"rendered":"Orari i m\u00ebsimit -BA"},"content":{"rendered":"<p>Orari i vitit akademik 2025-2026 &#8211; semestri pranveror<\/p>\n\n\n\n<p>V\u00ebrejtje: <strong>Orari \u00ebsht\u00eb p\u00ebrdit\u00ebsuar m\u00eb: 25.02.2026<\/strong> &#8211; <strong>14:00<\/strong><\/p>\n\n\n\n<div data-wp-interactive=\"core\/file\" class=\"wp-block-file\"><object data-wp-bind--hidden=\"!state.hasPdfPreview\" hidden class=\"wp-block-file__embed\" data=\"https:\/\/fsi-edu.net\/wp-content\/uploads\/2026\/03\/Orari-2025-2026-sem-II-1.pdf\" type=\"application\/pdf\" style=\"width:100%;height:600px\" aria-label=\"Embed of Orari 2025-2026, sem II,.\"><\/object><a id=\"wp-block-file--media-ab418c0c-460f-4f93-8946-4e4c945acdc2\" href=\"https:\/\/fsi-edu.net\/wp-content\/uploads\/2026\/03\/Orari-2025-2026-sem-II-1.pdf\">Orari 2025-2026, sem II,<\/a><a href=\"https:\/\/fsi-edu.net\/wp-content\/uploads\/2026\/03\/Orari-2025-2026-sem-II-1.pdf\" class=\"wp-block-file__button wp-element-button\" download aria-describedby=\"wp-block-file--media-ab418c0c-460f-4f93-8946-4e4c945acdc2\">Shkarkoje<\/a><\/div>\n\n\n\n<p class=\"has-text-align-center has-vivid-red-color has-text-color has-link-color wp-elements-ea4fcc9eb9c87c98ad4be583710f7f05\"><\/p>","protected":false},"excerpt":{"rendered":"<p>Orari i vitit akademik 2025-2026 &#8211; semestri pranveror V\u00ebrejtje: Orari \u00ebsht\u00eb p\u00ebrdit\u00ebsuar m\u00eb: 25.02.2026 &#8211; 14:00<\/p>","protected":false},"author":1,"featured_media":0,"parent":0,"menu_order":0,"comment_status":"closed","ping_status":"closed","template":"","meta":{"footnotes":""},"class_list":["post-20397","page","type-page","status-publish","hentry"],"_links":{"self":[{"href":"https:\/\/fsi-edu.net\/en\/wp-json\/wp\/v2\/pages\/20397","targetHints":{"allow":["GET"]}}],"collection":[{"href":"https:\/\/fsi-edu.net\/en\/wp-json\/wp\/v2\/pages"}],"about":[{"href":"https:\/\/fsi-edu.net\/en\/wp-json\/wp\/v2\/types\/page"}],"author":[{"embeddable":true,"href":"https:\/\/fsi-edu.net\/en\/wp-json\/wp\/v2\/users\/1"}],"replies":[{"embeddable":true,"href":"https:\/\/fsi-edu.net\/en\/wp-json\/wp\/v2\/comments?post=20397"}],"version-history":[{"count":20,"href":"https:\/\/fsi-edu.net\/en\/wp-json\/wp\/v2\/pages\/20397\/revisions"}],"predecessor-version":[{"id":28512,"href":"https:\/\/fsi-edu.net\/en\/wp-json\/wp\/v2\/pages\/20397\/revisions\/28512"}],"wp:attachment":[{"href":"https:\/\/fsi-edu.net\/en\/wp-json\/wp\/v2\/media?parent=20397"}],"curies":[{"name":"wp","href":"https:\/\/api.w.org\/{rel}","templated":true}]}}