{"id":20411,"date":"2021-10-20T13:27:58","date_gmt":"2021-10-20T12:27:58","guid":{"rendered":"https:\/\/fsi-edu.net\/?page_id=20411"},"modified":"2026-04-17T09:52:21","modified_gmt":"2026-04-17T07:52:21","slug":"orari-i-konsultimeve-ba","status":"publish","type":"page","link":"https:\/\/fsi-edu.net\/en\/orari-i-konsultimeve-ba\/","title":{"rendered":"Orari i konsultimeve &#8211; BA"},"content":{"rendered":"<p class=\"has-text-align-center has-medium-font-size\"><strong><code>Afati i prillit - 2025\/26<\/code><\/strong><\/p>\n\n\n\n<ul class=\"wp-block-list\">\n<li class=\"has-medium-font-size\"><strong>Viti i I-r\u00eb<\/strong><\/li>\n<\/ul>\n\n\n\n<p><strong>Kur\u2019an I:<\/strong> Provimi me goj\u00eb mbahet: Me 16.04.2026 (e enjte) prej or\u00ebs 12:00 (p\u00ebr student\u00ebt e rregullt), kurse p\u00ebr (student\u00ebt me korespondenc\u00eb) prej or\u00ebs 13:30.<br>Vet\u00ebm studentet q\u00eb kan\u00eb marr mbi (50 pik\u00eb) e fitojn\u00eb t\u00eb drejt\u00ebn me hy n\u00eb provim me goj\u00eb.<\/p>\n\n\n\n<p><strong>Fikh Ibadat:<\/strong> <\/p>\n\n\n\n<p><strong>Gjuh\u00eb arabe I:<\/strong><\/p>\n\n\n\n<p><strong>Gjuh\u00eb shqipe:<\/strong><\/p>\n\n\n\n<p><strong>Stili i Shkrimit Akademik:<\/strong><\/p>\n\n\n\n<p><strong>Historia e s\u00eb Drejt\u00ebs s\u00eb Sheriatit:<\/strong> <\/p>\n\n\n\n<p><strong>Tefsir I &#8211; Studime mbi Kuranin:<\/strong> <\/p>\n\n\n\n<p><strong>Hadith I &#8211; Terminologjia e Hadithit:<\/strong> <\/p>\n\n\n\n<p><strong>Akaid I &#8211; Besimi n\u00eb kushtet e Imanit: <\/strong><\/p>\n\n\n\n<p><strong>Gjuh\u00eb angleze &#8211; Elementary:<\/strong> <\/p>\n\n\n\n<p><strong>Islami dhe Evropa:<\/strong><\/p>\n\n\n\n<p><strong>Gjuh\u00eb turke:<\/strong><\/p>\n\n\n\n<ul class=\"wp-block-list\">\n<li class=\"has-medium-font-size\"><strong>Viti i II-t\u00eb<\/strong><\/li>\n<\/ul>\n\n\n\n<p><strong>Akaid II &#8211; Parimet e Besimit:<\/strong> <\/p>\n\n\n\n<p><strong>Gjuh\u00eb arabe II:<\/strong> <\/p>\n\n\n\n<p><strong>Tefsir II &#8211; Metodologjia e komentimit t\u00eb Kuranit:<\/strong> <\/p>\n\n\n\n<p><strong>Hadith II &#8211; Studime n\u00eb librat e hadithit:<\/strong> <\/p>\n\n\n\n<p><strong>Da&#8217;ve:<\/strong> <\/p>\n\n\n\n<p><strong>Gjuh\u00eb angleze \u2013 Pre-Intermediate:<\/strong> <\/p>\n\n\n\n<p><strong>Kur\u2019an II:<\/strong> Provimi me goj\u00eb mbahet me dat\u00ebn 21.04.2026 e Mart\u00eb nga ora 12:30 tek salla nr 2<\/p>\n\n\n\n<p><strong>E Drejta Familjare n\u00eb Islam:<\/strong> <\/p>\n\n\n\n<p><strong>Sire I &#8211; Periudha mekase:<\/strong> <\/p>\n\n\n\n<p><strong>Hyrje n\u00eb filozofi t\u00eb p\u00ebrgjithshme dhe at\u00eb Islame:<\/strong> <\/p>\n\n\n\n<p><strong>Let\u00ebrsi shqipe:<\/strong> <\/p>\n\n\n\n<p><strong>Gjuh\u00eb angleze \u2013 Intermediate:<\/strong> <\/p>\n\n\n\n<ul class=\"wp-block-list\">\n<li class=\"has-medium-font-size\"> <strong>Viti i III-t\u00eb<\/strong><\/li>\n<\/ul>\n\n\n\n<p><strong>Kur\u2019an III<\/strong>: <\/p>\n\n\n\n<p><strong>Tefsir III &#8211; Studime analitike rreth teksteve t\u00eb tefsireve<\/strong>:<\/p>\n\n\n\n<p><strong>Hadith III &#8211; Kritika n\u00eb hadith<\/strong>:<\/p>\n\n\n\n<p><strong>Sire II &#8211; Periudha medinase<\/strong>:<\/p>\n\n\n\n<p><strong>E Drejta Civile Islame<\/strong>: <\/p>\n\n\n\n<p><strong>E Drejta Civile<\/strong>: <\/p>\n\n\n\n<p><strong>Ekonomi Islame<\/strong>: <\/p>\n\n\n\n<p><strong>Akaid III &#8211; Shkollat dhe sektet Islame<\/strong>:<\/p>\n\n\n\n<p><strong>Gjuh\u00eb arabe III &#8211; Sintaks\u00eb dhe konverzacion<\/strong>: <\/p>\n\n\n\n<p><strong>Usuli-Fik\u2019h \u2013 Bazat e s\u00eb Drejt\u00ebs Islame<\/strong>:<\/p>\n\n\n\n<p><strong>Sociologji<\/strong>:<\/p>\n\n\n\n<p><strong>Pedagogy<\/strong>:<\/p>\n\n\n\n<p><strong>Historiku i Institucioneve t\u00eb BIK-ut:<\/strong><\/p>\n\n\n\n<ul class=\"wp-block-list\">\n<li class=\"has-medium-font-size\"><strong>Viti i IV-t\u00eb<\/strong><\/li>\n<\/ul>\n\n\n\n<p><strong>Gjuh\u00eb arabe IV<\/strong>:<\/p>\n\n\n\n<p><strong>Akaid IV &#8211; Studim krahasimtar<\/strong>:<\/p>\n\n\n\n<p><strong>Qytet\u00ebrim Islam<\/strong>: <\/p>\n\n\n\n<p><strong>Historia e religjioneve<\/strong>: <\/p>\n\n\n\n<p><strong>Institucioni i Vak\u00ebfit:<\/strong><\/p>\n\n\n\n<p><strong>Misticizmi<\/strong>:<\/p>\n\n\n\n<p><strong>Gruaja dhe shoq\u00ebria<\/strong>: <\/p>\n\n\n\n<p><strong>Kur\u2019an IV<\/strong>: <\/p>\n\n\n\n<p><strong>Fikh IV \u2013 E Drejta Penale<\/strong>: <\/p>\n\n\n\n<p><strong>Dispozitat e Hadithit<\/strong>:<\/p>\n\n\n\n<p><strong>Tefsir IV &#8211; Komentimi tematik i Kuranit<\/strong>:<\/p>\n\n\n\n<p><strong>Objektivat e t\u00eb Drejt\u00ebs Islame<\/strong>: <\/p>\n\n\n\n<p><strong>Bazat e komunikimit:<\/strong> <\/p>","protected":false},"excerpt":{"rendered":"<p>Afati i prillit &#8211; 2025\/26 Kur\u2019an I: Provimi me goj\u00eb mbahet: Me 16.04.2026 (e enjte) prej or\u00ebs 12:00 (p\u00ebr student\u00ebt e rregullt), kurse p\u00ebr (student\u00ebt me korespondenc\u00eb) prej or\u00ebs 13:30.Vet\u00ebm studentet q\u00eb kan\u00eb marr mbi<\/p>","protected":false},"author":1,"featured_media":0,"parent":0,"menu_order":0,"comment_status":"closed","ping_status":"closed","template":"","meta":{"footnotes":"[]"},"class_list":["post-20411","page","type-page","status-publish","hentry"],"_links":{"self":[{"href":"https:\/\/fsi-edu.net\/en\/wp-json\/wp\/v2\/pages\/20411","targetHints":{"allow":["GET"]}}],"collection":[{"href":"https:\/\/fsi-edu.net\/en\/wp-json\/wp\/v2\/pages"}],"about":[{"href":"https:\/\/fsi-edu.net\/en\/wp-json\/wp\/v2\/types\/page"}],"author":[{"embeddable":true,"href":"https:\/\/fsi-edu.net\/en\/wp-json\/wp\/v2\/users\/1"}],"replies":[{"embeddable":true,"href":"https:\/\/fsi-edu.net\/en\/wp-json\/wp\/v2\/comments?post=20411"}],"version-history":[{"count":31,"href":"https:\/\/fsi-edu.net\/en\/wp-json\/wp\/v2\/pages\/20411\/revisions"}],"predecessor-version":[{"id":28767,"href":"https:\/\/fsi-edu.net\/en\/wp-json\/wp\/v2\/pages\/20411\/revisions\/28767"}],"wp:attachment":[{"href":"https:\/\/fsi-edu.net\/en\/wp-json\/wp\/v2\/media?parent=20411"}],"curies":[{"name":"wp","href":"https:\/\/api.w.org\/{rel}","templated":true}]}}