{"id":20417,"date":"2021-10-20T13:31:18","date_gmt":"2021-10-20T12:31:18","guid":{"rendered":"https:\/\/fsi-edu.net\/?page_id=20417"},"modified":"2026-04-17T09:51:27","modified_gmt":"2026-04-17T07:51:27","slug":"rezultatet-e-provimeve-ba","status":"publish","type":"page","link":"https:\/\/fsi-edu.net\/en\/rezultatet-e-provimeve-ba\/","title":{"rendered":"Rezultatet e provimeve &#8211; BA"},"content":{"rendered":"<p class=\"has-text-align-center has-vivid-red-color has-text-color has-link-color has-large-font-size wp-elements-dc269d42b050887fe5a1c49cb0f0dbbb\"><strong>Afati i prillit 2025-2026<\/strong><\/p>\n\n\n\n<p class=\"has-text-align-center\" style=\"font-size:20px\"><strong>P\u00ebr dat\u00ebn e konsultimeve <a href=\"https:\/\/fsi-edu.net\/en\/orari-i-konsultimeve-ba\/\" data-type=\"link\" data-id=\"https:\/\/fsi-edu.net\/orari-i-konsultimeve-ba\/\"><em>kliko k\u00ebtu<\/em><\/a><\/strong><\/p>\n\n\n\n<p><strong>Rezultatet i gjeni n\u00eb SIMS<\/strong><\/p>\n\n\n\n<p><strong>Viti i I-r\u00eb<\/strong><\/p>\n\n\n\n<div class=\"wp-block-file\"><a id=\"wp-block-file--media-45248620-961c-4cd6-929a-2cd3ace18c73\" href=\"https:\/\/fsi-edu.net\/wp-content\/uploads\/2026\/04\/Rezultatet-e-provimit-afati-i-Prillit-KURAN-I-13.4.2026-.docx\">Kuran I<\/a><a href=\"https:\/\/fsi-edu.net\/wp-content\/uploads\/2026\/04\/Rezultatet-e-provimit-afati-i-Prillit-KURAN-I-13.4.2026-.docx\" class=\"wp-block-file__button wp-element-button\" download aria-describedby=\"wp-block-file--media-45248620-961c-4cd6-929a-2cd3ace18c73\">Shkarkoje<\/a><\/div>\n\n\n\n<p><\/p>\n\n\n\n<p><strong>Viti i II-t\u00eb<\/strong><\/p>\n\n\n\n<div class=\"wp-block-file\"><a id=\"wp-block-file--media-48fce50c-d80c-4645-8d0a-f10b985337e0\" href=\"https:\/\/fsi-edu.net\/wp-content\/uploads\/2026\/04\/Kuran-II-1.docx\">Kuran II<\/a><a href=\"https:\/\/fsi-edu.net\/wp-content\/uploads\/2026\/04\/Kuran-II-1.docx\" class=\"wp-block-file__button wp-element-button\" download aria-describedby=\"wp-block-file--media-48fce50c-d80c-4645-8d0a-f10b985337e0\">Shkarkoje<\/a><\/div>\n\n\n\n<p><\/p>\n\n\n\n<p><strong>Viti i III-t\u00eb<\/strong><\/p>\n\n\n\n<p><\/p>\n\n\n\n<p><strong>Viti i IV-t\u00eb<\/strong><\/p>","protected":false},"excerpt":{"rendered":"<p>Afati i prillit 2025-2026 P\u00ebr dat\u00ebn e konsultimeve kliko k\u00ebtu Rezultatet i gjeni n\u00eb SIMS Viti i I-r\u00eb Viti i II-t\u00eb Viti i III-t\u00eb Viti i IV-t\u00eb<\/p>","protected":false},"author":1,"featured_media":0,"parent":0,"menu_order":0,"comment_status":"closed","ping_status":"closed","template":"","meta":{"footnotes":""},"class_list":["post-20417","page","type-page","status-publish","hentry"],"_links":{"self":[{"href":"https:\/\/fsi-edu.net\/en\/wp-json\/wp\/v2\/pages\/20417","targetHints":{"allow":["GET"]}}],"collection":[{"href":"https:\/\/fsi-edu.net\/en\/wp-json\/wp\/v2\/pages"}],"about":[{"href":"https:\/\/fsi-edu.net\/en\/wp-json\/wp\/v2\/types\/page"}],"author":[{"embeddable":true,"href":"https:\/\/fsi-edu.net\/en\/wp-json\/wp\/v2\/users\/1"}],"replies":[{"embeddable":true,"href":"https:\/\/fsi-edu.net\/en\/wp-json\/wp\/v2\/comments?post=20417"}],"version-history":[{"count":44,"href":"https:\/\/fsi-edu.net\/en\/wp-json\/wp\/v2\/pages\/20417\/revisions"}],"predecessor-version":[{"id":28766,"href":"https:\/\/fsi-edu.net\/en\/wp-json\/wp\/v2\/pages\/20417\/revisions\/28766"}],"wp:attachment":[{"href":"https:\/\/fsi-edu.net\/en\/wp-json\/wp\/v2\/media?parent=20417"}],"curies":[{"name":"wp","href":"https:\/\/api.w.org\/{rel}","templated":true}]}}