{"id":20479,"date":"2021-10-21T09:02:27","date_gmt":"2021-10-21T08:02:27","guid":{"rendered":"https:\/\/fsi-edu.net\/?page_id=20479"},"modified":"2026-04-17T10:46:17","modified_gmt":"2026-04-17T08:46:17","slug":"syllabuset-ba","status":"publish","type":"page","link":"https:\/\/fsi-edu.net\/en\/syllabuset-ba\/","title":{"rendered":"Syllabuset &#8211; BA"},"content":{"rendered":"<div class=\"wpb-content-wrapper\"><div class=\"vc-custom-col-spacing clearfix vc-col-spacing-30\"><section class=\"wpb_row vc_row-fluid row-content-position-Default\"><div class=\"edukul-container\"><div class=\"row-inner clearfix\"><div class=\"wpb_column vc_column_container vc_col-sm-12\"><div class=\"vc_column-inner\"><div class=\"wpb_wrapper\">\r\n\t<div class=\"edukul-accordions accordions\"><div class=\"accordion-item style-1\" style=\"margin-bottom:5px;\"><h3 class=\"accordion-heading\" style=\"\">\r\n\t\t\t<span class=\"inner\" style=\"\">\r\n\t\t\t\tSemestri vjeshtor - shqip\r\n\t\t\t<\/span>\r\n\t\t<\/h3><div class=\"accordion-content\" style=\"\"><h1 style=\"text-align: center;\"><strong>Semestri vjeshtor\u00a0<\/strong><\/h1>\n<p><strong>Semestri &#8211; I &#8211;<\/strong><\/p>\n<p><a href=\"https:\/\/fsi-edu.net\/wp-content\/uploads\/2026\/04\/Kuran-I.pdf\">Kuran I<\/a><\/p>\n<p><a href=\"https:\/\/fsi-edu.net\/wp-content\/uploads\/2026\/04\/IBADAT-I-.pdf\">Fikhu Ibadat I<\/a><\/p>\n<p><a href=\"https:\/\/fsi-edu.net\/wp-content\/uploads\/2026\/04\/Gjuha-arabe-I.pdf\">Gjuhe arabe I<\/a><\/p>\n<p><a href=\"https:\/\/fsi-edu.net\/wp-content\/uploads\/2026\/04\/Gjuhe-shqipe.pdf\">Gjuh\u00eb shqipe<\/a><\/p>\n<p><a href=\"https:\/\/fsi-edu.net\/wp-content\/uploads\/2026\/04\/Stili-i-Shkrimit-akademik.pdf\">Stili i shkrimit akademik<\/a><\/p>\n<p><a href=\"https:\/\/fsi-edu.net\/wp-content\/uploads\/2026\/04\/H.D.SHeriatit.pdf\">H.D.Sheriatit<\/a><\/p>\n<p><strong>Semestri -III-<\/strong><\/p>\n<p><a href=\"https:\/\/fsi-edu.net\/wp-content\/uploads\/2024\/10\/Akaid-II.pdf\">Akaid II<\/a><\/p>\n<p><a href=\"https:\/\/fsi-edu.net\/wp-content\/uploads\/2024\/10\/Tefsir-II.pdf\">Tefsir II<\/a><\/p>\n<p><a href=\"https:\/\/fsi-edu.net\/wp-content\/uploads\/2026\/03\/Gjuhe-arabe-II.pdf\">Gjuhe arabe II<\/a><\/p>\n<p><a href=\"https:\/\/fsi-edu.net\/wp-content\/uploads\/2024\/10\/Hadith-II-\u2013-Studime-ne-librat-e-hadithit.pdf\">Hadith II<\/a><\/p>\n<p><a href=\"https:\/\/fsi-edu.net\/wp-content\/uploads\/2024\/10\/Gjuhe-Angleze-\u2013-Pre-Intermediate.pdf\">Gjuh\u00eb angleze &#8211; Pre Intermediate<\/a><\/p>\n<p><a href=\"https:\/\/fsi-edu.net\/wp-content\/uploads\/2024\/10\/Dave.pdf\">Dave<\/a><\/p>\n<p><strong>Semestri -V-<\/strong><\/p>\n<p><a href=\"https:\/\/fsi-edu.net\/wp-content\/uploads\/2024\/10\/Kuran-III.pdf\">Kuran III<\/a><\/p>\n<p><a href=\"https:\/\/fsi-edu.net\/wp-content\/uploads\/2024\/10\/Tefsir-III.pdf\">Tefsir III<\/a><\/p>\n<p><a href=\"https:\/\/fsi-edu.net\/wp-content\/uploads\/2026\/04\/Hadith-III-Kritika-ne-hadith-Musa-Vila.pdf\">Hadith III<\/a><\/p>\n<p><a href=\"https:\/\/fsi-edu.net\/wp-content\/uploads\/2024\/10\/Sire-Periudha-medinase-e-shpalljes-dhe-sfidat-e-reja.pdf\">Sire &#8211; Periudha medinase dhe sfidat e reja<\/a><\/p>\n<p><a href=\"https:\/\/fsi-edu.net\/wp-content\/uploads\/2024\/10\/Fikh-III-E-Drejta-Civile-Islame.pdf\">Fikh III &#8211; E drejta civile islame<\/a><\/p>\n<p><a href=\"https:\/\/fsi-edu.net\/wp-content\/uploads\/2024\/10\/E-Drejta-Civile.pdf\">E Drejta Civile<\/a><\/p>\n<p><a href=\"https:\/\/fsi-edu.net\/wp-content\/uploads\/2024\/10\/Institucionet-e-BIK-ut.pdf\">Institucionet e BIK-ut<\/a><\/p>\n<p><strong>Semestri -VII-<\/strong><\/p>\n<p><a href=\"https:\/\/fsi-edu.net\/wp-content\/uploads\/2024\/10\/Akaidit-IV.pdf\">Akaid IV<\/a><a href=\"https:\/\/fsi-edu.net\/wp-content\/uploads\/2022\/11\/Dave.pdf\"><\/a><\/p>\n<p><a href=\"https:\/\/fsi-edu.net\/wp-content\/uploads\/2024\/10\/Gjuhe-arabe-IV.pdf\">Gjuhe arabe IV<\/a><a href=\"https:\/\/fsi-edu.net\/wp-content\/uploads\/2022\/11\/Gjuheshqipe.pdf\"><\/a><\/p>\n<p><a href=\"https:\/\/fsi-edu.net\/wp-content\/uploads\/2024\/11\/Institutcioni-i-vakefit.pdf\">Institutcioni i vak\u00ebfit<\/a><\/p>\n<p><a href=\"https:\/\/fsi-edu.net\/wp-content\/uploads\/2026\/04\/HISTORI-E-RELIGJIONIT-Abdulkader-Durguti.pdf\">Histori e religjioneve<\/a><\/p>\n<p><a href=\"https:\/\/fsi-edu.net\/wp-content\/uploads\/2024\/10\/Qyteterim-Islam.pdf\">Qytet\u00ebrim Islam<\/a><\/p>\n<p><a href=\"https:\/\/fsi-edu.net\/wp-content\/uploads\/2024\/10\/Gruaja-dhe-shoqeria.pdf\">Gruaja dhe shoq\u00ebria<\/a><\/p>\n<p><a href=\"https:\/\/fsi-edu.net\/wp-content\/uploads\/2024\/10\/Misticizmi.pdf\">Misticizmi<\/a><\/p>\n<\/div><\/div><div class=\"accordion-item style-1\" style=\"margin-bottom:5px;\"><h3 class=\"accordion-heading\" style=\"\">\r\n\t\t\t<span class=\"inner\" style=\"\">\r\n\t\t\t\tSemestri pranveror - shqip\r\n\t\t\t<\/span>\r\n\t\t<\/h3><div class=\"accordion-content\" style=\"\"><h1 style=\"text-align: center;\"><strong>Semestri pranveror<\/strong><\/h1>\n<p><strong>Semestri -II-<\/strong><\/p>\n<p><a href=\"https:\/\/fsi-edu.net\/wp-content\/uploads\/2026\/04\/Akaid-I-1.pdf\">Akaid I<\/a><\/p>\n<p><a href=\"https:\/\/fsi-edu.net\/wp-content\/uploads\/2026\/04\/Tefsir-I.pdf\">Tefsir I<\/a><\/p>\n<p><a href=\"https:\/\/fsi-edu.net\/wp-content\/uploads\/2026\/04\/Hadithi-I-\u2013-Terminologjia-e-hadithit.pdf\">Hadith I<\/a><\/p>\n<p><a href=\"https:\/\/fsi-edu.net\/wp-content\/uploads\/2026\/04\/Gj.-Angleze-I-.pdf\">English language &#8211; Elementary<\/a><\/p>\n<p><a href=\"https:\/\/fsi-edu.net\/wp-content\/uploads\/2026\/04\/Islami-dhe-Evropa.pdf\">Islami dhe Evropa<\/a><\/p>\n<p><a href=\"https:\/\/fsi-edu.net\/wp-content\/uploads\/2026\/04\/Dave.pdf\">Da&#8217;ve<\/a><\/p>\n<p><strong>Semestri -IV-<\/strong><\/p>\n<p><a href=\"https:\/\/fsi-edu.net\/wp-content\/uploads\/2026\/03\/Kuran-II.pdf\">Kuran II<\/a><\/p>\n<p><a href=\"https:\/\/fsi-edu.net\/wp-content\/uploads\/2026\/02\/Syllabusi-i-te-Drejtes-Familjare-2025-2026.pdf\">E drejta familjare n\u00eb islam<\/a><\/p>\n<p><a href=\"https:\/\/fsi-edu.net\/wp-content\/uploads\/2026\/02\/Syllabus-Filozofi.pdf\">Filozofi<\/a><\/p>\n<p><a href=\"https:\/\/fsi-edu.net\/wp-content\/uploads\/2026\/04\/Letersi-shqipe-Hysen-Matoshi.pdf\">Letersi-shqipe<\/a><\/p>\n<p><a href=\"https:\/\/fsi-edu.net\/wp-content\/uploads\/2026\/03\/Besa-Ismaili-English-language-Intermediate.pdf\">English language Intermediate<\/a><\/p>\n<p><strong>Semestri -VI-<\/strong><\/p>\n<p><a href=\"https:\/\/fsi-edu.net\/wp-content\/uploads\/2026\/02\/Syllabusi-Ekonomia-Islame.pdf\">Ekonomia Islame<\/a><\/p>\n<p><a href=\"https:\/\/fsi-edu.net\/wp-content\/uploads\/2026\/04\/Akaidi-III-Sektet-dhe-shkollat-islame-Zija-Abdullahu.pdf\">Akaidi III &#8211; Sektet dhe shkollat islame<\/a><\/p>\n<p><a href=\"https:\/\/fsi-edu.net\/wp-content\/uploads\/2026\/03\/Gjuhe-arabe-III.pdf\">Gjuhe arabe III<\/a><\/p>\n<p><a href=\"https:\/\/fsi-edu.net\/wp-content\/uploads\/2026\/03\/Usuli-Fikh.pdf\">Usuli Fikh<\/a><\/p>\n<p><a href=\"https:\/\/fsi-edu.net\/wp-content\/uploads\/2026\/04\/PEDAGOGJI-Besa-Ismaili.pdf\">Pedagogy<\/a><\/p>\n<p><a href=\"https:\/\/fsi-edu.net\/wp-content\/uploads\/2026\/04\/SOCIOLOGJI-Ferdi-Kamberi.pdf\">Sociologji<\/a><\/p>\n<p><strong>Semestri -VIII-<br \/>\n<\/strong><\/p>\n<p><a href=\"https:\/\/fsi-edu.net\/wp-content\/uploads\/2026\/02\/Kuran-IV.pdf\">Kuran IV<\/a><\/p>\n<p><a href=\"https:\/\/fsi-edu.net\/wp-content\/uploads\/2026\/04\/Fikh-IV-e-drejta-penale-Shefqet-Krasniqi.pdf\">Fikh IV &#8211; E Drejta Penale<\/a><\/p>\n<p><a href=\"https:\/\/fsi-edu.net\/wp-content\/uploads\/2026\/02\/Tefsir-IV.pdf\">Tefsir IV<\/a><\/p>\n<p><a href=\"https:\/\/fsi-edu.net\/wp-content\/uploads\/2026\/02\/Dispozitat-e-hadithit-Hadith-IV.pdf\">Dispozitat e hadithit<\/a><\/p>\n<p><a href=\"https:\/\/fsi-edu.net\/wp-content\/uploads\/2026\/02\/Bazat-e-komunikimit.pdf\">Bazat e komunikimit<\/a><\/p>\n<p><a href=\"https:\/\/fsi-edu.net\/wp-content\/uploads\/2026\/04\/Objektivat-e-Sheriatit-Violeta-Smajlaj.pdf\">Objektivat e s\u00eb Drejt\u00ebs s\u00eb Sheriatit<\/a><\/p>\n<\/div><\/div><div class=\"accordion-item style-1\" style=\"margin-bottom:5px;\"><h3 class=\"accordion-heading\" style=\"\">\r\n\t\t\t<span class=\"inner\" style=\"\">\r\n\t\t\t\tFall semester - English\r\n\t\t\t<\/span>\r\n\t\t<\/h3><div class=\"accordion-content\" style=\"\"><h1 style=\"text-align: center;\"><strong>Fall semester<\/strong><\/h1>\n<p><strong>Semester -I-<br \/>\n<\/strong><br \/>\n<a href=\"https:\/\/fsi-edu.net\/wp-content\/uploads\/2026\/04\/Quran-I.pdf\" target=\"_blank\" rel=\"noopener\">Quran I<\/a><\/p>\n<p><a href=\"https:\/\/fsi-edu.net\/wp-content\/uploads\/2026\/04\/Fiqh-al-Ibadat-I-.pdf\" target=\"_blank\" rel=\"noopener\">Fik`h Ibadat<\/a><\/p>\n<p><a href=\"https:\/\/fsi-edu.net\/wp-content\/uploads\/2026\/04\/Arabic-language-1.pdf\" target=\"_blank\" rel=\"noopener\">Arabic Language I<\/a><\/p>\n<p><a href=\"https:\/\/fsi-edu.net\/wp-content\/uploads\/2026\/04\/Albanian-language.pdf\" target=\"_blank\" rel=\"noopener\">Albanian language<\/a><\/p>\n<p><a href=\"https:\/\/fsi-edu.net\/wp-content\/uploads\/2026\/04\/Academic-Writing-Style.pdf\" target=\"_blank\" rel=\"noopener\">Style of Academic Writing<\/a><\/p>\n<p><a href=\"https:\/\/fsi-edu.net\/wp-content\/uploads\/2026\/04\/History-of-Sharia-Law.pdf\" target=\"_blank\" rel=\"noopener\">History of Sharia Law<\/a><\/p>\n<p><strong>Semester -III-<\/strong><\/p>\n<p><a href=\"https:\/\/fsi-edu.net\/wp-content\/uploads\/2026\/04\/Akaid-II.pdf\" target=\"_blank\" rel=\"noopener\">Aqaid &#8211; Principles of Faith<\/a><\/p>\n<p><a href=\"https:\/\/fsi-edu.net\/wp-content\/uploads\/2026\/04\/Arabic-II.pdf\" target=\"_blank\" rel=\"noopener\">Arabic Language II<\/a><\/p>\n<p><a href=\"https:\/\/fsi-edu.net\/wp-content\/uploads\/2026\/04\/Methodology-of-Quran-Commenting.pdf\" target=\"_blank\" rel=\"noopener\">Tefsir \u2013 Methodology of Qur\u2019an Commenting<\/a><\/p>\n<p><a href=\"https:\/\/fsi-edu.net\/wp-content\/uploads\/2026\/04\/Hadith-II.pdf\" target=\"_blank\" rel=\"noopener\">Hadith \u2013 Studies in the books of Hadith<\/a><\/p>\n<p><a href=\"https:\/\/fsi-edu.net\/wp-content\/uploads\/2026\/04\/English-language-Pre-Intermediate.pdf\" target=\"_blank\" rel=\"noopener\">English language Pre-Intermediate<\/a><\/p>\n<p><strong>Semester -V-<\/strong><\/p>\n<p><a href=\"https:\/\/fsi-edu.net\/wp-content\/uploads\/2026\/04\/Quran-III.pdf\" target=\"_blank\" rel=\"noopener\">Quran III<\/a><\/p>\n<p><a href=\"https:\/\/fsi-edu.net\/wp-content\/uploads\/2026\/04\/Tafsir-III.pdf\" target=\"_blank\" rel=\"noopener\">Tefsir &#8211; Analytical study about the texts of tefsir<\/a><\/p>\n<p><a href=\"https:\/\/fsi-edu.net\/wp-content\/uploads\/2026\/04\/Hadith-III-\u2013-Criticism-in-Hadith.pdf\" target=\"_blank\" rel=\"noopener\">Critics in Hadith<\/a><\/p>\n<p><a href=\"https:\/\/fsi-edu.net\/wp-content\/uploads\/2026\/04\/Civil-Law-in-Islam.pdf\" target=\"_blank\" rel=\"noopener\">Civil Law in Islam<\/a><\/p>\n<p><a href=\"https:\/\/fsi-edu.net\/wp-content\/uploads\/2026\/04\/Institutions-of-BIK.pdf\">History of the Institutions of the Islamic Community of Kosovo (BIK)<\/a><\/p>\n<p><a href=\"https:\/\/fsi-edu.net\/wp-content\/uploads\/2026\/04\/Civil-Law.pdf\">Civil Law<\/a><\/p>\n<p><strong>Semester -VII-<\/strong><\/p>\n<p><a href=\"https:\/\/fsi-edu.net\/wp-content\/uploads\/2026\/04\/Arabic-Language-IV.pdf\" target=\"_blank\" rel=\"noopener\">Arabic language IV<\/a><\/p>\n<p><a href=\"https:\/\/fsi-edu.net\/wp-content\/uploads\/2026\/04\/Aqaid-IV-Comparative-Religion-1.pdf\" target=\"_blank\" rel=\"noopener\">Aqaid \u2013 Comparative Study of Religions<\/a><\/p>\n<p><a href=\"https:\/\/fsi-edu.net\/wp-content\/uploads\/2026\/04\/History-of-religion.pdf\" target=\"_blank\" rel=\"noopener\">History of religion<\/a><\/p>\n<p><a href=\"https:\/\/fsi-edu.net\/wp-content\/uploads\/2026\/04\/Islamic-Civilization-1.pdf\" target=\"_blank\" rel=\"noopener\">Islamic Civilization<\/a><\/p>\n<p><a href=\"https:\/\/fsi-edu.net\/wp-content\/uploads\/2026\/04\/The-institution-of-Waqf.pdf\">The institution of Waqf<\/a><\/p>\n<p><a href=\"https:\/\/fsi-edu.net\/wp-content\/uploads\/2026\/04\/Fundamentals-of-Communication-\u2013-Communicology.pdf\">Fundamentals-of-Communication<\/a><\/p>\n<p><a href=\"https:\/\/fsi-edu.net\/wp-content\/uploads\/2026\/04\/Women-and-Society.pdf\" target=\"_blank\" rel=\"noopener\">Woman and Sociaty<\/a><\/p>\n<\/div><\/div><div class=\"accordion-item style-1\" style=\"margin-bottom:5px;\"><h3 class=\"accordion-heading\" style=\"\">\r\n\t\t\t<span class=\"inner\" style=\"\">\r\n\t\t\t\tSpring semester - English\r\n\t\t\t<\/span>\r\n\t\t<\/h3><div class=\"accordion-content\" style=\"\"><h1 style=\"text-align: center;\"><strong>Spring semester<\/strong><\/h1>\n<p><strong>Semester -II-<\/strong><\/p>\n<p><a href=\"https:\/\/fsi-edu.net\/wp-content\/uploads\/2026\/04\/Tafsir-I.pdf\" target=\"_blank\" rel=\"noopener\">Tefsir \u2013 Studies on Qur\u2019an<\/a><\/p>\n<p><a href=\"https:\/\/fsi-edu.net\/wp-content\/uploads\/2026\/04\/Hadith-Terminology.pdf\" target=\"_blank\" rel=\"noopener\">Hadith \u2013 Terminology of hadith<\/a><\/p>\n<p><a href=\"https:\/\/fsi-edu.net\/wp-content\/uploads\/2026\/04\/Akaid-I.pdf\" target=\"_blank\" rel=\"noopener\">Aqaid &#8211; Basics of the Islamic Faith, the doctrine of the Ahl al-Sunnah<\/a><\/p>\n<p><a href=\"https:\/\/fsi-edu.net\/wp-content\/uploads\/2026\/04\/English-language-Elementary.pdf\" target=\"_blank\" rel=\"noopener\">English language Elementary<\/a><\/p>\n<p><a href=\"https:\/\/fsi-edu.net\/wp-content\/uploads\/2026\/04\/Dawah-\u2013-Islamic-Call.pdf\" target=\"_blank\" rel=\"noopener\">Da&#8217;wah<\/a><\/p>\n<p><a href=\"https:\/\/fsi-edu.net\/wp-content\/uploads\/2026\/04\/Islam-and-Europe.pdf\" target=\"_blank\" rel=\"noopener\">Islam and Europe<\/a><\/p>\n<p><strong>Semester -IV-<\/strong><\/p>\n<p><a href=\"https:\/\/fsi-edu.net\/wp-content\/uploads\/2026\/04\/Quran-II.pdf\" target=\"_blank\" rel=\"noopener\">Quran II<\/a><\/p>\n<p><a href=\"https:\/\/fsi-edu.net\/wp-content\/uploads\/2026\/04\/Family-Law.pdf\" target=\"_blank\" rel=\"noopener\">Family Law in Islam<\/a><\/p>\n<p><a href=\"https:\/\/fsi-edu.net\/wp-content\/uploads\/2026\/04\/Sirah-II.pdf\" target=\"_blank\" rel=\"noopener\">Sire &#8211; Biography of Mohamed a.s. and beginning of proclamation<\/a><\/p>\n<p><a href=\"https:\/\/fsi-edu.net\/wp-content\/uploads\/2026\/04\/Philosophy.pdf\">Philosophy<\/a><\/p>\n<p><a href=\"https:\/\/fsi-edu.net\/wp-content\/uploads\/2026\/04\/English-language-Intermediate.pdf\" target=\"_blank\" rel=\"noopener\">English language- Intermediate<\/a><\/p>\n<p><a href=\"https:\/\/fsi-edu.net\/wp-content\/uploads\/2026\/04\/Letersi-shqipe.pdf\">Albanian Literature<\/a><\/p>\n<p><a href=\"https:\/\/fsi-edu.net\/wp-content\/uploads\/2026\/04\/Turkish-Language.pdf\">Turkish Language <\/a><\/p>\n<p><strong>Semester -VI-<\/strong><\/p>\n<p><a href=\"https:\/\/fsi-edu.net\/wp-content\/uploads\/2026\/04\/Islamic-Economics.pdf\" target=\"_blank\" rel=\"noopener\">Islam Economy<\/a><\/p>\n<p><a href=\"https:\/\/fsi-edu.net\/wp-content\/uploads\/2026\/04\/Akaid-III-Islamic-Sects-and-Schools.pdf\" target=\"_blank\" rel=\"noopener\">Aqaid \u2013 Sects and Islamic Schools<\/a><\/p>\n<p><a href=\"https:\/\/fsi-edu.net\/wp-content\/uploads\/2026\/04\/Arabic-III.pdf\" target=\"_blank\" rel=\"noopener\">Arabic Language III &#8211; Syntax and conversation<\/a><\/p>\n<p><a href=\"https:\/\/fsi-edu.net\/wp-content\/uploads\/2026\/04\/Usulul-Fikh-Sources-of-Islamic-Law.pdf\" target=\"_blank\" rel=\"noopener\">Usulul Fikh &#8211; Sources of Islamic Law<\/a><\/p>\n<p><a href=\"https:\/\/fsi-edu.net\/wp-content\/uploads\/2026\/04\/Sociology.pdf\" target=\"_blank\" rel=\"noopener\">Sociology<\/a><\/p>\n<p><a href=\"https:\/\/fsi-edu.net\/wp-content\/uploads\/2026\/04\/Pedagogy.pdf\" target=\"_blank\" rel=\"noopener\">Pedagogy<\/a><\/p>\n<p><strong>Semester -VIII-<\/strong><\/p>\n<p><a href=\"https:\/\/fsi-edu.net\/wp-content\/uploads\/2026\/04\/Quran-IV.pdf\" target=\"_blank\" rel=\"noopener\">Quran IV<\/a><\/p>\n<p><a href=\"https:\/\/fsi-edu.net\/wp-content\/uploads\/2026\/04\/Fiqh-Criminal-Law.pdf\" target=\"_blank\" rel=\"noopener\">Fik\u2019h \u2013 Criminal Law<\/a><\/p>\n<p><a href=\"https:\/\/fsi-edu.net\/wp-content\/uploads\/2026\/04\/Hadith-IV-\u2013-Rulings-of-Hadith.pdf\" target=\"_blank\" rel=\"noopener\">Provision of Hadith<\/a><\/p>\n<p><a href=\"https:\/\/fsi-edu.net\/wp-content\/uploads\/2026\/04\/Tafsir-IV-\u2013-Thematic-Interpretation-of-the-Quran.pdf\" target=\"_blank\" rel=\"noopener\">Tefsir \u2013 Thematic commenting of Quran<\/a><\/p>\n<p><a href=\"https:\/\/fsi-edu.net\/wp-content\/uploads\/2026\/04\/Objectives-of-Islamic-Law.pdf\" target=\"_blank\" rel=\"noopener\">Objective of Islamic Law<\/a><\/p>\n<p><a href=\"https:\/\/fsi-edu.net\/wp-content\/uploads\/2026\/04\/Mysticism.pdf\">Mysticism<\/a><\/p>\n<\/div><\/div><\/div><\/div><\/div><\/div><\/div><\/div><\/section><\/div>\n<\/div>","protected":false},"excerpt":{"rendered":"Semestri vjeshtor - shqip Semestri vjeshtor\u00a0 Semestri - I - Kuran I Fikhu Ibadat I Gjuhe arabe I Gjuh\u00eb shqipe Stili i shkrimit akademik H.D.Sheriatit Semestri -III- Akaid II Tefsir II Gjuhe arabe II Hadith","protected":false},"author":1,"featured_media":0,"parent":0,"menu_order":0,"comment_status":"closed","ping_status":"closed","template":"","meta":{"footnotes":""},"class_list":["post-20479","page","type-page","status-publish","hentry"],"_links":{"self":[{"href":"https:\/\/fsi-edu.net\/en\/wp-json\/wp\/v2\/pages\/20479","targetHints":{"allow":["GET"]}}],"collection":[{"href":"https:\/\/fsi-edu.net\/en\/wp-json\/wp\/v2\/pages"}],"about":[{"href":"https:\/\/fsi-edu.net\/en\/wp-json\/wp\/v2\/types\/page"}],"author":[{"embeddable":true,"href":"https:\/\/fsi-edu.net\/en\/wp-json\/wp\/v2\/users\/1"}],"replies":[{"embeddable":true,"href":"https:\/\/fsi-edu.net\/en\/wp-json\/wp\/v2\/comments?post=20479"}],"version-history":[{"count":89,"href":"https:\/\/fsi-edu.net\/en\/wp-json\/wp\/v2\/pages\/20479\/revisions"}],"predecessor-version":[{"id":28781,"href":"https:\/\/fsi-edu.net\/en\/wp-json\/wp\/v2\/pages\/20479\/revisions\/28781"}],"wp:attachment":[{"href":"https:\/\/fsi-edu.net\/en\/wp-json\/wp\/v2\/media?parent=20479"}],"curies":[{"name":"wp","href":"https:\/\/api.w.org\/{rel}","templated":true}]}}