{"id":20481,"date":"2021-10-21T09:03:17","date_gmt":"2021-10-21T08:03:17","guid":{"rendered":"https:\/\/fsi-edu.net\/?page_id=20481"},"modified":"2025-11-05T08:12:46","modified_gmt":"2025-11-05T07:12:46","slug":"syllabuset-ma","status":"publish","type":"page","link":"https:\/\/fsi-edu.net\/en\/syllabuset-ma\/","title":{"rendered":"Syllabuset &#8211; MA"},"content":{"rendered":"<div class=\"wp-block-file\"><a id=\"wp-block-file--media-b75c2337-5a26-4048-8f35-6c4fb504822d\" href=\"https:\/\/fsi-edu.net\/wp-content\/uploads\/2025\/11\/syllabusi-Qasje-Bashkekohore-ne-Sistemin-Financiar-Islam.pdf\">Qasje Bashk\u00ebkohore ne Sistemin Financiar Islam<\/a><\/div>\n\n\n\n<div class=\"wp-block-file\"><a id=\"wp-block-file--media-22e29c0f-0827-4235-9a7c-b7513413c95e\" href=\"https:\/\/fsi-edu.net\/wp-content\/uploads\/2025\/10\/Syllabus-i-lendes-Metodologji-e-kerkimit-shkencor-2025.doc\">Metodologjia e hulumtimit<\/a><\/div>\n\n\n\n<div class=\"wp-block-file\"><a id=\"wp-block-file--media-e815332a-04b8-4544-9893-78da74384b75\" href=\"https:\/\/fsi-edu.net\/wp-content\/uploads\/2025\/11\/Syllabus-kultura.pdf\">Zhvillimi i kultur\u00ebs islame n\u00eb Ballkan<\/a><\/div>\n\n\n\n<div class=\"wp-block-file\"><a id=\"wp-block-file--media-d0174830-77ad-4953-9b06-5d7c4c668c41\" href=\"https:\/\/fsi-edu.net\/wp-content\/uploads\/2025\/11\/SYLLABUSI-I-LENDES-\u2013-RELIGJIONI-DHE-CESHTJET-SOCIALE-NE-EVROPE.pdf\">Religjioni dhe \u00e7\u00ebshtjet sociale n\u00eb Evrop\u00eb<\/a><\/div>","protected":false},"excerpt":{"rendered":"Qasje Bashk\u00ebkohore ne Sistemin Financiar Islam Metodologjia e hulumtimit Zhvillimi i kultur\u00ebs islame n\u00eb Ballkan Religjioni dhe \u00e7\u00ebshtjet sociale n\u00eb Evrop\u00eb","protected":false},"author":1,"featured_media":0,"parent":0,"menu_order":0,"comment_status":"closed","ping_status":"closed","template":"","meta":{"footnotes":""},"class_list":["post-20481","page","type-page","status-publish","hentry"],"_links":{"self":[{"href":"https:\/\/fsi-edu.net\/en\/wp-json\/wp\/v2\/pages\/20481","targetHints":{"allow":["GET"]}}],"collection":[{"href":"https:\/\/fsi-edu.net\/en\/wp-json\/wp\/v2\/pages"}],"about":[{"href":"https:\/\/fsi-edu.net\/en\/wp-json\/wp\/v2\/types\/page"}],"author":[{"embeddable":true,"href":"https:\/\/fsi-edu.net\/en\/wp-json\/wp\/v2\/users\/1"}],"replies":[{"embeddable":true,"href":"https:\/\/fsi-edu.net\/en\/wp-json\/wp\/v2\/comments?post=20481"}],"version-history":[{"count":13,"href":"https:\/\/fsi-edu.net\/en\/wp-json\/wp\/v2\/pages\/20481\/revisions"}],"predecessor-version":[{"id":27949,"href":"https:\/\/fsi-edu.net\/en\/wp-json\/wp\/v2\/pages\/20481\/revisions\/27949"}],"wp:attachment":[{"href":"https:\/\/fsi-edu.net\/en\/wp-json\/wp\/v2\/media?parent=20481"}],"curies":[{"name":"wp","href":"https:\/\/api.w.org\/{rel}","templated":true}]}}