{"id":20483,"date":"2021-10-21T09:04:47","date_gmt":"2021-10-21T08:04:47","guid":{"rendered":"https:\/\/fsi-edu.net\/?page_id=20483"},"modified":"2026-03-27T10:57:08","modified_gmt":"2026-03-27T09:57:08","slug":"dokumente-dhe-formulare","status":"publish","type":"page","link":"https:\/\/fsi-edu.net\/en\/dokumente-dhe-formulare\/","title":{"rendered":"Documents and Forms"},"content":{"rendered":"<p><strong>E p\u00ebrdit\u00ebsuar m\u00eb dat\u00eb 07.03.2025<\/strong><\/p>\n\n\n\n<div class=\"wp-block-file\"><a id=\"wp-block-file--media-6fc2c480-7c96-406a-97a4-5441cafa1c50\" href=\"https:\/\/fsi-edu.net\/wp-content\/uploads\/2026\/01\/Kerkese-per-teme-te-masterit-projektpropozim.docx\">K\u00ebrkes\u00eb p\u00ebr tem\u00eb t\u00eb masterit (projektpropozim)<\/a><a href=\"https:\/\/fsi-edu.net\/wp-content\/uploads\/2026\/01\/Kerkese-per-teme-te-masterit-projektpropozim.docx\" class=\"wp-block-file__button wp-element-button\" download aria-describedby=\"wp-block-file--media-6fc2c480-7c96-406a-97a4-5441cafa1c50\">Shkarkoje<\/a><\/div>\n\n\n\n<p><\/p>\n\n\n\n<div class=\"wp-block-file\"><a id=\"wp-block-file--media-ac367f8a-173a-484c-8ae4-2420e925d037\" href=\"https:\/\/fsi-edu.net\/wp-content\/uploads\/2025\/03\/udhezimpunimiMA-1-1.pdf\">Udh\u00ebzim punimi MA<\/a><a href=\"https:\/\/fsi-edu.net\/wp-content\/uploads\/2025\/03\/udhezimpunimiMA-1-1.pdf\" class=\"wp-block-file__button wp-element-button\" download aria-describedby=\"wp-block-file--media-ac367f8a-173a-484c-8ae4-2420e925d037\">Shkarkoje<\/a><\/div>\n\n\n\n<p><\/p>\n\n\n\n<div class=\"wp-block-file\"><a id=\"wp-block-file--media-4605f791-c426-4e9a-a638-7ae2a09a1fe4\" href=\"https:\/\/fsi-edu.net\/wp-content\/uploads\/2021\/12\/Udhezim-per-hartimin-e-punimit-te-diplomes.pdf\" target=\"_blank\" rel=\"noreferrer noopener\">Udh\u00ebzim p\u00ebr hartimin e punimit t\u00eb diplomes BA   <\/a><\/div>\n\n\n\n<p><\/p>\n\n\n\n<div class=\"wp-block-file\"><a id=\"wp-block-file--media-00717a16-301b-4c68-add0-38642b852a5c\" href=\"https:\/\/fsi-edu.net\/wp-content\/uploads\/2023\/02\/VendimiKMSHpunimshkencorMA.pdf\">Vendim i KMSH punim shkencor MA<\/a><\/div>\n\n\n\n<p><\/p>\n\n\n\n<div class=\"wp-block-file\"><a id=\"wp-block-file--media-4d7b9ad6-958a-4d2e-b62e-24a68f7cebba\" href=\"https:\/\/fsi-edu.net\/wp-content\/uploads\/2023\/02\/VendimiKMSHpunepraktike.pdf\">Vendim i KMSH pune praktike BA<\/a><\/div>\n\n\n\n<p><\/p>\n\n\n\n<div class=\"wp-block-file\"><a id=\"wp-block-file--media-d893085c-3286-4212-b673-d14b3a1df112\" href=\"https:\/\/fsi-edu.net\/wp-content\/uploads\/2023\/05\/VendimiKMSHkohezgjatja.pdf\">Vendimi i KMSH-se p\u00ebr koh\u00ebzgjatjen e studimeve p\u00ebr student\u00ebt q\u00eb kan\u00eb kaluar periudh\u00ebn e rregullt<\/a><\/div>\n\n\n\n<p><\/p>\n\n\n\n<div class=\"wp-block-file\"><a id=\"wp-block-file--media-77374849-7ff1-4516-924f-14ec24dcddc7\" href=\"https:\/\/fsi-edu.net\/wp-content\/uploads\/2026\/03\/Plani-strategjik-2026-2030.pdf\">Plani strategjik 2026-2030<\/a><\/div>\n\n\n\n<p><\/p>\n\n\n\n<div class=\"wp-block-file\"><a id=\"wp-block-file--media-d5c7bf9a-efdb-4844-ad2f-b33b27c12b2b\" href=\"https:\/\/fsi-edu.net\/wp-content\/uploads\/2026\/03\/Plani-strategjik-2026-2030-ANGLISHT.pdf\">Strategic plan 2026-2030 <\/a><\/div>\n\n\n\n<p><\/p>","protected":false},"excerpt":{"rendered":"<p>E p\u00ebrdit\u00ebsuar m\u00eb dat\u00eb 07.03.2025<\/p>","protected":false},"author":1,"featured_media":0,"parent":0,"menu_order":0,"comment_status":"closed","ping_status":"closed","template":"","meta":{"footnotes":""},"class_list":["post-20483","page","type-page","status-publish","hentry"],"_links":{"self":[{"href":"https:\/\/fsi-edu.net\/en\/wp-json\/wp\/v2\/pages\/20483","targetHints":{"allow":["GET"]}}],"collection":[{"href":"https:\/\/fsi-edu.net\/en\/wp-json\/wp\/v2\/pages"}],"about":[{"href":"https:\/\/fsi-edu.net\/en\/wp-json\/wp\/v2\/types\/page"}],"author":[{"embeddable":true,"href":"https:\/\/fsi-edu.net\/en\/wp-json\/wp\/v2\/users\/1"}],"replies":[{"embeddable":true,"href":"https:\/\/fsi-edu.net\/en\/wp-json\/wp\/v2\/comments?post=20483"}],"version-history":[{"count":10,"href":"https:\/\/fsi-edu.net\/en\/wp-json\/wp\/v2\/pages\/20483\/revisions"}],"predecessor-version":[{"id":28518,"href":"https:\/\/fsi-edu.net\/en\/wp-json\/wp\/v2\/pages\/20483\/revisions\/28518"}],"wp:attachment":[{"href":"https:\/\/fsi-edu.net\/en\/wp-json\/wp\/v2\/media?parent=20483"}],"curies":[{"name":"wp","href":"https:\/\/api.w.org\/{rel}","templated":true}]}}