{"id":20491,"date":"2021-10-21T09:09:10","date_gmt":"2021-10-21T08:09:10","guid":{"rendered":"https:\/\/fsi-edu.net\/?page_id=20491"},"modified":"2026-03-26T12:34:36","modified_gmt":"2026-03-26T11:34:36","slug":"misioni","status":"publish","type":"page","link":"https:\/\/fsi-edu.net\/en\/misioni\/","title":{"rendered":"Mission"},"content":{"rendered":"<p><em>FSI ka p\u00ebr mision t\u00eb ofroj\u00eb arsim t\u00eb lart\u00eb cil\u00ebsor dhe gjith\u00ebp\u00ebrfshir\u00ebs, t\u00eb zhvilloj\u00eb k\u00ebrkime shkencore me ndikim akademik e shoq\u00ebror dhe t\u00eb sh\u00ebrbej\u00eb komunitetit me vlera islame, etike dhe humane, duke p\u00ebrgatitur kuadro profesionale.<\/em><\/p>\n\n\n\n<p>Misioni i FSI-s\u00eb \u00ebsht\u00eb t\u00eb ofroj\u00eb arsim t\u00eb lart\u00eb cil\u00ebsor dhe gjith\u00ebp\u00ebrfshir\u00ebs, t\u00eb zhvilloj\u00eb k\u00ebrkime shkencore me ndikim akademik dhe shoq\u00ebror dhe t\u00eb sh\u00ebrbej\u00eb komunitetit p\u00ebrmes promovimit t\u00eb vlerave islame, etike dhe humane, duke p\u00ebrgatitur kuadro profesionale dhe t\u00eb p\u00ebrgjegjshme.<\/p>\n\n\n\n<p>Duke u mb\u00ebshtetur n\u00eb tri shtyllat themelore t\u00eb universiteteve moderne: m\u00ebsimdh\u00ebnie cil\u00ebsore, k\u00ebrkim shkencor dhe sh\u00ebrbim ndaj komunitetit, FSI synon t\u00eb formoj\u00eb profesionist\u00eb t\u00eb aft\u00eb dhe etik\u00eb, t\u00eb kontribuoj\u00eb n\u00eb zhvillimin e dijes n\u00eb fush\u00ebn e studimeve islame dhe shkencave humane, si dhe t\u00eb luaj\u00eb nj\u00eb rol aktiv n\u00eb institucionet dhe shoq\u00ebrin\u00eb kosovare p\u00ebrmes ekspertiz\u00ebs profesionale dhe angazhimit qytetar.<\/p>\n\n\n\n<p><\/p>","protected":false},"excerpt":{"rendered":"<p>FSI ka p\u00ebr mision t\u00eb ofroj\u00eb arsim t\u00eb lart\u00eb cil\u00ebsor dhe gjith\u00ebp\u00ebrfshir\u00ebs, t\u00eb zhvilloj\u00eb k\u00ebrkime shkencore me ndikim akademik e shoq\u00ebror dhe t\u00eb sh\u00ebrbej\u00eb komunitetit me vlera islame, etike dhe humane, duke p\u00ebrgatitur kuadro profesionale.<\/p>","protected":false},"author":1,"featured_media":0,"parent":0,"menu_order":0,"comment_status":"closed","ping_status":"closed","template":"","meta":{"footnotes":""},"class_list":["post-20491","page","type-page","status-publish","hentry"],"_links":{"self":[{"href":"https:\/\/fsi-edu.net\/en\/wp-json\/wp\/v2\/pages\/20491","targetHints":{"allow":["GET"]}}],"collection":[{"href":"https:\/\/fsi-edu.net\/en\/wp-json\/wp\/v2\/pages"}],"about":[{"href":"https:\/\/fsi-edu.net\/en\/wp-json\/wp\/v2\/types\/page"}],"author":[{"embeddable":true,"href":"https:\/\/fsi-edu.net\/en\/wp-json\/wp\/v2\/users\/1"}],"replies":[{"embeddable":true,"href":"https:\/\/fsi-edu.net\/en\/wp-json\/wp\/v2\/comments?post=20491"}],"version-history":[{"count":1,"href":"https:\/\/fsi-edu.net\/en\/wp-json\/wp\/v2\/pages\/20491\/revisions"}],"predecessor-version":[{"id":28507,"href":"https:\/\/fsi-edu.net\/en\/wp-json\/wp\/v2\/pages\/20491\/revisions\/28507"}],"wp:attachment":[{"href":"https:\/\/fsi-edu.net\/en\/wp-json\/wp\/v2\/media?parent=20491"}],"curies":[{"name":"wp","href":"https:\/\/api.w.org\/{rel}","templated":true}]}}