{"id":20493,"date":"2021-10-21T09:09:36","date_gmt":"2021-10-21T08:09:36","guid":{"rendered":"https:\/\/fsi-edu.net\/?page_id=20493"},"modified":"2026-03-26T12:34:59","modified_gmt":"2026-03-26T11:34:59","slug":"objektivat","status":"publish","type":"page","link":"https:\/\/fsi-edu.net\/en\/objektivat\/","title":{"rendered":"Objectives"},"content":{"rendered":"<p>Objektivat zhvillimore t\u00eb FSI-s\u00eb p\u00ebr periudh\u00ebn 2026\u20132030 paraqesin drejtimet kryesore strategjike q\u00eb institucioni synon t\u00eb ndjek\u00eb p\u00ebr t\u00eb forcuar rolin e tij akademik, k\u00ebrkimor dhe shoq\u00ebror. K\u00ebto objektiva jan\u00eb formuluar mbi baz\u00ebn e nj\u00eb analize t\u00eb thelluar t\u00eb gjendjes aktuale, e cila p\u00ebrfshiu vler\u00ebsimin e kapaciteteve t\u00eb brendshme, sfidave strukturore, mund\u00ebsive t\u00eb mjedisit, si dhe pritjeve t\u00eb aktor\u00ebve t\u00eb brendsh\u00ebm dhe t\u00eb jasht\u00ebm duke u udh\u00ebhequr nga parimet e p\u00ebrfshirjes, transparenc\u00ebs dhe vendimmarrjes s\u00eb bazuar n\u00eb evidenc\u00eb, duke reflektuar qasjen moderne t\u00eb planifikimit strategjik.<\/p>\n\n\n\n<p>FSI p\u00ebrmes pes\u00eb objektivave t\u00eb p\u00ebrcaktuara synon t\u00eb krijoj\u00eb nj\u00eb mjedis akademik q\u00eb promovon cil\u00ebsi t\u00eb lart\u00eb m\u00ebsimdh\u00ebnieje, prodhim shkencor t\u00eb q\u00ebndruesh\u00ebm, mobilitet nd\u00ebrkomb\u00ebtar, qasje t\u00eb integruar n\u00eb zhvillimin e politikave fetare dhe shoq\u00ebrore, si dhe nj\u00eb kultur\u00eb institucionale t\u00eb bazuar n\u00eb efikasitet, transparenc\u00eb dhe zhvillim t\u00eb vazhduesh\u00ebm.<\/p>\n\n\n\n<p>Objektivat jan\u00eb konceptuar n\u00eb m\u00ebnyr\u00eb t\u00eb till\u00eb q\u00eb t\u00eb garantojn\u00eb matshm\u00ebri p\u00ebrmes indikator\u00ebve t\u00eb qart\u00eb, zbatueshm\u00ebri p\u00ebrmes masave t\u00eb p\u00ebrcaktuara dhe ndikim afatgjat\u00eb n\u00eb p\u00ebrmbushjen e misionit t\u00eb Fakultetit. N\u00eb thelb, objektivat zhvillimore p\u00ebrb\u00ebjn\u00eb arkitektur\u00ebn strategjike t\u00eb planit dhe sh\u00ebrbejn\u00eb si mekaniz\u00ebm udh\u00ebheq\u00ebs p\u00ebr t\u00eb gjitha proceset akademike, administrative dhe k\u00ebrkimore t\u00eb institucionit gjat\u00eb periudh\u00ebs 2026\u20132030, duke siguruar q\u00eb FSI t\u00eb ec\u00eb drejt nj\u00eb modeli modern dhe t\u00eb konsoliduar t\u00eb arsimit t\u00eb lart\u00eb.<\/p>\n\n\n\n<p><strong>Lista e objektivave zhvillimore:<\/strong><\/p>\n\n\n\n<p>1. P\u00ebrmir\u00ebsimi i cil\u00ebsis\u00eb akademike dhe inovacionit n\u00eb m\u00ebsimdh\u00ebnie<\/p>\n\n\n\n<p>2. Zhvillimi i kapaciteteve k\u00ebrkimore dhe publikimeve shkencore<\/p>\n\n\n\n<p>3. Nd\u00ebrkomb\u00ebtarizimi dhe bashk\u00ebpunimi institucional<\/p>\n\n\n\n<p>4. Forcimi i lidhjes me komunitetin dhe tregun e pun\u00ebs<\/p>\n\n\n\n<p>5. Zhvillimi institucional dhe q\u00ebndrueshm\u00ebria<\/p>","protected":false},"excerpt":{"rendered":"<p>Objektivat zhvillimore t\u00eb FSI-s\u00eb p\u00ebr periudh\u00ebn 2026\u20132030 paraqesin drejtimet kryesore strategjike q\u00eb institucioni synon t\u00eb ndjek\u00eb p\u00ebr t\u00eb forcuar rolin e tij akademik, k\u00ebrkimor dhe shoq\u00ebror. K\u00ebto objektiva jan\u00eb formuluar mbi baz\u00ebn e nj\u00eb analize<\/p>","protected":false},"author":1,"featured_media":0,"parent":0,"menu_order":0,"comment_status":"closed","ping_status":"closed","template":"","meta":{"footnotes":""},"class_list":["post-20493","page","type-page","status-publish","hentry"],"_links":{"self":[{"href":"https:\/\/fsi-edu.net\/en\/wp-json\/wp\/v2\/pages\/20493","targetHints":{"allow":["GET"]}}],"collection":[{"href":"https:\/\/fsi-edu.net\/en\/wp-json\/wp\/v2\/pages"}],"about":[{"href":"https:\/\/fsi-edu.net\/en\/wp-json\/wp\/v2\/types\/page"}],"author":[{"embeddable":true,"href":"https:\/\/fsi-edu.net\/en\/wp-json\/wp\/v2\/users\/1"}],"replies":[{"embeddable":true,"href":"https:\/\/fsi-edu.net\/en\/wp-json\/wp\/v2\/comments?post=20493"}],"version-history":[{"count":1,"href":"https:\/\/fsi-edu.net\/en\/wp-json\/wp\/v2\/pages\/20493\/revisions"}],"predecessor-version":[{"id":28508,"href":"https:\/\/fsi-edu.net\/en\/wp-json\/wp\/v2\/pages\/20493\/revisions\/28508"}],"wp:attachment":[{"href":"https:\/\/fsi-edu.net\/en\/wp-json\/wp\/v2\/media?parent=20493"}],"curies":[{"name":"wp","href":"https:\/\/api.w.org\/{rel}","templated":true}]}}