{"id":20643,"date":"2021-11-02T13:40:04","date_gmt":"2021-11-02T12:40:04","guid":{"rendered":"https:\/\/fsi-edu.net\/?page_id=20643"},"modified":"2024-10-21T20:11:44","modified_gmt":"2024-10-21T18:11:44","slug":"buletini","status":"publish","type":"page","link":"https:\/\/fsi-edu.net\/en\/buletini\/","title":{"rendered":"Bulletin"},"content":{"rendered":"<h3 class=\"wp-block-heading\" id=\"buletini-1-reviste-hulumtuese-shkencore-e-fakultetit-te-studimeve-islame\"><mark style=\"background-color:rgba(0, 0, 0, 0)\" class=\"has-inline-color has-vivid-red-color\"><a rel=\"noreferrer noopener\" href=\"https:\/\/fsi-edu.net\/wp-content\/uploads\/2021\/11\/buletini-1.pdf\" target=\"_blank\">BULETINI<\/a> 1 <\/mark>&#8211; <em>Revist\u00eb hulumtuese, shkencore e Fakultetit t\u00eb Studimeve Islame<\/em>  <\/h3>\n\n\n\n<h3 class=\"wp-block-heading\" id=\"buletini-2-reviste-hulumtuese-shkencore-e-fakultetit-te-studimeve-islame\"><mark style=\"background-color:rgba(0, 0, 0, 0)\" class=\"has-inline-color has-vivid-red-color\"><a rel=\"noreferrer noopener\" href=\"https:\/\/fsi-edu.net\/wp-content\/uploads\/2021\/11\/buletini-2.pdf\" data-type=\"URL\" data-id=\"https:\/\/fsi-edu.net\/wp-content\/uploads\/2021\/11\/buletini-2.pdf\" target=\"_blank\">BULETINI<\/a> 2 <\/mark>&#8211; <em>Revist\u00eb hulumtuese, shkencore e Fakultetit t\u00eb Studimeve Islame<\/em> <\/h3>\n\n\n\n<h3 class=\"wp-block-heading\" id=\"buletini-3-reviste-hulumtuese-shkencore-e-fakultetit-te-studimeve-islame\"><mark style=\"background-color:rgba(0, 0, 0, 0)\" class=\"has-inline-color has-vivid-red-color\"><a rel=\"noreferrer noopener\" href=\"https:\/\/fsi-edu.net\/wp-content\/uploads\/2021\/11\/buletini-3.pdf\" target=\"_blank\">BULETINI<\/a> 3 <\/mark>&#8211; <em>Revist\u00eb hulumtuese, shkencore e Fakultetit t\u00eb Studimeve Islame<\/em>  <\/h3>\n\n\n\n<h3 class=\"wp-block-heading\" id=\"buletini-4-reviste-hulumtuese-shkencore-e-fakultetit-te-studimeve-islame\"><mark style=\"background-color:rgba(0, 0, 0, 0)\" class=\"has-inline-color has-vivid-red-color\"><a href=\"https:\/\/fsi-edu.net\/wp-content\/uploads\/2021\/11\/buletini-4.pdf\" target=\"_blank\" rel=\"noreferrer noopener\">BULETINI<\/a> 4 <\/mark>&#8211; <em>Revist\u00eb hulumtuese, shkencore e Fakultetit t\u00eb Studimeve Islame<\/em><\/h3>\n\n\n\n<h3 class=\"wp-block-heading\" id=\"buletini-5-reviste-hulumtuese-shkencore-e-fakultetit-te-studimeve-islame\"><mark style=\"background-color:rgba(0, 0, 0, 0)\" class=\"has-inline-color has-vivid-red-color\"><a rel=\"noreferrer noopener\" href=\"https:\/\/fsi-edu.net\/wp-content\/uploads\/2021\/11\/buletini-5.pdf\" target=\"_blank\">BULETINI<\/a> 5<\/mark> &#8211; <em>Revist\u00eb hulumtuese, shkencore e Fakultetit t\u00eb Studimeve Islame<\/em> <\/h3>\n\n\n\n<h3 class=\"wp-block-heading\" id=\"buletini-6-reviste-hulumtuese-shkencore-e-fakultetit-te-studimeve-islame\"><mark style=\"background-color:rgba(0, 0, 0, 0)\" class=\"has-inline-color has-vivid-red-color\"><a rel=\"noreferrer noopener\" href=\"https:\/\/fsi-edu.net\/wp-content\/uploads\/2021\/11\/buletini-6.pdf\" target=\"_blank\">BULETINI<\/a> 6 <\/mark>&#8211; <em>Revist\u00eb hulumtuese, shkencore e Fakultetit t\u00eb Studimeve Islame<\/em>  <\/h3>\n\n\n\n<h3 class=\"wp-block-heading\" id=\"buletini-6-reviste-hulumtuese-shkencore-e-fakultetit-te-studimeve-islame\"><mark style=\"background-color:rgba(0, 0, 0, 0)\" class=\"has-inline-color has-vivid-red-color\"><a href=\"https:\/\/fsi-edu.net\/wp-content\/uploads\/2021\/11\/buletini-7.pdf\" data-type=\"link\" data-id=\"https:\/\/fsi-edu.net\/wp-content\/uploads\/2021\/11\/buletini-7.pdf\" target=\"_blank\" rel=\"noreferrer noopener\">BULETINI<\/a> 7 <\/mark>&#8211; <em>Revist\u00eb hulumtuese, shkencore e Fakultetit t\u00eb Studimeve Islame<\/em><\/h3>\n\n\n\n<h3 class=\"wp-block-heading\" id=\"buletini-7-reviste-hulumtuese-shkencore-e-fakultetit-te-studimeve-islame\"><mark style=\"background-color:rgba(0, 0, 0, 0)\" class=\"has-inline-color has-vivid-red-color\"><a href=\"https:\/\/fsi-edu.net\/wp-content\/uploads\/2024\/10\/Buletini-8-nr.-1.pdf\" target=\"_blank\" rel=\"noreferrer noopener\">BULETINI<\/a> 8 <\/mark>&#8211; REVIST\u00cb HULUMTUESE, FETARE, SHKENCORE v\u00ebllimi 8, nr. 1<\/h3>\n\n\n\n<h3 class=\"wp-block-heading\" id=\"buletini-7-reviste-hulumtuese-shkencore-e-fakultetit-te-studimeve-islame\"><mark style=\"background-color:rgba(0, 0, 0, 0)\" class=\"has-inline-color has-vivid-red-color\"><a href=\"https:\/\/fsi-edu.net\/wp-content\/uploads\/2024\/10\/Buletini-8-nr.-2.pdf\" target=\"_blank\" rel=\"noreferrer noopener\">BULETINI<\/a> 8 <\/mark>&#8211; REVIST\u00cb HULUMTUESE, FETARE, SHKENCORE v\u00ebllimi 8, nr. 2<\/h3>","protected":false},"excerpt":{"rendered":"<p>BULETINI 1 &#8211; Revist\u00eb hulumtuese, shkencore e Fakultetit t\u00eb Studimeve Islame BULETINI 2 &#8211; Revist\u00eb hulumtuese, shkencore e Fakultetit t\u00eb Studimeve Islame BULETINI 3 &#8211; Revist\u00eb hulumtuese, shkencore e Fakultetit t\u00eb Studimeve Islame BULETINI 4<\/p>","protected":false},"author":1,"featured_media":0,"parent":0,"menu_order":5,"comment_status":"closed","ping_status":"closed","template":"","meta":{"footnotes":""},"class_list":["post-20643","page","type-page","status-publish","hentry"],"_links":{"self":[{"href":"https:\/\/fsi-edu.net\/en\/wp-json\/wp\/v2\/pages\/20643","targetHints":{"allow":["GET"]}}],"collection":[{"href":"https:\/\/fsi-edu.net\/en\/wp-json\/wp\/v2\/pages"}],"about":[{"href":"https:\/\/fsi-edu.net\/en\/wp-json\/wp\/v2\/types\/page"}],"author":[{"embeddable":true,"href":"https:\/\/fsi-edu.net\/en\/wp-json\/wp\/v2\/users\/1"}],"replies":[{"embeddable":true,"href":"https:\/\/fsi-edu.net\/en\/wp-json\/wp\/v2\/comments?post=20643"}],"version-history":[{"count":0,"href":"https:\/\/fsi-edu.net\/en\/wp-json\/wp\/v2\/pages\/20643\/revisions"}],"wp:attachment":[{"href":"https:\/\/fsi-edu.net\/en\/wp-json\/wp\/v2\/media?parent=20643"}],"curies":[{"name":"wp","href":"https:\/\/api.w.org\/{rel}","templated":true}]}}