{"id":20688,"date":"2021-11-02T14:41:00","date_gmt":"2021-11-02T13:41:00","guid":{"rendered":"https:\/\/fsi-edu.net\/?page_id=20688"},"modified":"2024-11-18T14:49:24","modified_gmt":"2024-11-18T13:49:24","slug":"monografi","status":"publish","type":"page","link":"https:\/\/fsi-edu.net\/en\/monografi\/","title":{"rendered":"Monographs"},"content":{"rendered":"<p><\/p>\n\n\n\n<h3 class=\"wp-block-heading\"><a href=\"https:\/\/fsi-edu.net\/wp-content\/uploads\/2021\/11\/Monografi-25-vjetori-2017-1.pdf\" data-type=\"link\" data-id=\"https:\/\/fsi-edu.net\/wp-content\/uploads\/2021\/11\/Monografi-25-vjetori-2017-1.pdf\"><span class=\"has-inline-color has-vivid-red-color\">FAKULTETI I STUDIMEVE ISLAME<\/span> &#8211;<em> (Monografi me rastin e 25-vjetorit t\u00eb themelimit)<\/em><\/a><\/h3>\n\n\n\n<p class=\"wp-block-pdfemb-pdf-embedder-viewer\"><\/p>\n\n\n\n<h3 class=\"wp-block-heading\"> <a href=\"https:\/\/fsi-edu.net\/wp-content\/uploads\/2021\/11\/KATALOGU-FSI_2.pdf\" data-type=\"link\" data-id=\"https:\/\/fsi-edu.net\/wp-content\/uploads\/2021\/11\/KATALOGU-FSI_2.pdf\"><span class=\"has-inline-color has-vivid-red-color\">FAKULTETI I STUDIMEVE ISLAME<\/span> &#8211;<em> (Katalogu)<\/em><\/a> <\/h3>\n\n\n\n<p class=\"wp-block-pdfemb-pdf-embedder-viewer\"><\/p>\n\n\n\n<h3 class=\"wp-block-heading\"><a href=\"https:\/\/fsi-edu.net\/wp-content\/uploads\/2021\/11\/katalogu-1992-2014-v.2015.pdf\" data-type=\"link\" data-id=\"https:\/\/fsi-edu.net\/wp-content\/uploads\/2021\/11\/katalogu-1992-2014-v.2015.pdf\"> <span class=\"has-inline-color has-vivid-red-color\">FAKULTETI I STUDIMEVE ISLAME<\/span> &#8211;<em> (Katalog i biblotek\u00ebs s\u00eb FSI-s\u00eb 1992-2014)<\/em><\/a>  <\/h3>\n\n\n\n<p class=\"wp-block-pdfemb-pdf-embedder-viewer\"><\/p>","protected":false},"excerpt":{"rendered":"<p>FAKULTETI I STUDIMEVE ISLAME &#8211; (Monografi me rastin e 25-vjetorit t\u00eb themelimit) FAKULTETI I STUDIMEVE ISLAME &#8211; (Katalogu) FAKULTETI I STUDIMEVE ISLAME &#8211; (Katalog i biblotek\u00ebs s\u00eb FSI-s\u00eb 1992-2014)<\/p>","protected":false},"author":1,"featured_media":0,"parent":0,"menu_order":0,"comment_status":"closed","ping_status":"closed","template":"","meta":{"footnotes":""},"class_list":["post-20688","page","type-page","status-publish","hentry"],"_links":{"self":[{"href":"https:\/\/fsi-edu.net\/en\/wp-json\/wp\/v2\/pages\/20688","targetHints":{"allow":["GET"]}}],"collection":[{"href":"https:\/\/fsi-edu.net\/en\/wp-json\/wp\/v2\/pages"}],"about":[{"href":"https:\/\/fsi-edu.net\/en\/wp-json\/wp\/v2\/types\/page"}],"author":[{"embeddable":true,"href":"https:\/\/fsi-edu.net\/en\/wp-json\/wp\/v2\/users\/1"}],"replies":[{"embeddable":true,"href":"https:\/\/fsi-edu.net\/en\/wp-json\/wp\/v2\/comments?post=20688"}],"version-history":[{"count":0,"href":"https:\/\/fsi-edu.net\/en\/wp-json\/wp\/v2\/pages\/20688\/revisions"}],"wp:attachment":[{"href":"https:\/\/fsi-edu.net\/en\/wp-json\/wp\/v2\/media?parent=20688"}],"curies":[{"name":"wp","href":"https:\/\/api.w.org\/{rel}","templated":true}]}}