{"id":20694,"date":"2021-11-02T14:48:15","date_gmt":"2021-11-02T13:48:15","guid":{"rendered":"https:\/\/fsi-edu.net\/?page_id=20694"},"modified":"2024-11-19T07:55:38","modified_gmt":"2024-11-19T06:55:38","slug":"projekte-hulumtuese","status":"publish","type":"page","link":"https:\/\/fsi-edu.net\/en\/projekte-hulumtuese\/","title":{"rendered":"Projekte Hulumtuese"},"content":{"rendered":"<h3 class=\"wp-block-heading\" id=\"fakulteti-i-studimeve-islame-ndikimi-i-rrjeteve-sociale-te-te-rinjte\"><strong><a href=\"https:\/\/fsi-edu.net\/wp-content\/uploads\/2021\/11\/4.-fund-ndikimi-i-rrejteve-sociale-thyerje.pdf\" target=\"_blank\" rel=\"noreferrer noopener\"><mark style=\"background-color:rgba(0, 0, 0, 0)\" class=\"has-inline-color has-vivid-red-color\">FAKULTETI I STUDIMEVE ISLAME<\/mark> &#8211; (<em>Ndikimi i rrjeteve sociale te t\u00eb rinjt\u00eb<\/em>)<\/a><\/strong><\/h3>\n\n\n\n<h3 class=\"wp-block-heading\" id=\"epitafet-ne-gjuhen-osmane-ne-regjionin-e-prishtines\"><strong><a href=\"https:\/\/fsi-edu.net\/wp-content\/uploads\/2022\/01\/1-Epitafet-ne-gjuhen-Osmane-ne-regjionin-e-Prishtines-ME-KOPERTINE.pdf\" target=\"_blank\" rel=\"noreferrer noopener\">Epitafet ne gjuhen osmane ne regjionin e Prishtines<\/a>\u00a0<\/strong><\/h3>\n\n\n\n<h3 class=\"wp-block-heading\" id=\"epitafet-ne-gjuhen-osmane-ne-regjionin-e-mitrovices\"><strong><a href=\"https:\/\/fsi-edu.net\/wp-content\/uploads\/2022\/01\/2-Epitafet-ne-gjuhen-osmane-ne-regjionin-e-Mitrovices.pdf\" target=\"_blank\" rel=\"noreferrer noopener\">Epitafet ne gjuhen osmane ne regjionin e Mitrovices<\/a><\/strong><\/h3>\n\n\n\n<h3 class=\"wp-block-heading\" id=\"epitafet-ne-gjuhen-osmane-ne-regjionin-e-gjilanit\"><strong><a href=\"https:\/\/fsi-edu.net\/wp-content\/uploads\/2022\/02\/Gjilani-3-Epitafet.pdf\" target=\"_blank\" rel=\"noreferrer noopener\">Epitafet ne gjuhen osmane ne regjionin e Gjilanit<\/a><\/strong><\/h3>\n\n\n\n<h3 class=\"wp-block-heading\" id=\"epitafet-ne-gjuhen-osmane-ne-regjionin-e-gjilanit\"><a href=\"https:\/\/fsi-edu.net\/wp-content\/uploads\/2024\/10\/Epitafet-ne-gjuhen-osmane-ne-regjionin-e-Ferizajit.pdf\" data-type=\"link\" data-id=\"https:\/\/fsi-edu.net\/wp-content\/uploads\/2024\/10\/Epitafet-ne-gjuhen-osmane-ne-regjionin-e-Ferizajit.pdf\">Epitafet n\u00eb gjuh\u00ebn osmane n\u00eb regjionin e Ferizajit<\/a><\/h3>","protected":false},"excerpt":{"rendered":"<p>FAKULTETI I STUDIMEVE ISLAME &#8211; (Ndikimi i rrjeteve sociale te t\u00eb rinjt\u00eb) Epitafet ne gjuhen osmane ne regjionin e Prishtines\u00a0 Epitafet ne gjuhen osmane ne regjionin e Mitrovices Epitafet ne gjuhen osmane ne regjionin e<\/p>","protected":false},"author":1,"featured_media":0,"parent":0,"menu_order":0,"comment_status":"closed","ping_status":"closed","template":"","meta":{"footnotes":""},"class_list":["post-20694","page","type-page","status-publish","hentry"],"_links":{"self":[{"href":"https:\/\/fsi-edu.net\/en\/wp-json\/wp\/v2\/pages\/20694","targetHints":{"allow":["GET"]}}],"collection":[{"href":"https:\/\/fsi-edu.net\/en\/wp-json\/wp\/v2\/pages"}],"about":[{"href":"https:\/\/fsi-edu.net\/en\/wp-json\/wp\/v2\/types\/page"}],"author":[{"embeddable":true,"href":"https:\/\/fsi-edu.net\/en\/wp-json\/wp\/v2\/users\/1"}],"replies":[{"embeddable":true,"href":"https:\/\/fsi-edu.net\/en\/wp-json\/wp\/v2\/comments?post=20694"}],"version-history":[{"count":0,"href":"https:\/\/fsi-edu.net\/en\/wp-json\/wp\/v2\/pages\/20694\/revisions"}],"wp:attachment":[{"href":"https:\/\/fsi-edu.net\/en\/wp-json\/wp\/v2\/media?parent=20694"}],"curies":[{"name":"wp","href":"https:\/\/api.w.org\/{rel}","templated":true}]}}