{"id":20786,"date":"2021-11-03T14:33:31","date_gmt":"2021-11-03T13:33:31","guid":{"rendered":"https:\/\/fsi-edu.net\/?page_id=20786"},"modified":"2024-11-18T14:35:22","modified_gmt":"2024-11-18T13:35:22","slug":"revista-e-studenteve","status":"publish","type":"page","link":"https:\/\/fsi-edu.net\/en\/revista-e-studenteve\/","title":{"rendered":"Students Magazine"},"content":{"rendered":"<p><\/p>\n\n\n\n<h3 class=\"wp-block-heading\"><a href=\"https:\/\/fsi-edu.net\/wp-content\/uploads\/2021\/11\/Zgjimi-Islam-5-2004.pdf\" data-type=\"link\" data-id=\"https:\/\/fsi-edu.net\/wp-content\/uploads\/2021\/11\/Zgjimi-Islam-5-2004.pdf\"><mark style=\"background-color:rgba(0, 0, 0, 0)\" class=\"has-inline-color has-vivid-red-color\">ZGJIMI ISLAM 5<\/mark> &#8211; (<em>Revist\u00eb e student\u00ebve t\u00eb Fakultetit t\u00eb Studimeve Islame, Prishtin\u00eb<\/em>)<\/a><\/h3>\n\n\n\n<p class=\"wp-block-pdfemb-pdf-embedder-viewer\"><\/p>\n\n\n\n<h3 class=\"wp-block-heading\"><a href=\"https:\/\/fsi-edu.net\/wp-content\/uploads\/2021\/11\/Zgjimi-Islam-6-2006.pdf\" data-type=\"link\" data-id=\"https:\/\/fsi-edu.net\/wp-content\/uploads\/2021\/11\/Zgjimi-Islam-6-2006.pdf\"><mark style=\"background-color:rgba(0, 0, 0, 0)\" class=\"has-inline-color has-vivid-red-color\">ZGJIMI ISLAM 6<\/mark> &#8211; (<em>Revist\u00eb e student\u00ebve t\u00eb Fakultetit t\u00eb Studimeve Islame, Prishtin\u00eb<\/em>) <\/a><\/h3>\n\n\n\n<p class=\"wp-block-pdfemb-pdf-embedder-viewer\"><\/p>\n\n\n\n<h3 class=\"wp-block-heading\"><a href=\"https:\/\/fsi-edu.net\/wp-content\/uploads\/2021\/11\/Zgjimi-Islam-7-2009.pdf\" data-type=\"link\" data-id=\"https:\/\/fsi-edu.net\/wp-content\/uploads\/2021\/11\/Zgjimi-Islam-7-2009.pdf\"><mark style=\"background-color:rgba(0, 0, 0, 0)\" class=\"has-inline-color has-vivid-red-color\">ZGJIMI ISLAM 7<\/mark> &#8211; (<em>Revist\u00eb e student\u00ebve t\u00eb Fakultetit t\u00eb Studimeve Islame, Prishtin\u00eb<\/em>)<\/a> <\/h3>\n\n\n\n<p class=\"wp-block-pdfemb-pdf-embedder-viewer\"><\/p>\n\n\n\n<h3 class=\"wp-block-heading\"><a href=\"https:\/\/fsi-edu.net\/wp-content\/uploads\/2021\/11\/Zgjimi-Islam-13-2020.pdf\" data-type=\"link\" data-id=\"https:\/\/fsi-edu.net\/wp-content\/uploads\/2021\/11\/Zgjimi-Islam-7-2009.pdf\"><mark style=\"background-color:rgba(0, 0, 0, 0)\" class=\"has-inline-color has-vivid-red-color\">ZGJIMI ISLAM 13<\/mark> &#8211; (<em>Revist\u00eb e student\u00ebve t\u00eb Fakultetit t\u00eb Studimeve Islame, Prishtin\u00eb<\/em>)<\/a><\/h3>\n\n\n\n<p class=\"wp-block-pdfemb-pdf-embedder-viewer\"><\/p>\n\n\n\n<h3 class=\"wp-block-heading\"><strong><a href=\"https:\/\/fsi-edu.net\/wp-content\/uploads\/2022\/06\/Zgjimi-Islam-2022-press.pdf\" data-type=\"link\" data-id=\"https:\/\/fsi-edu.net\/wp-content\/uploads\/2021\/11\/Zgjimi-Islam-13-2020.pdf\"><mark style=\"background-color:rgba(0, 0, 0, 0)\" class=\"has-inline-color has-vivid-red-color\">ZGJIMI ISLAM 22 <\/mark>&#8211; (<em>Revist\u00eb e student\u00ebve t\u00eb Fakultetit t\u00eb Studimeve Islame, Prishtin\u00eb<\/em>)<\/a><\/strong><\/h3>\n\n\n\n<p class=\"wp-block-pdfemb-pdf-embedder-viewer\"><\/p>\n\n\n\n<p><\/p>","protected":false},"excerpt":{"rendered":"<p>ZGJIMI ISLAM 5 &#8211; (Revist\u00eb e student\u00ebve t\u00eb Fakultetit t\u00eb Studimeve Islame, Prishtin\u00eb) ZGJIMI ISLAM 6 &#8211; (Revist\u00eb e student\u00ebve t\u00eb Fakultetit t\u00eb Studimeve Islame, Prishtin\u00eb) ZGJIMI ISLAM 7 &#8211; (Revist\u00eb e student\u00ebve t\u00eb Fakultetit<\/p>","protected":false},"author":1,"featured_media":0,"parent":0,"menu_order":0,"comment_status":"closed","ping_status":"closed","template":"","meta":{"footnotes":""},"class_list":["post-20786","page","type-page","status-publish","hentry"],"_links":{"self":[{"href":"https:\/\/fsi-edu.net\/en\/wp-json\/wp\/v2\/pages\/20786","targetHints":{"allow":["GET"]}}],"collection":[{"href":"https:\/\/fsi-edu.net\/en\/wp-json\/wp\/v2\/pages"}],"about":[{"href":"https:\/\/fsi-edu.net\/en\/wp-json\/wp\/v2\/types\/page"}],"author":[{"embeddable":true,"href":"https:\/\/fsi-edu.net\/en\/wp-json\/wp\/v2\/users\/1"}],"replies":[{"embeddable":true,"href":"https:\/\/fsi-edu.net\/en\/wp-json\/wp\/v2\/comments?post=20786"}],"version-history":[{"count":0,"href":"https:\/\/fsi-edu.net\/en\/wp-json\/wp\/v2\/pages\/20786\/revisions"}],"wp:attachment":[{"href":"https:\/\/fsi-edu.net\/en\/wp-json\/wp\/v2\/media?parent=20786"}],"curies":[{"name":"wp","href":"https:\/\/api.w.org\/{rel}","templated":true}]}}