{"id":21061,"date":"2021-12-20T12:20:03","date_gmt":"2021-12-20T11:20:03","guid":{"rendered":"https:\/\/fsi-edu.net\/?page_id=21061"},"modified":"2025-09-23T12:05:09","modified_gmt":"2025-09-23T10:05:09","slug":"rregullore","status":"publish","type":"page","link":"https:\/\/fsi-edu.net\/en\/rregullore\/","title":{"rendered":"Regulation"},"content":{"rendered":"<p class=\"has-vivid-red-color has-text-color has-link-color has-medium-font-size wp-elements-cf1dae87d09c1dc84a555427bb50a32a\">         <strong>Albanian<\/strong><\/p>\n\n\n\n<div class=\"wp-block-file\"><a id=\"wp-block-file--media-318053b1-e719-496e-9ad2-e97ead306787\" href=\"https:\/\/fsi-edu.net\/wp-content\/uploads\/2024\/11\/1-12.-Rregullor-mbi-proceduren-e-paraqitjes-se-punimit-te-diplomes.docx\">1-12. Rregullore mbi proceduren e paraqitjes se punimit te diplomes<\/a><a href=\"https:\/\/fsi-edu.net\/wp-content\/uploads\/2024\/11\/1-12.-Rregullor-mbi-proceduren-e-paraqitjes-se-punimit-te-diplomes.docx\" class=\"wp-block-file__button wp-element-button\" download aria-describedby=\"wp-block-file--media-318053b1-e719-496e-9ad2-e97ead306787\">Shkarkoje<\/a><\/div>\n\n\n\n<p><\/p>\n\n\n\n<div class=\"wp-block-file\"><a id=\"wp-block-file--media-3e3bd2d8-a9fb-441f-984e-99483b6f1135\" href=\"https:\/\/fsi-edu.net\/wp-content\/uploads\/2024\/11\/1-14.-Rregullorja-per-zgjedhjen-e-anetareve-te-KMSH-se-dhe-Dekanit-Finalja.docx\">1-14. Rregullorja per zgjedhjen e anetareve te KMSH-se dhe Dekanit<\/a><a href=\"https:\/\/fsi-edu.net\/wp-content\/uploads\/2024\/11\/1-14.-Rregullorja-per-zgjedhjen-e-anetareve-te-KMSH-se-dhe-Dekanit-Finalja.docx\" class=\"wp-block-file__button wp-element-button\" download aria-describedby=\"wp-block-file--media-3e3bd2d8-a9fb-441f-984e-99483b6f1135\">Shkarkoje<\/a><\/div>\n\n\n\n<p><\/p>\n\n\n\n<div class=\"wp-block-file\"><a id=\"wp-block-file--media-afc48860-4f94-4c84-a04c-2253255dcf1c\" href=\"https:\/\/fsi-edu.net\/wp-content\/uploads\/2024\/11\/2-14.-Rregullore-per-studime.docx\">2-14. Rregullore per studime<\/a><a href=\"https:\/\/fsi-edu.net\/wp-content\/uploads\/2024\/11\/2-14.-Rregullore-per-studime.docx\" class=\"wp-block-file__button wp-element-button\" download aria-describedby=\"wp-block-file--media-afc48860-4f94-4c84-a04c-2253255dcf1c\">Shkarkoje<\/a><\/div>\n\n\n\n<p><\/p>\n\n\n\n<div class=\"wp-block-file\"><a id=\"wp-block-file--media-295ca0fd-aaac-4be4-855d-f67c1b1546a3\" href=\"https:\/\/fsi-edu.net\/wp-content\/uploads\/2024\/11\/3-14.-Rregullore-per-sistemin-tutorial.docx\">3-14. Rregullore per sistemin tutorial<\/a><a href=\"https:\/\/fsi-edu.net\/wp-content\/uploads\/2024\/11\/3-14.-Rregullore-per-sistemin-tutorial.docx\" class=\"wp-block-file__button wp-element-button\" download aria-describedby=\"wp-block-file--media-295ca0fd-aaac-4be4-855d-f67c1b1546a3\">Shkarkoje<\/a><\/div>\n\n\n\n<p><\/p>\n\n\n\n<div class=\"wp-block-file\"><a id=\"wp-block-file--media-a7d56392-32ba-4a74-92e6-25c61174c672\" href=\"https:\/\/fsi-edu.net\/wp-content\/uploads\/2024\/11\/4-14.-Rregullore-per-veprimtari-kerkimore-Dekani.rtf\">4-14. Rregullore per veprimtari kerkimore &#8211; Dekani<\/a><a href=\"https:\/\/fsi-edu.net\/wp-content\/uploads\/2024\/11\/4-14.-Rregullore-per-veprimtari-kerkimore-Dekani.rtf\" class=\"wp-block-file__button wp-element-button\" download aria-describedby=\"wp-block-file--media-a7d56392-32ba-4a74-92e6-25c61174c672\">Shkarkoje<\/a><\/div>\n\n\n\n<p><\/p>\n\n\n\n<div class=\"wp-block-file\"><a id=\"wp-block-file--media-8edf2850-e713-4065-ab25-8f9da903fc6f\" href=\"https:\/\/fsi-edu.net\/wp-content\/uploads\/2024\/11\/1-16.-Rregullore-per-sistematizimin-per-WEB.docx\">1-16. Rregullore per sistematizimin per WEB<\/a><a href=\"https:\/\/fsi-edu.net\/wp-content\/uploads\/2024\/11\/1-16.-Rregullore-per-sistematizimin-per-WEB.docx\" class=\"wp-block-file__button wp-element-button\" download aria-describedby=\"wp-block-file--media-8edf2850-e713-4065-ab25-8f9da903fc6f\">Shkarkoje<\/a><\/div>\n\n\n\n<p><\/p>\n\n\n\n<div class=\"wp-block-file\"><a id=\"wp-block-file--media-5190bffc-82c6-430e-b482-fb8d9e2637e5\" href=\"https:\/\/fsi-edu.net\/wp-content\/uploads\/2024\/11\/1-17.-Rregullore-per-Botime-web.docx\">1-17. Rregullore per Botime web<\/a><a href=\"https:\/\/fsi-edu.net\/wp-content\/uploads\/2024\/11\/1-17.-Rregullore-per-Botime-web.docx\" class=\"wp-block-file__button wp-element-button\" download aria-describedby=\"wp-block-file--media-5190bffc-82c6-430e-b482-fb8d9e2637e5\">Shkarkoje<\/a><\/div>\n\n\n\n<p><\/p>\n\n\n\n<div class=\"wp-block-file\"><a id=\"wp-block-file--media-b1df76df-7f4c-4740-8003-669c080524fc\" href=\"https:\/\/fsi-edu.net\/wp-content\/uploads\/2024\/11\/1-23-Rregullorja-e-Kodit-te-Etikes-01.-02.-2023-1.pdf\">1-23 Rregullorja e Kodit t\u00eb Etikes <\/a><a href=\"https:\/\/fsi-edu.net\/wp-content\/uploads\/2024\/11\/1-23-Rregullorja-e-Kodit-te-Etikes-01.-02.-2023-1.pdf\" class=\"wp-block-file__button wp-element-button\" download aria-describedby=\"wp-block-file--media-b1df76df-7f4c-4740-8003-669c080524fc\">Shkarkoje<\/a><\/div>\n\n\n\n<p><\/p>\n\n\n\n<div class=\"wp-block-file\"><a id=\"wp-block-file--media-ba8ee48f-7566-4d09-b8e3-34958e5d373c\" href=\"https:\/\/fsi-edu.net\/wp-content\/uploads\/2024\/11\/2-23-Rregullore-per-inicimin-dhe-hartimin-e-marreveshjeve-14.06.2023.pdf\">2-23 Rregullore per inicimin dhe hartimin e marr\u00ebveshjeve <\/a><a href=\"https:\/\/fsi-edu.net\/wp-content\/uploads\/2024\/11\/2-23-Rregullore-per-inicimin-dhe-hartimin-e-marreveshjeve-14.06.2023.pdf\" class=\"wp-block-file__button wp-element-button\" download aria-describedby=\"wp-block-file--media-ba8ee48f-7566-4d09-b8e3-34958e5d373c\">Shkarkoje<\/a><\/div>\n\n\n\n<p><\/p>\n\n\n\n<div class=\"wp-block-file\"><a id=\"wp-block-file--media-45725f89-48c3-498e-abda-8ec7d96974e9\" href=\"https:\/\/fsi-edu.net\/wp-content\/uploads\/2024\/11\/3-23-Rregullore-per-mobilitet-te-studenteve-14.06.2023.pdf\">3-23 Rregullore per mobilitet te studenteve <\/a><a href=\"https:\/\/fsi-edu.net\/wp-content\/uploads\/2024\/11\/3-23-Rregullore-per-mobilitet-te-studenteve-14.06.2023.pdf\" class=\"wp-block-file__button wp-element-button\" download aria-describedby=\"wp-block-file--media-45725f89-48c3-498e-abda-8ec7d96974e9\">Shkarkoje<\/a><\/div>\n\n\n\n<p><\/p>\n\n\n\n<div class=\"wp-block-file\"><a id=\"wp-block-file--media-4f46d5f5-4521-47da-93da-860233f160bc\" href=\"https:\/\/fsi-edu.net\/wp-content\/uploads\/2024\/11\/4-23-Rregullore-per-parandalimin-e-konfliktit-te-interesit-14.06.2023.pdf\">4-23 Rregullore p\u00ebr parandalimin e konfliktit t\u00eb interesit<\/a><a href=\"https:\/\/fsi-edu.net\/wp-content\/uploads\/2024\/11\/4-23-Rregullore-per-parandalimin-e-konfliktit-te-interesit-14.06.2023.pdf\" class=\"wp-block-file__button wp-element-button\" download aria-describedby=\"wp-block-file--media-4f46d5f5-4521-47da-93da-860233f160bc\">Shkarkoje<\/a><\/div>\n\n\n\n<p><\/p>\n\n\n\n<div class=\"wp-block-file\"><a id=\"wp-block-file--media-195d8c94-9092-4d08-bb24-393789bac139\" href=\"https:\/\/fsi-edu.net\/wp-content\/uploads\/2024\/11\/1-Rregullore-per-procedurat-perzgjedhese-lidhur-me-emeriminriemerimin-dhe-avancimin-E-aprovuar.pdf\">1 Rregullore per procedurat perzgjedhese lidhur me emerimin,riemerimin dhe avancimin <\/a><a href=\"https:\/\/fsi-edu.net\/wp-content\/uploads\/2024\/11\/1-Rregullore-per-procedurat-perzgjedhese-lidhur-me-emeriminriemerimin-dhe-avancimin-E-aprovuar.pdf\" class=\"wp-block-file__button wp-element-button\" download aria-describedby=\"wp-block-file--media-195d8c94-9092-4d08-bb24-393789bac139\">Shkarkoje<\/a><\/div>\n\n\n\n<p><\/p>\n\n\n\n<div class=\"wp-block-file\"><a id=\"wp-block-file--media-332fb60e-d52b-4047-85f9-5997375966fe\" href=\"https:\/\/fsi-edu.net\/wp-content\/uploads\/2024\/11\/2-Rregullore-per-studime-MA-FSI-E-aprovuar.pdf\">2 Rregullore per studime MA &#8211; FSI<\/a><a href=\"https:\/\/fsi-edu.net\/wp-content\/uploads\/2024\/11\/2-Rregullore-per-studime-MA-FSI-E-aprovuar.pdf\" class=\"wp-block-file__button wp-element-button\" download aria-describedby=\"wp-block-file--media-332fb60e-d52b-4047-85f9-5997375966fe\">Shkarkoje<\/a><\/div>\n\n\n\n<p><\/p>\n\n\n\n<div class=\"wp-block-file\"><a id=\"wp-block-file--media-11a081ed-4b1f-4750-adbe-d87c30d99519\" href=\"https:\/\/fsi-edu.net\/wp-content\/uploads\/2024\/11\/1-24-Udhezues-per-punen-praktike-te-studenteve-FSI.pdf\">1-24 Udh\u00ebzues p\u00ebr pun\u00ebn praktike t\u00eb student\u00ebve FSI<\/a><a href=\"https:\/\/fsi-edu.net\/wp-content\/uploads\/2024\/11\/1-24-Udhezues-per-punen-praktike-te-studenteve-FSI.pdf\" class=\"wp-block-file__button wp-element-button\" download aria-describedby=\"wp-block-file--media-11a081ed-4b1f-4750-adbe-d87c30d99519\">Shkarkoje<\/a><\/div>\n\n\n\n<p><\/p>\n\n\n\n<div class=\"wp-block-file\"><a id=\"wp-block-file--media-6bbb58a5-dcd9-4450-97db-e829b86e47ec\" href=\"https:\/\/fsi-edu.net\/wp-content\/uploads\/2025\/09\/Rregullore-per-Sigurimin-e-Cilesise-ne-FSI-finale-1.pdf\">Rregullore per sigurimin e cilesise<\/a><a href=\"https:\/\/fsi-edu.net\/wp-content\/uploads\/2025\/09\/Rregullore-per-Sigurimin-e-Cilesise-ne-FSI-finale-1.pdf\" class=\"wp-block-file__button wp-element-button\" download aria-describedby=\"wp-block-file--media-6bbb58a5-dcd9-4450-97db-e829b86e47ec\">Shkarkoje<\/a><\/div>\n\n\n\n<p class=\"has-vivid-red-color has-white-background-color has-text-color has-background has-link-color has-medium-font-size wp-elements-cda3915062359e9475d9f5c015250d21\"><strong>English<\/strong><\/p>\n\n\n\n<div class=\"wp-block-file\"><a id=\"wp-block-file--media-05ade8fd-04a1-44c8-94d0-1902f163cb25\" href=\"https:\/\/fsi-edu.net\/wp-content\/uploads\/2024\/11\/STATUTI-In-albanian-language.doc\">STATUTI &#8211; In albanian language<\/a><a href=\"https:\/\/fsi-edu.net\/wp-content\/uploads\/2024\/11\/STATUTI-In-albanian-language.doc\" class=\"wp-block-file__button wp-element-button\" download aria-describedby=\"wp-block-file--media-05ade8fd-04a1-44c8-94d0-1902f163cb25\">Shkarkoje<\/a><\/div>\n\n\n\n<p><\/p>\n\n\n\n<div class=\"wp-block-file\"><a id=\"wp-block-file--media-c54384e3-16aa-420c-87d4-d36efb89371f\" href=\"https:\/\/fsi-edu.net\/wp-content\/uploads\/2024\/11\/REGULATION-Tutorial-system-at-the-Faculty.docx\">REGULATION Tutorial system at the Faculty<\/a><a href=\"https:\/\/fsi-edu.net\/wp-content\/uploads\/2024\/11\/REGULATION-Tutorial-system-at-the-Faculty.docx\" class=\"wp-block-file__button wp-element-button\" download aria-describedby=\"wp-block-file--media-c54384e3-16aa-420c-87d4-d36efb89371f\">Shkarkoje<\/a><\/div>\n\n\n\n<p><\/p>\n\n\n\n<div class=\"wp-block-file\"><a id=\"wp-block-file--media-a7cdb9f3-8542-42ea-a1df-9cc57c27c2e8\" href=\"https:\/\/fsi-edu.net\/wp-content\/uploads\/2024\/11\/REGULATION-Studies-at-FIS.docx\">REGULATION Studies at FSI<\/a><a href=\"https:\/\/fsi-edu.net\/wp-content\/uploads\/2024\/11\/REGULATION-Studies-at-FIS.docx\" class=\"wp-block-file__button wp-element-button\" download aria-describedby=\"wp-block-file--media-a7cdb9f3-8542-42ea-a1df-9cc57c27c2e8\">Shkarkoje<\/a><\/div>\n\n\n\n<p><\/p>\n\n\n\n<div class=\"wp-block-file\"><a id=\"wp-block-file--media-dce3db31-ce9e-4bcf-9435-702f51a82982\" href=\"https:\/\/fsi-edu.net\/wp-content\/uploads\/2024\/11\/REGULATION-Research-Scientific-Activity.rtf\">REGULATION Research Scientific Activity<\/a><a href=\"https:\/\/fsi-edu.net\/wp-content\/uploads\/2024\/11\/REGULATION-Research-Scientific-Activity.rtf\" class=\"wp-block-file__button wp-element-button\" download aria-describedby=\"wp-block-file--media-dce3db31-ce9e-4bcf-9435-702f51a82982\">Shkarkoje<\/a><\/div>\n\n\n\n<p><\/p>\n\n\n\n<div class=\"wp-block-file\"><a id=\"wp-block-file--media-0fe481b6-c0a5-4fb9-8762-8d97719011de\" href=\"https:\/\/fsi-edu.net\/wp-content\/uploads\/2024\/11\/REGULATION-on-the-systematisation-of-jobs-1.docx\">REGULATION on the systematisation of jobs<\/a><a href=\"https:\/\/fsi-edu.net\/wp-content\/uploads\/2024\/11\/REGULATION-on-the-systematisation-of-jobs-1.docx\" class=\"wp-block-file__button wp-element-button\" download aria-describedby=\"wp-block-file--media-0fe481b6-c0a5-4fb9-8762-8d97719011de\">Shkarkoje<\/a><\/div>\n\n\n\n<p><\/p>\n\n\n\n<div class=\"wp-block-file\"><a id=\"wp-block-file--media-7a0e13a3-24df-4ddb-abff-34abecdcb4e9\" href=\"https:\/\/fsi-edu.net\/wp-content\/uploads\/2024\/11\/Regulation-on-the-procedure-for-submitting-the-diploma-work.docx\">Regulation on the procedure for submitting the diploma work<\/a><a href=\"https:\/\/fsi-edu.net\/wp-content\/uploads\/2024\/11\/Regulation-on-the-procedure-for-submitting-the-diploma-work.docx\" class=\"wp-block-file__button wp-element-button\" download aria-describedby=\"wp-block-file--media-7a0e13a3-24df-4ddb-abff-34abecdcb4e9\">Shkarkoje<\/a><\/div>\n\n\n\n<p><\/p>\n\n\n\n<div class=\"wp-block-file\"><a id=\"wp-block-file--media-cae337ee-1832-4cf5-bc31-dd935d5c607c\" href=\"https:\/\/fsi-edu.net\/wp-content\/uploads\/2024\/11\/Regulation-on-the-election-of-the-members.docx\">Regulation on the election of the members<\/a><a href=\"https:\/\/fsi-edu.net\/wp-content\/uploads\/2024\/11\/Regulation-on-the-election-of-the-members.docx\" class=\"wp-block-file__button wp-element-button\" download aria-describedby=\"wp-block-file--media-cae337ee-1832-4cf5-bc31-dd935d5c607c\">Shkarkoje<\/a><\/div>\n\n\n\n<p><\/p>\n\n\n\n<div class=\"wp-block-file\"><a id=\"wp-block-file--media-433ab496-6466-41be-ab98-ee0c7afc3f25\" href=\"https:\/\/fsi-edu.net\/wp-content\/uploads\/2024\/11\/REGULATION-ON-PUBLISHING-ACTIVITIES-1.docx\">REGULATION ON PUBLISHING ACTIVITIES<\/a><a href=\"https:\/\/fsi-edu.net\/wp-content\/uploads\/2024\/11\/REGULATION-ON-PUBLISHING-ACTIVITIES-1.docx\" class=\"wp-block-file__button wp-element-button\" download aria-describedby=\"wp-block-file--media-433ab496-6466-41be-ab98-ee0c7afc3f25\">Shkarkoje<\/a><\/div>\n\n\n\n<p><\/p>\n\n\n\n<div class=\"wp-block-file\"><a id=\"wp-block-file--media-b4fed072-46aa-4716-b6b0-21c055053554\" href=\"https:\/\/fsi-edu.net\/wp-content\/uploads\/2024\/11\/Regulation-on-the-prevention-of-conflict-of-interest.docx\">Regulation on the prevention of conflict of interest<\/a><a href=\"https:\/\/fsi-edu.net\/wp-content\/uploads\/2024\/11\/Regulation-on-the-prevention-of-conflict-of-interest.docx\" class=\"wp-block-file__button wp-element-button\" download aria-describedby=\"wp-block-file--media-b4fed072-46aa-4716-b6b0-21c055053554\">Shkarkoje<\/a><\/div>\n\n\n\n<p><\/p>\n\n\n\n<div class=\"wp-block-file\"><a id=\"wp-block-file--media-0aa9aa10-309c-4fe4-ad8e-338c1634743a\" href=\"https:\/\/fsi-edu.net\/wp-content\/uploads\/2024\/11\/Regulation-on-the-Code-of-Ethics-1.docx\">Regulation on the Code of Ethics<\/a><a href=\"https:\/\/fsi-edu.net\/wp-content\/uploads\/2024\/11\/Regulation-on-the-Code-of-Ethics-1.docx\" class=\"wp-block-file__button wp-element-button\" download aria-describedby=\"wp-block-file--media-0aa9aa10-309c-4fe4-ad8e-338c1634743a\">Shkarkoje<\/a><\/div>\n\n\n\n<p><\/p>\n\n\n\n<div class=\"wp-block-file\"><a id=\"wp-block-file--media-20e8394e-270b-4ad9-ba73-fe1c69b6e72a\" href=\"https:\/\/fsi-edu.net\/wp-content\/uploads\/2024\/11\/Regulation-on-Student-Academic-Mobility.docx\">Regulation on Student Academic Mobility<\/a><a href=\"https:\/\/fsi-edu.net\/wp-content\/uploads\/2024\/11\/Regulation-on-Student-Academic-Mobility.docx\" class=\"wp-block-file__button wp-element-button\" download aria-describedby=\"wp-block-file--media-20e8394e-270b-4ad9-ba73-fe1c69b6e72a\">Shkarkoje<\/a><\/div>\n\n\n\n<p><\/p>\n\n\n\n<div class=\"wp-block-file\"><a id=\"wp-block-file--media-34df725c-140b-439d-927f-26766badbc7e\" href=\"https:\/\/fsi-edu.net\/wp-content\/uploads\/2024\/11\/Regulation-on-MA-Studies-FIS.docx\">Regulation on MA Studies FIS<\/a><a href=\"https:\/\/fsi-edu.net\/wp-content\/uploads\/2024\/11\/Regulation-on-MA-Studies-FIS.docx\" class=\"wp-block-file__button wp-element-button\" download aria-describedby=\"wp-block-file--media-34df725c-140b-439d-927f-26766badbc7e\">Shkarkoje<\/a><\/div>\n\n\n\n<p><\/p>\n\n\n\n<div class=\"wp-block-file\"><a id=\"wp-block-file--media-6a1dfc8b-5f82-4d39-be6f-9e08a8b4d285\" href=\"https:\/\/fsi-edu.net\/wp-content\/uploads\/2024\/11\/Regulation-on-initiation-drafting-and-signing-of-cooperation-agreements.docx\">Regulation on initiation drafting and signing of cooperation agreements<\/a><a href=\"https:\/\/fsi-edu.net\/wp-content\/uploads\/2024\/11\/Regulation-on-initiation-drafting-and-signing-of-cooperation-agreements.docx\" class=\"wp-block-file__button wp-element-button\" download aria-describedby=\"wp-block-file--media-6a1dfc8b-5f82-4d39-be6f-9e08a8b4d285\">Shkarkoje<\/a><\/div>\n\n\n\n<p><\/p>\n\n\n\n<div class=\"wp-block-file\"><a id=\"wp-block-file--media-c5f6c24e-3865-42d2-b38e-c4caf014427e\" href=\"https:\/\/fsi-edu.net\/wp-content\/uploads\/2024\/11\/Guideline-on-student-practise.docx\">Guideline on student practise<\/a><a href=\"https:\/\/fsi-edu.net\/wp-content\/uploads\/2024\/11\/Guideline-on-student-practise.docx\" class=\"wp-block-file__button wp-element-button\" download aria-describedby=\"wp-block-file--media-c5f6c24e-3865-42d2-b38e-c4caf014427e\">Shkarkoje<\/a><\/div>\n\n\n\n<p><\/p>\n\n\n\n<div class=\"wp-block-file\"><a id=\"wp-block-file--media-b421d374-1fed-43b7-bc7b-3fdee47b652c\" href=\"https:\/\/fsi-edu.net\/wp-content\/uploads\/2024\/11\/Regulation-on-Academic-Advancement.docx\">Regulation on Academic Advancement<\/a><a href=\"https:\/\/fsi-edu.net\/wp-content\/uploads\/2024\/11\/Regulation-on-Academic-Advancement.docx\" class=\"wp-block-file__button wp-element-button\" download aria-describedby=\"wp-block-file--media-b421d374-1fed-43b7-bc7b-3fdee47b652c\">Shkarkoje<\/a><\/div>\n\n\n\n<p><\/p>\n\n\n\n<div class=\"wp-block-file\"><a id=\"wp-block-file--media-b50789ba-de90-44e8-9a76-ddb371e179f1\" href=\"https:\/\/fsi-edu.net\/wp-content\/uploads\/2025\/04\/English-Rregullore-per-Sigurimin-e-Cilesise-ne-FSI-finale-1.docx\">Regulation on Quality Assurance at the Faculty of Islamic Studies<\/a><a href=\"https:\/\/fsi-edu.net\/wp-content\/uploads\/2025\/04\/English-Rregullore-per-Sigurimin-e-Cilesise-ne-FSI-finale-1.docx\" class=\"wp-block-file__button wp-element-button\" download aria-describedby=\"wp-block-file--media-b50789ba-de90-44e8-9a76-ddb371e179f1\">Shkarkoje<\/a><\/div>\n\n\n\n<p><\/p>","protected":false},"excerpt":{"rendered":"<p>Shqip English<\/p>","protected":false},"author":1,"featured_media":0,"parent":0,"menu_order":0,"comment_status":"closed","ping_status":"closed","template":"","meta":{"footnotes":""},"class_list":["post-21061","page","type-page","status-publish","hentry"],"_links":{"self":[{"href":"https:\/\/fsi-edu.net\/en\/wp-json\/wp\/v2\/pages\/21061","targetHints":{"allow":["GET"]}}],"collection":[{"href":"https:\/\/fsi-edu.net\/en\/wp-json\/wp\/v2\/pages"}],"about":[{"href":"https:\/\/fsi-edu.net\/en\/wp-json\/wp\/v2\/types\/page"}],"author":[{"embeddable":true,"href":"https:\/\/fsi-edu.net\/en\/wp-json\/wp\/v2\/users\/1"}],"replies":[{"embeddable":true,"href":"https:\/\/fsi-edu.net\/en\/wp-json\/wp\/v2\/comments?post=21061"}],"version-history":[{"count":1,"href":"https:\/\/fsi-edu.net\/en\/wp-json\/wp\/v2\/pages\/21061\/revisions"}],"predecessor-version":[{"id":27689,"href":"https:\/\/fsi-edu.net\/en\/wp-json\/wp\/v2\/pages\/21061\/revisions\/27689"}],"wp:attachment":[{"href":"https:\/\/fsi-edu.net\/en\/wp-json\/wp\/v2\/media?parent=21061"}],"curies":[{"name":"wp","href":"https:\/\/api.w.org\/{rel}","templated":true}]}}