{"id":21183,"date":"2022-01-21T12:50:54","date_gmt":"2022-01-21T11:50:54","guid":{"rendered":"https:\/\/fsi-edu.net\/?page_id=21183"},"modified":"2022-02-15T10:46:19","modified_gmt":"2022-02-15T09:46:19","slug":"historiku","status":"publish","type":"page","link":"https:\/\/fsi-edu.net\/en\/historiku\/","title":{"rendered":"Our History"},"content":{"rendered":"<p><\/p>\n\n\n\n<figure class=\"wp-block-image size-large\"><img decoding=\"async\" width=\"1024\" height=\"510\" src=\"https:\/\/fsi-edu.net\/wp-content\/uploads\/2022\/02\/fsibg-scaled-e1632002478447-1024x510.jpg\" alt=\"\" class=\"wp-image-21415\" srcset=\"https:\/\/fsi-edu.net\/wp-content\/uploads\/2022\/02\/fsibg-scaled-e1632002478447-1024x510.jpg 1024w, https:\/\/fsi-edu.net\/wp-content\/uploads\/2022\/02\/fsibg-scaled-e1632002478447-300x149.jpg 300w, https:\/\/fsi-edu.net\/wp-content\/uploads\/2022\/02\/fsibg-scaled-e1632002478447-768x382.jpg 768w, https:\/\/fsi-edu.net\/wp-content\/uploads\/2022\/02\/fsibg-scaled-e1632002478447.jpg 1260w\" sizes=\"(max-width: 1024px) 100vw, 1024px\" \/><\/figure>\n\n\n\n<p>Fakulteti i Studimeve Islame i Prishtin\u00ebs \u00ebsht\u00eb themeluar me vendimin nr. 443 t\u00eb Kuvendit t\u00eb Bashk\u00ebsis\u00eb Islame t\u00eb Republik\u00ebs s\u00eb Kosov\u00ebs, dat\u00eb 15.08.1992. Pun\u00ebn e ka filluar n\u00eb vitin akademik 1992\/93, si nj\u00ebsi universitare, jofitimprur\u00ebse, me plan-program kat\u00ebrvje\u00e7ar p\u00ebr t\u00eb p\u00ebrgatitur kuadro profesionale p\u00ebr nevojat e Bashk\u00ebsis\u00eb Islame n\u00eb Republik\u00ebn e Kosov\u00ebs dhe jasht\u00eb saj, po edhe p\u00ebr t\u00eb kryer pun\u00eb e sh\u00ebrbime t\u00eb tjera nga veprimtaria e vet arsimore-profesionale.<\/p>\n\n\n\n<p>Fakulteti i Studimeve Islame i Prishtin\u00ebs, pavar\u00ebsisht nga represionit i eg\u00ebr i okupatorit serb gjat\u00eb viteve 90, ai ka vazhduar veprimtarin\u00eb e vet pa nd\u00ebrprerje, n\u00eb kushte jasht\u00ebzakonisht t\u00eb v\u00ebshtira materiale, hap\u00ebsinore e kadrovike.<\/p>\n\n\n\n<p>N\u00eb rrethanat e reja, pas \u00e7lirimit t\u00eb Kosov\u00ebs, sidomos pas vitit 2010, Fakulteti i Studimeve Islame i Prishtin\u00ebs ka siguruar kushte hap\u00ebsinore dhe kadrovike sipas standardeve bashk\u00ebkohore, p\u00ebr veprimtari edukative-arsimore dhe k\u00ebrkimore-shkencore, jo vet\u00ebm p\u00ebr t\u00eb arritur rezultate t\u00eb reja e cil\u00ebsore, por edhe p\u00ebr t\u00eb zbatuar programe funksionale edukative, arsimore dhe shkencore. Fakulteti i Studimeve Islame, gjat\u00eb hartimit t\u00eb plan-programeve, \u00ebsht\u00eb bazuar edhe n\u00eb plan-programet e Fakulteteve t\u00eb Studimeve Islame n\u00eb rajon dhe t\u00eb atyre n\u00eb Bot\u00ebn Islame, t\u00eb adaptuara p\u00ebr kushtet dhe rrethanat n\u00eb Kosov\u00eb.<\/p>\n\n\n\n<p>Fakulteti i Studimeve Islame \u00ebsht\u00eb akredituar m\u00eb dt. 06. 07. 2012 p\u00ebr tre vjet me vendim num\u00ebr 432\/12 i l\u00ebshuar me 09.07.2012.<\/p>\n\n\n\n<ul class=\"wp-block-list\"><li>Nd\u00ebrtesa e FSI-s\u00eb \u00ebsht\u00eb shum\u00eb funksionale dhe ka gjith\u00e7ka q\u00eb \u00ebsht\u00eb e nevojshme p\u00ebr pun\u00eb cil\u00ebsore. Nd\u00ebrtesa \u00ebsht\u00eb e pajisur me mjetet m\u00eb moderne t\u00eb m\u00ebsimdh\u00ebnies dhe t\u00eb m\u00ebsimnx\u00ebnies,q\u00eb ofrojn\u00eb kushte p\u00ebr nj\u00eb proces m\u00ebsimor cil\u00ebsor. Profesor\u00ebt kan\u00eb kabinetet e tyre, ku mund t\u00eb p\u00ebrdaten p\u00ebr ligj\u00ebrata dhe t\u00eb zhvillojn\u00eb pun\u00eb shkencore , p\u00ebr takime me student\u00eb p\u00ebr t\u00eb kryer pun\u00eb t\u00eb tjera q\u00eb i p\u00ebrkasin pedagogut. Duhet t\u00eb theksohet se rregulli dhe past\u00ebrtia n\u00eb t\u00eb gjitha ambientet e fakultetit \u00ebsht\u00eb n\u00eb nivelin m\u00eb t\u00eb lart\u00eb t\u00eb mundsh\u00ebm.Hap\u00ebsira e p\u00ebrgjithshme e Fakultetit te Studimeve Islame \u00ebsht\u00eb 3. 474. 08 metra katror<\/li><li><\/li><li>Fakulteti i Studimeve Islame i Prishtin\u00ebs ka nj\u00eb bibliotek\u00eb mjaft t\u00eb pasur \u2013 me 10.000 (dhjet\u00eb mij\u00eb) libra me 7.000 (shtat\u00eb mij\u00eb) tituj t\u00eb ndrysh\u00ebm dhe disa qindra punime diplomash, q\u00eb t\u00ebr\u00eb koh\u00ebn jan\u00eb n\u00eb dispozicion t\u00eb student\u00ebve.Gjithashtu ekziston edhe nj\u00eb projekt nd\u00ebrkomb\u00ebtar bashk\u00ebpunimi n\u00eb mes t\u00eb Fakultetit t\u00eb Studimeve Islame t\u00eb Prishtin\u00ebs dhe nj\u00eb nga bibliotekat m\u00eb t\u00eb m\u00ebdha bot\u00ebrore \u2013 Bibliotek\u00ebs Aleksandria t\u00eb Egjiptit.<\/li><\/ul>","protected":false},"excerpt":{"rendered":"<p>Fakulteti i Studimeve Islame i Prishtin\u00ebs \u00ebsht\u00eb themeluar me vendimin nr. 443 t\u00eb Kuvendit t\u00eb Bashk\u00ebsis\u00eb Islame t\u00eb Republik\u00ebs s\u00eb Kosov\u00ebs, dat\u00eb 15.08.1992. Pun\u00ebn e ka filluar n\u00eb vitin akademik 1992\/93, si nj\u00ebsi universitare, jofitimprur\u00ebse,<\/p>","protected":false},"author":1,"featured_media":0,"parent":0,"menu_order":0,"comment_status":"closed","ping_status":"closed","template":"","meta":{"footnotes":""},"class_list":["post-21183","page","type-page","status-publish","hentry"],"_links":{"self":[{"href":"https:\/\/fsi-edu.net\/en\/wp-json\/wp\/v2\/pages\/21183","targetHints":{"allow":["GET"]}}],"collection":[{"href":"https:\/\/fsi-edu.net\/en\/wp-json\/wp\/v2\/pages"}],"about":[{"href":"https:\/\/fsi-edu.net\/en\/wp-json\/wp\/v2\/types\/page"}],"author":[{"embeddable":true,"href":"https:\/\/fsi-edu.net\/en\/wp-json\/wp\/v2\/users\/1"}],"replies":[{"embeddable":true,"href":"https:\/\/fsi-edu.net\/en\/wp-json\/wp\/v2\/comments?post=21183"}],"version-history":[{"count":0,"href":"https:\/\/fsi-edu.net\/en\/wp-json\/wp\/v2\/pages\/21183\/revisions"}],"wp:attachment":[{"href":"https:\/\/fsi-edu.net\/en\/wp-json\/wp\/v2\/media?parent=21183"}],"curies":[{"name":"wp","href":"https:\/\/api.w.org\/{rel}","templated":true}]}}