{"id":21547,"date":"2022-03-01T11:32:47","date_gmt":"2022-03-01T10:32:47","guid":{"rendered":"https:\/\/fsi-edu.net\/?page_id=21547"},"modified":"2025-12-02T18:13:17","modified_gmt":"2025-12-02T17:13:17","slug":"katalogjet","status":"publish","type":"page","link":"https:\/\/fsi-edu.net\/en\/katalogjet\/","title":{"rendered":"Catalogs"},"content":{"rendered":"<h3 class=\"wp-block-heading\"><em><a href=\"https:\/\/fsi-edu.net\/wp-content\/uploads\/2022\/03\/fletpalosje-per-doreshkrimet.pdf\" data-type=\"link\" data-id=\"https:\/\/fsi-edu.net\/wp-content\/uploads\/2022\/03\/fletpalosje-per-doreshkrimet.pdf\">Dor\u00ebshkrimet n\u00eb bibloteken e Fakultetit t\u00eb Studimeve Islame n\u00eb Prishtin\u00eb<\/a><\/em><\/h3>\n\n\n\n<h3 class=\"wp-block-heading\"><a href=\"https:\/\/fsi-edu.net\/wp-content\/uploads\/2025\/12\/KATALOGU-FSI.pdf\" data-type=\"link\" data-id=\"https:\/\/fsi-edu.net\/wp-content\/uploads\/2025\/12\/KATALOGU-FSI.pdf\"><em>Katalogu<\/em><\/a><\/h3>\n\n\n\n<p><\/p>","protected":false},"excerpt":{"rendered":"<p>Dor\u00ebshkrimet n\u00eb bibloteken e Fakultetit t\u00eb Studimeve Islame n\u00eb Prishtin\u00eb Katalogu<\/p>","protected":false},"author":1,"featured_media":0,"parent":0,"menu_order":0,"comment_status":"closed","ping_status":"closed","template":"","meta":{"footnotes":""},"class_list":["post-21547","page","type-page","status-publish","hentry"],"_links":{"self":[{"href":"https:\/\/fsi-edu.net\/en\/wp-json\/wp\/v2\/pages\/21547","targetHints":{"allow":["GET"]}}],"collection":[{"href":"https:\/\/fsi-edu.net\/en\/wp-json\/wp\/v2\/pages"}],"about":[{"href":"https:\/\/fsi-edu.net\/en\/wp-json\/wp\/v2\/types\/page"}],"author":[{"embeddable":true,"href":"https:\/\/fsi-edu.net\/en\/wp-json\/wp\/v2\/users\/1"}],"replies":[{"embeddable":true,"href":"https:\/\/fsi-edu.net\/en\/wp-json\/wp\/v2\/comments?post=21547"}],"version-history":[{"count":2,"href":"https:\/\/fsi-edu.net\/en\/wp-json\/wp\/v2\/pages\/21547\/revisions"}],"predecessor-version":[{"id":28030,"href":"https:\/\/fsi-edu.net\/en\/wp-json\/wp\/v2\/pages\/21547\/revisions\/28030"}],"wp:attachment":[{"href":"https:\/\/fsi-edu.net\/en\/wp-json\/wp\/v2\/media?parent=21547"}],"curies":[{"name":"wp","href":"https:\/\/api.w.org\/{rel}","templated":true}]}}