{"id":25990,"date":"2024-10-18T09:15:16","date_gmt":"2024-10-18T07:15:16","guid":{"rendered":"https:\/\/fsi-edu.net\/?page_id=25990"},"modified":"2026-03-02T14:32:13","modified_gmt":"2026-03-02T13:32:13","slug":"vleresimet","status":"publish","type":"page","link":"https:\/\/fsi-edu.net\/en\/vleresimet\/","title":{"rendered":"Evaluations"},"content":{"rendered":"<p><strong>2025-2026<\/strong><\/p>\n\n\n\n<p><strong>Albanian<\/strong><\/p>\n\n\n\n<p class=\"has-medium-font-size\"><a href=\"https:\/\/fsi-edu.net\/wp-content\/uploads\/2026\/03\/Raporti-2025-2026.pdf\" data-type=\"link\" data-id=\"https:\/\/fsi-edu.net\/wp-content\/uploads\/2025\/05\/Raporti-2024-2025.pdf\"><strong>Raport vler\u00ebsimi i stafit akademik p\u00ebr semestrin dim\u00ebror 2025-2026<\/strong><\/a><\/p>\n\n\n\n<p><strong>2024-2025<\/strong><\/p>\n\n\n\n<p><strong>Albanian<\/strong><\/p>\n\n\n\n<p class=\"has-medium-font-size\"><a href=\"https:\/\/fsi-edu.net\/wp-content\/uploads\/2025\/05\/Raporti-2024-2025.pdf\" data-type=\"link\" data-id=\"https:\/\/fsi-edu.net\/wp-content\/uploads\/2025\/05\/Raporti-2024-2025.pdf\"><strong>Raport vler\u00ebsimi i stafit akademik p\u00ebr semestrin dim\u00ebror 2024-2025<\/strong><\/a><\/p>\n\n\n\n<p class=\"has-medium-font-size\"><a href=\"https:\/\/fsi-edu.net\/wp-content\/uploads\/2025\/08\/Raporti-2024-2025-MA.pdf\" data-type=\"link\" data-id=\"https:\/\/fsi-edu.net\/wp-content\/uploads\/2025\/08\/Raporti-2024-2025-MA.pdf\"><strong>Raport vler\u00ebsimi i stafit akademik p\u00ebr semestrin veror n\u00eb nivelin master 2024-2025<\/strong><\/a><\/p>\n\n\n\n<p class=\"has-medium-font-size\"><strong>English<\/strong><\/p>\n\n\n\n<p><strong>2023-2024<\/strong><\/p>\n\n\n\n<p class=\"has-medium-font-size\"><a href=\"https:\/\/fsi-edu.net\/wp-content\/uploads\/2024\/10\/Course-evaluation-raport-Faculty-of-Islamic-Study-winter-2023-24.pdf\" data-type=\"link\" data-id=\"https:\/\/fsi-edu.net\/wp-content\/uploads\/2024\/10\/Course-evaluation-raport-Faculty-of-Islamic-Study-winter-2023-24.pdf\"><strong>Course evaluation raport Faculty of Islamic Study winter 2023-24<\/strong><\/a><\/p>\n\n\n\n<p class=\"has-medium-font-size\"><a href=\"https:\/\/fsi-edu.net\/wp-content\/uploads\/2024\/10\/Course-evaluation-raport-Faculty-of-Islamic-Study-Sumer-semester-2023-24.pdf\" data-type=\"link\" data-id=\"https:\/\/fsi-edu.net\/wp-content\/uploads\/2024\/10\/Course-evaluation-raport-Faculty-of-Islamic-Study-Sumer-semester-2023-24.pdf\"><strong>Course evaluation raport Faculty of Islamic Study Sumer 2023-24<\/strong><\/a><\/p>\n\n\n\n<p><strong>2024-2025<\/strong><\/p>\n\n\n\n<p class=\"has-medium-font-size\"><a href=\"https:\/\/fsi-edu.net\/wp-content\/uploads\/2025\/05\/Course-evaluation-raport-Faculty-of-Islamic-Study-winter-2024-25-1.pdf\" data-type=\"link\" data-id=\"https:\/\/fsi-edu.net\/wp-content\/uploads\/2025\/05\/Course-evaluation-raport-Faculty-of-Islamic-Study-winter-2024-25-1.pdf\"><strong>Course evaluation raport Faculty of Islamic Study Sumer 2024-25<\/strong><\/a><\/p>\n\n\n\n<p><\/p>","protected":false},"excerpt":{"rendered":"<p>2025-2026 Shqip Raport vler\u00ebsimi i stafit akademik p\u00ebr semestrin dim\u00ebror 2025-2026 2024-2025 Shqip Raport vler\u00ebsimi i stafit akademik p\u00ebr semestrin dim\u00ebror 2024-2025 Raport vler\u00ebsimi i stafit akademik p\u00ebr semestrin veror n\u00eb nivelin master 2024-2025 English<\/p>","protected":false},"author":3,"featured_media":0,"parent":0,"menu_order":0,"comment_status":"closed","ping_status":"closed","template":"","meta":{"footnotes":""},"class_list":["post-25990","page","type-page","status-publish","hentry"],"_links":{"self":[{"href":"https:\/\/fsi-edu.net\/en\/wp-json\/wp\/v2\/pages\/25990","targetHints":{"allow":["GET"]}}],"collection":[{"href":"https:\/\/fsi-edu.net\/en\/wp-json\/wp\/v2\/pages"}],"about":[{"href":"https:\/\/fsi-edu.net\/en\/wp-json\/wp\/v2\/types\/page"}],"author":[{"embeddable":true,"href":"https:\/\/fsi-edu.net\/en\/wp-json\/wp\/v2\/users\/3"}],"replies":[{"embeddable":true,"href":"https:\/\/fsi-edu.net\/en\/wp-json\/wp\/v2\/comments?post=25990"}],"version-history":[{"count":4,"href":"https:\/\/fsi-edu.net\/en\/wp-json\/wp\/v2\/pages\/25990\/revisions"}],"predecessor-version":[{"id":28461,"href":"https:\/\/fsi-edu.net\/en\/wp-json\/wp\/v2\/pages\/25990\/revisions\/28461"}],"wp:attachment":[{"href":"https:\/\/fsi-edu.net\/en\/wp-json\/wp\/v2\/media?parent=25990"}],"curies":[{"name":"wp","href":"https:\/\/api.w.org\/{rel}","templated":true}]}}