{"id":26245,"date":"2024-11-18T14:56:54","date_gmt":"2024-11-18T13:56:54","guid":{"rendered":"https:\/\/fsi-edu.net\/?page_id=26245"},"modified":"2025-01-16T08:14:56","modified_gmt":"2025-01-16T07:14:56","slug":"manuali-i-sims-it","status":"publish","type":"page","link":"https:\/\/fsi-edu.net\/en\/manuali-i-sims-it\/","title":{"rendered":"SIMS manual"},"content":{"rendered":"<p class=\"has-medium-font-size\"><a href=\"https:\/\/fsi-edu.net\/wp-content\/uploads\/2024\/11\/Manuali-se-si-regjistrohen-lendet.pdf\" data-type=\"link\" data-id=\"https:\/\/fsi-edu.net\/wp-content\/uploads\/2024\/10\/Raport-vleresimi-i-stafit-akademik-semestri-dimeror-2023-24.pdf\"><strong>Manuali i regjistrimit l\u00ebndeve<\/strong><\/a><\/p>\n\n\n\n<p class=\"has-medium-font-size\"><a href=\"https:\/\/fsi-edu.net\/wp-content\/uploads\/2024\/11\/Manuali-per-vijueshmerine-e-studenteve.pdf\" data-type=\"link\" data-id=\"https:\/\/fsi-edu.net\/wp-content\/uploads\/2024\/11\/Manuali-per-vijueshmerine-e-studenteve.pdf\"><strong>Manuali p\u00ebr vijueshm\u00ebrin\u00eb e student\u00ebve<\/strong><\/a><\/p>\n\n\n\n<p class=\"has-medium-font-size\"><a href=\"https:\/\/fsi-edu.net\/wp-content\/uploads\/2024\/11\/Manuali-i-ngarkimit-te-syllabusit.pdf\" data-type=\"link\" data-id=\"https:\/\/fsi-edu.net\/wp-content\/uploads\/2024\/11\/Manuali-i-ngarkimit-te-syllabusit.pdf\"><strong>Manuali i ngarkimit t\u00eb syllabusit<\/strong><\/a><\/p>\n\n\n\n<p class=\"has-medium-font-size\"><a href=\"https:\/\/fsi-edu.net\/wp-content\/uploads\/2025\/01\/Paraqitja-e-provimeve.pdf\" data-type=\"link\" data-id=\"https:\/\/fsi-edu.net\/wp-content\/uploads\/2025\/01\/Paraqitja-e-provimeve.pdf\"><strong>Paraqitja e provimeve<\/strong><\/a><\/p>","protected":false},"excerpt":{"rendered":"<p>Manuali i regjistrimit l\u00ebndeve Manuali p\u00ebr vijueshm\u00ebrin\u00eb e student\u00ebve Manuali i ngarkimit t\u00eb syllabusit Paraqitja e provimeve<\/p>","protected":false},"author":3,"featured_media":0,"parent":0,"menu_order":0,"comment_status":"closed","ping_status":"closed","template":"","meta":{"footnotes":""},"class_list":["post-26245","page","type-page","status-publish","hentry"],"_links":{"self":[{"href":"https:\/\/fsi-edu.net\/en\/wp-json\/wp\/v2\/pages\/26245","targetHints":{"allow":["GET"]}}],"collection":[{"href":"https:\/\/fsi-edu.net\/en\/wp-json\/wp\/v2\/pages"}],"about":[{"href":"https:\/\/fsi-edu.net\/en\/wp-json\/wp\/v2\/types\/page"}],"author":[{"embeddable":true,"href":"https:\/\/fsi-edu.net\/en\/wp-json\/wp\/v2\/users\/3"}],"replies":[{"embeddable":true,"href":"https:\/\/fsi-edu.net\/en\/wp-json\/wp\/v2\/comments?post=26245"}],"version-history":[{"count":0,"href":"https:\/\/fsi-edu.net\/en\/wp-json\/wp\/v2\/pages\/26245\/revisions"}],"wp:attachment":[{"href":"https:\/\/fsi-edu.net\/en\/wp-json\/wp\/v2\/media?parent=26245"}],"curies":[{"name":"wp","href":"https:\/\/api.w.org\/{rel}","templated":true}]}}