{"id":26759,"date":"2025-02-06T09:37:45","date_gmt":"2025-02-06T08:37:45","guid":{"rendered":"https:\/\/fsi-edu.net\/?page_id=26759"},"modified":"2026-02-07T19:17:15","modified_gmt":"2026-02-07T18:17:15","slug":"alumni","status":"publish","type":"page","link":"https:\/\/fsi-edu.net\/en\/alumni\/","title":{"rendered":"Alumni"},"content":{"rendered":"<p>Nj\u00eb nga prioritetet kryesore t\u00eb Fakultetit t\u00eb Studimeve Islame (FSI) \u00ebsht\u00eb mbajtja e kontakteve t\u00eb vazhdueshme me student\u00ebt e diplomuar.<br><br>P\u00ebrmes rrjetit t\u00eb Alumni-t, fakulteti synon t\u00eb marr\u00eb feedback dhe t\u00eb dh\u00ebna t\u00eb r\u00ebnd\u00ebsishme p\u00ebr t\u00eb p\u00ebrmir\u00ebsuar planifikimin strategjik, zhvillimin e programeve akademike dhe rritjen e cil\u00ebsis\u00eb s\u00eb m\u00ebsimdh\u00ebnies.<br><br>P\u00ebrvojat e ish-student\u00ebve jan\u00eb nj\u00eb burim i vlefsh\u00ebm i njohurive q\u00eb ndihmojn\u00eb institucionin t\u00eb p\u00ebrshtatet dhe t\u00eb evoluoj\u00eb sipas nevojave n\u00eb ndryshim t\u00eb student\u00ebve.<\/p>\n\n\n\n<p><\/p>\n\n\n\n<p><\/p>\n\n\n\n<p><strong>Pyet\u00ebsori p\u00ebr t\u00eb gjith\u00eb student\u00ebt e diplomuar-Alumni mbi pun\u00ebsimin dhe pozicionin e tyre profesional. Ata student\u00eb t\u00eb cil\u00ebt nuk e kan\u00eb plot\u00ebsuar, ju inkurajojm\u00eb ta plot\u00ebsoni formularin m\u00eb posht\u00eb:<\/strong><br><a href=\"https:\/\/forms.gle\/MCMFC31vFJs8hzVG9\"><strong>https:\/\/forms.gle\/MCMFC31vFJs8hzVG9<\/strong><\/a><\/p>\n\n\n\n<p><strong>Sipas pyet\u00ebsorit t\u00eb student\u00ebve Alumni, pothuajse 80% t\u00eb student\u00ebve tan\u00eb jan\u00eb t\u00eb pun\u00ebsuar.<\/strong><\/p>\n\n\n\n<figure class=\"wp-block-image size-large\"><img decoding=\"async\" width=\"1024\" height=\"683\" src=\"https:\/\/fsi-edu.net\/wp-content\/uploads\/2026\/02\/480797302_1036133908547061_2531814941135974853_n-1-1024x683.jpg\" alt=\"\" class=\"wp-image-28331\" srcset=\"https:\/\/fsi-edu.net\/wp-content\/uploads\/2026\/02\/480797302_1036133908547061_2531814941135974853_n-1-1024x683.jpg 1024w, https:\/\/fsi-edu.net\/wp-content\/uploads\/2026\/02\/480797302_1036133908547061_2531814941135974853_n-1-300x200.jpg 300w, https:\/\/fsi-edu.net\/wp-content\/uploads\/2026\/02\/480797302_1036133908547061_2531814941135974853_n-1-768x512.jpg 768w, https:\/\/fsi-edu.net\/wp-content\/uploads\/2026\/02\/480797302_1036133908547061_2531814941135974853_n-1-1536x1024.jpg 1536w, https:\/\/fsi-edu.net\/wp-content\/uploads\/2026\/02\/480797302_1036133908547061_2531814941135974853_n-1-18x12.jpg 18w, https:\/\/fsi-edu.net\/wp-content\/uploads\/2026\/02\/480797302_1036133908547061_2531814941135974853_n-1-550x367.jpg 550w, https:\/\/fsi-edu.net\/wp-content\/uploads\/2026\/02\/480797302_1036133908547061_2531814941135974853_n-1.jpg 2048w\" sizes=\"(max-width: 1024px) 100vw, 1024px\" \/><\/figure>","protected":false},"excerpt":{"rendered":"<p>Nj\u00eb nga prioritetet kryesore t\u00eb Fakultetit t\u00eb Studimeve Islame (FSI) \u00ebsht\u00eb mbajtja e kontakteve t\u00eb vazhdueshme me student\u00ebt e diplomuar. P\u00ebrmes rrjetit t\u00eb Alumni-t, fakulteti synon t\u00eb marr\u00eb feedback dhe t\u00eb dh\u00ebna t\u00eb r\u00ebnd\u00ebsishme p\u00ebr<\/p>","protected":false},"author":3,"featured_media":0,"parent":0,"menu_order":0,"comment_status":"closed","ping_status":"closed","template":"","meta":{"footnotes":""},"class_list":["post-26759","page","type-page","status-publish","hentry"],"_links":{"self":[{"href":"https:\/\/fsi-edu.net\/en\/wp-json\/wp\/v2\/pages\/26759","targetHints":{"allow":["GET"]}}],"collection":[{"href":"https:\/\/fsi-edu.net\/en\/wp-json\/wp\/v2\/pages"}],"about":[{"href":"https:\/\/fsi-edu.net\/en\/wp-json\/wp\/v2\/types\/page"}],"author":[{"embeddable":true,"href":"https:\/\/fsi-edu.net\/en\/wp-json\/wp\/v2\/users\/3"}],"replies":[{"embeddable":true,"href":"https:\/\/fsi-edu.net\/en\/wp-json\/wp\/v2\/comments?post=26759"}],"version-history":[{"count":5,"href":"https:\/\/fsi-edu.net\/en\/wp-json\/wp\/v2\/pages\/26759\/revisions"}],"predecessor-version":[{"id":28332,"href":"https:\/\/fsi-edu.net\/en\/wp-json\/wp\/v2\/pages\/26759\/revisions\/28332"}],"wp:attachment":[{"href":"https:\/\/fsi-edu.net\/en\/wp-json\/wp\/v2\/media?parent=26759"}],"curies":[{"name":"wp","href":"https:\/\/api.w.org\/{rel}","templated":true}]}}