{"id":27264,"date":"2025-06-20T20:48:32","date_gmt":"2025-06-20T18:48:32","guid":{"rendered":"https:\/\/fsi-edu.net\/?page_id=27264"},"modified":"2025-07-30T14:47:22","modified_gmt":"2025-07-30T12:47:22","slug":"planprogramet-phd","status":"publish","type":"page","link":"https:\/\/fsi-edu.net\/en\/planprogramet-phd\/","title":{"rendered":"Planprogramet \u2013 PhD"},"content":{"rendered":"<p class=\"has-text-align-center has-white-color has-black-background-color has-text-color has-background has-link-color wp-elements-792931d1ba0ff1c842038cec341056df\" style=\"font-size:26px\"><strong>PhD &#8211; Doktor i Filozofis\u00eb n\u00eb Civilizimin Islam<\/strong><\/p>\n\n\n\n<p>Ky program \u00ebsht\u00eb i bazuar t\u00ebr\u00ebsisht n\u00eb hulumtime shkencore, q\u00eb n\u00ebnkupton se studenti duhet t\u00eb hartoj\u00eb nj\u00eb tez\u00eb q\u00eb p\u00ebrfaq\u00ebson nj\u00eb kontribut t\u00eb vlefsh\u00ebm akademik n\u00eb fush\u00ebn e civilizimit islam. Gjat\u00eb studimeve, mbahen seminare t\u00eb rregullta t\u00eb nivelit t\u00eb avancuar n\u00eb t\u00eb cilat student\u00ebt paraqesin propozimet e tyre k\u00ebrkimore si dhe raportet e progresit p\u00ebrpara stafit akademik t\u00eb CASIS.<\/p>\n\n\n\n<p>Megjith\u00ebse programi \u00ebsht\u00eb hulumtues, student\u00ebt e doktorat\u00ebs obligohen t\u00eb ndjekin disa <a href=\"https:\/\/fsi-edu.net\/en\/syllabuset-phd\/\" data-type=\"link\" data-id=\"https:\/\/fsi-edu.net\/syllabuset-phd\/\">l\u00ebnd\u00eb (kliko p\u00ebr t\u00eb shikuar l\u00ebnd\u00ebt)<\/a> me karakter themelor dhe orientues, n\u00eb p\u00ebrputhje me vizionin intelektual t\u00eb CASIS. K\u00ebto l\u00ebnd\u00eb sh\u00ebrbejn\u00eb p\u00ebr t\u00eb nd\u00ebrtuar nj\u00eb korniz\u00eb teorike t\u00eb nevojshme p\u00ebr nj\u00eb angazhim t\u00eb thelluar akademik dhe p\u00ebrfshijn\u00eb: p\u00ebrvet\u00ebsimin e gjuh\u00ebs arabe, parimet themelore t\u00eb akides dhe sheriatit islam, k\u00ebndv\u00ebshtrimin bot\u00ebror dhe kuadrin epistemologjik islam, rishqyrtimin kritik t\u00eb dijeve per\u00ebndimore, filozofin\u00eb islame dhe metodologjin\u00eb e hulumtimit, si dhe l\u00ebnd\u00eb t\u00eb tjera t\u00eb ngjashme.<\/p>\n\n\n\n<h3 class=\"wp-block-heading\" style=\"font-size:25px\">Kushtet e pranimit<\/h3>\n\n\n\n<p>\ud83c\udf93 Diploma bachelor dhe master<br>\ud83d\udd24 Anglisht: IELTS 6.0 \/ TOEFL iBT 60+<br>\ud83d\uddd3\ufe0f Aplikimi i hapur gjat\u00eb gjith\u00eb vitit<br>\ud83d\uddd3\ufe0f Regjistrimi: Shkurt, maj, shtator, n\u00ebntor<\/p>\n\n\n\n<h3 class=\"wp-block-heading\" style=\"font-size:25px\">Metoda e vler\u00ebsimit<\/h3>\n\n\n\n<p>Vler\u00ebsimi i nj\u00eb studenti n\u00eb doktorat\u00eb p\u00ebrfshin:<\/p>\n\n\n\n<ol class=\"wp-block-list\">\n<li>Vler\u00ebsimi i projektpropozimit<\/li>\n\n\n\n<li>Studenti \u00ebsht\u00eb i detyruar t\u00eb paraqes\u00eb nj\u00eb projektpropozim p\u00ebr q\u00ebllime vler\u00ebsimi brenda afatit t\u00eb p\u00ebrcaktuar nga Universiteti.<\/li>\n\n\n\n<li>Vler\u00ebsim semestral nga mbik\u00ebqyr\u00ebsi p\u00ebrmes raportit t\u00eb progresit gjat\u00eb seminarit t\u00eb studimeve t\u00eb avancuara (n\u00eb fund t\u00eb \u00e7do semestri)<\/li>\n\n\n\n<li>Ekzaminimi i tez\u00ebs nga recensues t\u00eb brendsh\u00ebm<\/li>\n\n\n\n<li>Mbrojtja gojore e tez\u00ebs p\u00ebrpara nj\u00eb paneli t\u00eb em\u00ebruar t\u00eb ekzaminuesve<\/li>\n<\/ol>\n\n\n\n<h3 class=\"wp-block-heading\" style=\"font-size:25px\">Sistemi i vler\u00ebsimit<\/h3>\n\n\n\n<ul class=\"wp-block-list\">\n<li><strong>Kaluar\/D\u00ebshtuar (Pass\/Fail)<\/strong> p\u00ebr kurset me statusin <em>HW<\/em> (kurs i detyruesh\u00ebm pa ndikim n\u00eb mesataren kumulative)<\/li>\n\n\n\n<li><strong>Terheqje (TD)<\/strong> nga nj\u00eb kurs i regjistruar<\/li>\n\n\n\n<li><strong>I k\u00ebnaqsh\u00ebm (MM)<\/strong> \/ <strong>I pak\u00ebnaqsh\u00ebm (TM)<\/strong> \/ <strong>D\u00ebshtim (GG)<\/strong> p\u00ebr pun\u00ebn k\u00ebrkimore<\/li>\n<\/ul>\n\n\n\n<h3 class=\"wp-block-heading has-text-align-left\" style=\"font-size:25px\">Struktura e Programit<\/h3>\n\n\n\n<p>Edhe pse programi i doktorat\u00ebs n\u00eb CASIS \u00ebsht\u00eb zyrtarisht i karakterit vet\u00ebm hulumtues, student\u00ebt jan\u00eb t\u00eb detyruar t\u00eb ndjekin disa l\u00ebnd\u00eb t\u00eb p\u00ebrzgjedhura me statusin <em>HW<\/em>, t\u00eb cilat nuk ndikojn\u00eb n\u00eb not\u00ebn mesatare por jan\u00eb t\u00eb domosdoshme p\u00ebr p\u00ebrgatitjen teorike dhe metodologjike n\u00eb p\u00ebrputhje me vizionin akademik t\u00eb qendr\u00ebs.<\/p>\n\n\n\n<p>K\u00ebto kurse kan\u00eb p\u00ebr q\u00ebllim nd\u00ebrtimin e nj\u00eb themeli t\u00eb fuqish\u00ebm intelektual p\u00ebr k\u00ebrkimin shkencor.<\/p>\n\n\n\n<h4 class=\"wp-block-heading has-text-align-left\" style=\"font-size:25px\">Programi i Doktoratur\u00ebs n\u00eb Filozofi (Ph.D) n\u00eb Civilizimin Islam<\/h4>\n\n\n\n<p><strong>Programi i Doktoratur\u00ebs n\u00eb filozofi (Ph.D) n\u00eb civilizimin Islam <\/strong>&nbsp;k\u00ebrkon p\u00ebrfundimin e 90 or\u00ebve t\u00eb kreditit dhe, s\u00eb bashku me l\u00ebnd\u00ebt, \u00ebsht\u00eb 96 kredite.<\/p>\n\n\n\n<h4 class=\"wp-block-heading\">Koh\u00eb e plot\u00eb<\/h4>\n\n\n\n<p>Koh\u00ebzgjatja e programit \u00ebsht\u00eb minimumi 3 vjet (6 semestra), maksimumi 8 vjet (16 semestra).<\/p>\n\n\n\n<figure class=\"wp-block-table\"><table class=\"has-fixed-layout\"><tbody><tr><td class=\"has-text-align-center\" data-align=\"center\" colspan=\"5\"><strong>&nbsp;<\/strong><strong>Klasifikimi i l\u00ebnd\u00ebve\u2013 Studime me l\u00ebnd\u00eb dhe hulumtime (Ph.D.)<\/strong><\/td><\/tr><tr><td class=\"has-text-align-center\" data-align=\"center\"><strong>Nr.<\/strong><\/td><td><strong>Klasifikimi<\/strong><\/td><td><strong>Kredit\u00eb<\/strong><\/td><td><strong>P\u00ebrqindja<\/strong><\/td><td><strong>Standardi (QA)<\/strong><\/td><\/tr><tr><td class=\"has-text-align-center\" data-align=\"center\">1<\/td><td>Tez\u00eb doktorature<\/td><td>60<\/td><td>62.5%<\/td><td>&nbsp;<\/td><\/tr><tr><td class=\"has-text-align-center\" data-align=\"center\">2<\/td><td>L\u00ebnda universitare<\/td><td>6<\/td><td>6.25%<\/td><td>&nbsp;<\/td><\/tr><tr><td class=\"has-text-align-center\" data-align=\"center\">3<\/td><td>L\u00ebnd\u00ebt e CASIS<\/td><td>30<\/td><td>31.25%<\/td><td>&nbsp;<\/td><\/tr><tr><td class=\"has-text-align-center\" data-align=\"center\">&nbsp;<\/td><td><strong>TOTALI<\/strong><\/td><td><strong>96<\/strong><\/td><td><strong>100%<\/strong><\/td><td>&nbsp;<\/td><\/tr><\/tbody><\/table><\/figure>\n\n\n\n<p><\/p>\n\n\n\n<h3 class=\"wp-block-heading\" style=\"font-size:25px\">Tarifa p\u00ebr student\u00ebt nd\u00ebrkomb\u00ebtar\u00eb <\/h3>\n\n\n\n<figure class=\"wp-block-table\"><table class=\"has-fixed-layout\"><tbody><tr><td colspan=\"10\"><strong>Ph.D<\/strong><\/td><\/tr><tr><td>&nbsp;<\/td><td><strong>SEM 1<\/strong><\/td><td><strong>SEM 2<\/strong><\/td><td><strong>SEM 3<\/strong><\/td><td><strong>SEM 4<\/strong><\/td><td><strong>SEM 5<\/strong><\/td><td><strong>SEM 6<\/strong><\/td><td><strong>SEM 7<\/strong><\/td><td><strong>SEM 8<\/strong><\/td><td><strong>TOTAL<\/strong><\/td><\/tr><tr><td><strong>FULL TIME<\/strong><\/td><td>1480\u20ac<\/td><td>1224\u20ac<\/td><td>1224\u20ac<\/td><td>1224\u20ac<\/td><td>1224\u20ac<\/td><td>1224\u20ac<\/td><td>&nbsp;<\/td><td><\/td><td><strong>7600\u20ac<\/strong><\/td><\/tr><tr><td><strong>PART TIME<\/strong><\/td><td>1071\u20ac<\/td><td>816\u20ac<\/td><td>816\u20ac<\/td><td>816\u20ac<\/td><td>816\u20ac<\/td><td>816\u20ac<\/td><td>816\u20ac<\/td><td>816\u20ac<\/td><td><strong>6783\u20ac<\/strong><\/td><\/tr><\/tbody><\/table><\/figure>\n\n\n\n<p><strong>V\u00ebrejtje<\/strong>: Llogaritja \u00ebsht\u00eb b\u00ebr\u00eb sipas kursit valutor t\u00eb dat\u00ebs 30.07.2025. Kjo n\u00ebnkupton se tarifa mund t\u00eb p\u00ebsoj\u00eb ndryshime n\u00eb var\u00ebsi t\u00eb kursit ditor t\u00eb k\u00ebmbimit.<\/p>","protected":false},"excerpt":{"rendered":"<p>PhD &#8211; Doktor i Filozofis\u00eb n\u00eb Civilizimin Islam Ky program \u00ebsht\u00eb i bazuar t\u00ebr\u00ebsisht n\u00eb hulumtime shkencore, q\u00eb n\u00ebnkupton se studenti duhet t\u00eb hartoj\u00eb nj\u00eb tez\u00eb q\u00eb p\u00ebrfaq\u00ebson nj\u00eb kontribut t\u00eb vlefsh\u00ebm akademik n\u00eb fush\u00ebn<\/p>","protected":false},"author":3,"featured_media":0,"parent":0,"menu_order":0,"comment_status":"closed","ping_status":"closed","template":"","meta":{"footnotes":""},"class_list":["post-27264","page","type-page","status-publish","hentry"],"_links":{"self":[{"href":"https:\/\/fsi-edu.net\/en\/wp-json\/wp\/v2\/pages\/27264","targetHints":{"allow":["GET"]}}],"collection":[{"href":"https:\/\/fsi-edu.net\/en\/wp-json\/wp\/v2\/pages"}],"about":[{"href":"https:\/\/fsi-edu.net\/en\/wp-json\/wp\/v2\/types\/page"}],"author":[{"embeddable":true,"href":"https:\/\/fsi-edu.net\/en\/wp-json\/wp\/v2\/users\/3"}],"replies":[{"embeddable":true,"href":"https:\/\/fsi-edu.net\/en\/wp-json\/wp\/v2\/comments?post=27264"}],"version-history":[{"count":3,"href":"https:\/\/fsi-edu.net\/en\/wp-json\/wp\/v2\/pages\/27264\/revisions"}],"predecessor-version":[{"id":27519,"href":"https:\/\/fsi-edu.net\/en\/wp-json\/wp\/v2\/pages\/27264\/revisions\/27519"}],"wp:attachment":[{"href":"https:\/\/fsi-edu.net\/en\/wp-json\/wp\/v2\/media?parent=27264"}],"curies":[{"name":"wp","href":"https:\/\/api.w.org\/{rel}","templated":true}]}}