{"id":27756,"date":"2025-09-30T13:17:12","date_gmt":"2025-09-30T11:17:12","guid":{"rendered":"https:\/\/fsi-edu.net\/?page_id=27756"},"modified":"2025-12-31T08:45:22","modified_gmt":"2025-12-31T07:45:22","slug":"zyra-per-sigurim-te-cilesise","status":"publish","type":"page","link":"https:\/\/fsi-edu.net\/en\/zyra-per-sigurim-te-cilesise\/","title":{"rendered":"Quality Assurance Office"},"content":{"rendered":"<div class=\"wp-block-image\">\n<figure class=\"alignleft size-full is-resized\"><img decoding=\"async\" width=\"265\" height=\"353\" src=\"https:\/\/fsi-edu.net\/wp-content\/uploads\/2022\/02\/mmm.jpg\" alt=\"\" class=\"wp-image-21457\" style=\"width:191px;height:auto\" srcset=\"https:\/\/fsi-edu.net\/wp-content\/uploads\/2022\/02\/mmm.jpg 265w, https:\/\/fsi-edu.net\/wp-content\/uploads\/2022\/02\/mmm-225x300.jpg 225w\" sizes=\"(max-width: 265px) 100vw, 265px\" \/><\/figure><\/div>\n\n\n<h5 class=\"wp-block-heading\">Udh\u00ebheq\u00ebse e Zyr\u00ebs p\u00ebr Sigurim t\u00eb Cil\u00ebsis\u00eb &amp; Koordinatore p\u00ebr Marr\u00ebdh\u00ebnie me Jasht\u00eb<\/h5>\n\n\n\n<p><strong>Contact<\/strong>: qetja_2003@hotmail.com<\/p>\n\n\n\n<p>Muzaqete Kosumi ka lindur m\u00eb 17 shkurt 1987 n\u00eb Podujev\u00eb. Shkoll\u00ebn fillore e ka mbaruar n\u00eb Podujev\u00eb, nd\u00ebrsa Medresen\u00eb \u201cAlaudin\u201d n\u00eb Prishtin\u00eb. Studimet i ka p\u00ebrfunduar m\u00eb 2011 n\u00eb Deg\u00ebn e Gjuh\u00ebs dhe t\u00eb Let\u00ebrsis\u00eb Angleze t\u00eb Fakultetit t\u00eb Filologjis\u00eb n\u00eb Universitetin e Prishtin\u00ebs, ku i ka kryer edhe studimet e masterit.<\/p>\n\n\n\n<p>N\u00eb vitin akademik 2012 &#8211; 2013 ka punuar si profesoresh\u00eb e gjuh\u00ebs angleze n\u00eb Fakultetin e Studimeve Islame. Nga viti 2014 e deri m\u00eb 2017, ka punuar si m\u00ebsimdh\u00ebn\u00ebse e gjuh\u00ebs angleze n\u00eb Medresen\u00eb \u201cAlaudin\u201d, nd\u00ebrsa nga viti 2015 e n\u00eb vijim punon si Koordinatore p\u00ebr Marr\u00ebdh\u00ebnie me Jasht\u00eb dhe Udh\u00ebheq\u00ebse i Zyr\u00ebs p\u00ebr Sigurim t\u00eb Cil\u00ebsis\u00eb n\u00eb Fakultetin e Studimeve Islame, n\u00eb Prishtin\u00eb.<\/p>\n\n\n\n<p>Muzaqete Kosumi ka marr\u00eb pjes\u00eb n\u00eb disa konferenca dhe trajnime brenda dhe jasht\u00eb vendit, si\u00e7 jan\u00eb: \u2018Islami, Religjionet dhe Pluralizmi n\u00eb Evrop\u00eb\u2018, Podgoric\u00eb, 2014; Dituria Islame &#8211; (tri dekada jet\u00eb, pun\u00eb, sfi da dhe suksese), Prishtin\u00eb, 2016; \u201cMedreset\u00eb shqiptare n\u00eb koh\u00ebn e sotme: Kurrikulat dhe tekstet shkollore\u201d, Oh\u00ebr, 2017 dhe n\u00eb konferenc\u00ebn kushtuar 65- vjetorit t\u00eb Medreses\u00eb \u201cAlauddin\u201d, Prishtin\u00eb, 2017.<\/p>","protected":false},"excerpt":{"rendered":"<p>Udh\u00ebheq\u00ebse e Zyr\u00ebs p\u00ebr Sigurim t\u00eb Cil\u00ebsis\u00eb &amp; Koordinatore p\u00ebr Marr\u00ebdh\u00ebnie me Jasht\u00eb Kontakti: qetja_2003@hotmail.com Muzaqete Kosumi ka lindur m\u00eb 17 shkurt 1987 n\u00eb Podujev\u00eb. Shkoll\u00ebn fillore e ka mbaruar n\u00eb Podujev\u00eb, nd\u00ebrsa Medresen\u00eb \u201cAlaudin\u201d<\/p>","protected":false},"author":3,"featured_media":0,"parent":0,"menu_order":0,"comment_status":"closed","ping_status":"closed","template":"","meta":{"footnotes":""},"class_list":["post-27756","page","type-page","status-publish","hentry"],"_links":{"self":[{"href":"https:\/\/fsi-edu.net\/en\/wp-json\/wp\/v2\/pages\/27756","targetHints":{"allow":["GET"]}}],"collection":[{"href":"https:\/\/fsi-edu.net\/en\/wp-json\/wp\/v2\/pages"}],"about":[{"href":"https:\/\/fsi-edu.net\/en\/wp-json\/wp\/v2\/types\/page"}],"author":[{"embeddable":true,"href":"https:\/\/fsi-edu.net\/en\/wp-json\/wp\/v2\/users\/3"}],"replies":[{"embeddable":true,"href":"https:\/\/fsi-edu.net\/en\/wp-json\/wp\/v2\/comments?post=27756"}],"version-history":[{"count":7,"href":"https:\/\/fsi-edu.net\/en\/wp-json\/wp\/v2\/pages\/27756\/revisions"}],"predecessor-version":[{"id":28126,"href":"https:\/\/fsi-edu.net\/en\/wp-json\/wp\/v2\/pages\/27756\/revisions\/28126"}],"wp:attachment":[{"href":"https:\/\/fsi-edu.net\/en\/wp-json\/wp\/v2\/media?parent=27756"}],"curies":[{"name":"wp","href":"https:\/\/api.w.org\/{rel}","templated":true}]}}