{"id":28043,"date":"2025-12-04T08:23:27","date_gmt":"2025-12-04T07:23:27","guid":{"rendered":"https:\/\/fsi-edu.net\/?page_id=28043"},"modified":"2025-12-04T09:58:07","modified_gmt":"2025-12-04T08:58:07","slug":"perspektiva-e-programit","status":"publish","type":"page","link":"https:\/\/fsi-edu.net\/en\/perspektiva-e-programit\/","title":{"rendered":"Program perspective"},"content":{"rendered":"<p>Programi Master,Teologji Islame n\u00eb kontekstin europian, n\u00eb Fakultetin e Studimeve Islame synon t\u00eb forcoj\u00eb dhe thelloj\u00eb formimin akademik dhe k\u00ebrkimor t\u00eb student\u00ebve, duke ofruar nj\u00eb qasje m\u00eb t\u00eb avancuar n\u00eb analizimin e teksteve islame, tradit\u00ebs intelektuale islame dhe sfidave bashk\u00ebkohore n\u00eb shoq\u00ebrin\u00eb kosovare dhe m\u00eb gjer\u00eb. Perspektiva e programit p\u00ebrqendrohet n\u00eb zhvillimin e nj\u00eb profili t\u00eb qart\u00eb akademik dhe k\u00ebrkimor, q\u00eb p\u00ebrgatit studiues, m\u00ebsimdh\u00ebn\u00ebs, udh\u00ebheq\u00ebs fetar\u00eb dhe profesionist\u00eb t\u00eb fushave t\u00eb nd\u00ebrvarura me kompetenca t\u00eb avancuara metodologjike, teorike dhe praktike.<\/p>\n\n\n\n<p>N\u00eb vitet e ardhshme, programi synon t\u00eb rris\u00eb cil\u00ebsin\u00eb akademike p\u00ebrmes rishikimit t\u00eb kurrikul\u00ebs, integrimit t\u00eb metodave t\u00eb avancuara t\u00eb hulumtimit dhe zgjerimit t\u00eb moduleve q\u00eb fokusohen n\u00eb studimet bashk\u00ebkohore islame, etik\u00ebn, mendimin filozofik islam, si dhe dialogun nd\u00ebrfetar dhe nd\u00ebrkulturor. P\u00ebrmes k\u00ebtyre p\u00ebrmir\u00ebsimeve, programi synon t\u00eb krijoj\u00eb nj\u00eb mjedis studimor q\u00eb stimulon mendimin kritik, argumentimin akademik dhe aft\u00ebsin\u00eb p\u00ebr t\u00eb kryer k\u00ebrkim shkencor t\u00eb pavarur. <\/p>\n\n\n\n<p>Nj\u00eb aspekt qendror i perspektiv\u00ebs s\u00eb programit \u00ebsht\u00eb forcimi i kapaciteteve k\u00ebrkimore t\u00eb student\u00ebve p\u00ebrmes angazhimit t\u00eb tyre n\u00eb projekte k\u00ebrkimore t\u00eb fakultetit, pjes\u00ebmarrjes n\u00eb konferenca akademike dhe publikimeve n\u00eb revista shkencore. Fakulteti planifikon t\u00eb zgjeroj\u00eb hap\u00ebsirat k\u00ebrkimore, t\u00eb forcoj\u00eb laborator\u00ebt e studimeve t\u00eb teksteve, si dhe t\u00eb rris\u00eb bashk\u00ebpunimin me institute t\u00eb k\u00ebrkimit brenda dhe jasht\u00eb vendit. Kjo synon t\u00eb krijoj\u00eb nj\u00eb kultur\u00eb akademike dinamike dhe t\u00eb q\u00ebndrueshme brenda programit. <\/p>\n\n\n\n<p>Programi Master do t\u00eb vazhdoj\u00eb t\u00eb orientohet drejt nd\u00ebrkomb\u00ebtarizimit p\u00ebrmes bashk\u00ebpunimeve me universitete t\u00eb njohura n\u00eb Evrop\u00eb, Turqi dhe bot\u00ebn islame. Synimi \u00ebsht\u00eb q\u00eb student\u00ebve t\u2019u mund\u00ebsohen mobilitete, qasje n\u00eb literatur\u00eb nd\u00ebrkomb\u00ebtare, pjes\u00ebmarrje n\u00eb projekte t\u00eb p\u00ebrbashk\u00ebta dhe harmonizim i standardeve me praktikat m\u00eb t\u00eb mira nd\u00ebrkomb\u00ebtare. Kjo perspektiv\u00eb do t\u00eb ndikoj\u00eb n\u00eb rritjen e konkurrueshm\u00ebris\u00eb s\u00eb programit dhe t\u00eb diplomuarve t\u00eb tij n\u00eb tregun akademik dhe profesional. <\/p>\n\n\n\n<p>N\u00eb kuad\u00ebr t\u00eb p\u00ebrmir\u00ebsimit t\u00eb vazhduesh\u00ebm t\u00eb cil\u00ebsis\u00eb, programi planifikon t\u00eb mb\u00ebshtetet n\u00eb vler\u00ebsimet e rregullta t\u00eb student\u00ebve, rekomandimet e ekspert\u00ebve t\u00eb jasht\u00ebm, analizat e tregut t\u00eb pun\u00ebs dhe konsultimet me bashk\u00ebsin\u00eb islame, institucionet arsimore dhe organizatat e shoq\u00ebris\u00eb civile. K\u00ebto mekanizma ndihmojn\u00eb n\u00eb orientimin e programit drejt nevojave reale t\u00eb shoq\u00ebris\u00eb dhe n\u00eb rritjen e relevanc\u00ebs s\u00eb tij akademike dhe profesionale. <\/p>\n\n\n\n<p>N\u00eb t\u00ebr\u00ebsi, perspektiva e programit Master n\u00eb Studime Islame synon t\u00eb konsolidoj\u00eb rolin e Fakultetit t\u00eb Studimeve Islame n\u00eb Prishtin\u00eb si nj\u00eb institucion i r\u00ebnd\u00ebsish\u00ebm k\u00ebrkimor dhe akademik n\u00eb vend dhe rajon. Programi do t\u00eb vazhdoj\u00eb t\u00eb kontribuoj\u00eb n\u00eb formimin e studiuesve, ekspert\u00ebve dhe udh\u00ebheq\u00ebsve me kapacitet t\u00eb lart\u00eb profesional, etik dhe akademik, t\u00eb aft\u00eb p\u00ebr t\u00eb dh\u00ebn\u00eb kontribut t\u00eb r\u00ebnd\u00ebsish\u00ebm n\u00eb zhvillimin fetar, kulturor, arsimor dhe shoq\u00ebror t\u00eb Kosov\u00ebs dhe m\u00eb gjer\u00eb. T\u00eb diplomuarit e programit Master g\u00ebzojn\u00eb perspektiva t\u00eb q\u00ebndrueshme pun\u00ebsimi n\u00eb sektor\u00eb t\u00eb ndrysh\u00ebm publik\u00eb dhe privat\u00eb, duke reflektuar k\u00ebrkes\u00ebn n\u00eb rritje p\u00ebr kuadro t\u00eb kualifikuara fetare dhe akademike n\u00eb Kosov\u00eb dhe rajon.<br>T\u00eb diplomuarit mund t\u00eb angazhohen si m\u00ebsimdh\u00ebn\u00ebs t\u00eb edukimit fetar n\u00eb shkollat publike dhe private, si imam\u00eb, hatib\u00eb, myderriz\u00eb dhe udh\u00ebheq\u00ebs n\u00eb institucionet e Bashk\u00ebsis\u00eb Islame t\u00eb Kosov\u00ebs, si dhe n\u00eb organizata fetare, kulturore dhe humanitare. Programi u mund\u00ebson gjithashtu t\u00eb diplomuarve t\u00eb punojn\u00eb n\u00eb administrat\u00eb publike, n\u00eb institute k\u00ebrkimore, n\u00eb qendra t\u00eb dialogut nd\u00ebrfetar, n\u00eb media dhe platforma edukative q\u00eb trajtojn\u00eb \u00e7\u00ebshtje fetare, etike dhe shoq\u00ebrore. P\u00ebrfitimi i kompetencave k\u00ebrkimore dhe analitike gjat\u00eb studimeve Master rrit mund\u00ebsin\u00eb p\u00ebr angazhim akademik, pjes\u00ebmarrje n\u00eb projekte shkencore dhe vazhdim t\u00eb studimeve doktorale, duke zgjeruar k\u00ebshtu gam\u00ebn e mund\u00ebsive profesionale dhe karrier\u00ebs afatgjat\u00eb.<\/p>","protected":false},"excerpt":{"rendered":"<p>Programi Master,Teologji Islame n\u00eb kontekstin europian, n\u00eb Fakultetin e Studimeve Islame synon t\u00eb forcoj\u00eb dhe thelloj\u00eb formimin akademik dhe k\u00ebrkimor t\u00eb student\u00ebve, duke ofruar nj\u00eb qasje m\u00eb t\u00eb avancuar n\u00eb analizimin e teksteve islame, tradit\u00ebs<\/p>","protected":false},"author":3,"featured_media":0,"parent":0,"menu_order":0,"comment_status":"closed","ping_status":"closed","template":"","meta":{"footnotes":""},"class_list":["post-28043","page","type-page","status-publish","hentry"],"_links":{"self":[{"href":"https:\/\/fsi-edu.net\/en\/wp-json\/wp\/v2\/pages\/28043","targetHints":{"allow":["GET"]}}],"collection":[{"href":"https:\/\/fsi-edu.net\/en\/wp-json\/wp\/v2\/pages"}],"about":[{"href":"https:\/\/fsi-edu.net\/en\/wp-json\/wp\/v2\/types\/page"}],"author":[{"embeddable":true,"href":"https:\/\/fsi-edu.net\/en\/wp-json\/wp\/v2\/users\/3"}],"replies":[{"embeddable":true,"href":"https:\/\/fsi-edu.net\/en\/wp-json\/wp\/v2\/comments?post=28043"}],"version-history":[{"count":4,"href":"https:\/\/fsi-edu.net\/en\/wp-json\/wp\/v2\/pages\/28043\/revisions"}],"predecessor-version":[{"id":28052,"href":"https:\/\/fsi-edu.net\/en\/wp-json\/wp\/v2\/pages\/28043\/revisions\/28052"}],"wp:attachment":[{"href":"https:\/\/fsi-edu.net\/en\/wp-json\/wp\/v2\/media?parent=28043"}],"curies":[{"name":"wp","href":"https:\/\/api.w.org\/{rel}","templated":true}]}}