{"id":28046,"date":"2025-12-04T08:28:18","date_gmt":"2025-12-04T07:28:18","guid":{"rendered":"https:\/\/fsi-edu.net\/?page_id=28046"},"modified":"2025-12-04T08:29:43","modified_gmt":"2025-12-04T07:29:43","slug":"perspektiva-e-programit-ba","status":"publish","type":"page","link":"https:\/\/fsi-edu.net\/en\/perspektiva-e-programit-ba\/","title":{"rendered":"Program perspective"},"content":{"rendered":"<p>Programi Bachelor n\u00eb Teologji Islame synon t\u00eb vazhdoj\u00eb t\u00eb konsolidohet si nj\u00eb program i r\u00ebnd\u00ebsish\u00ebm akademik n\u00eb Kosov\u00eb dhe n\u00eb rajon, duke ofruar formim profesional, fetar dhe shkencor p\u00ebr student\u00ebt q\u00eb synojn\u00eb t\u00eb kontribuojn\u00eb n\u00eb fush\u00ebn e arsimit fetar, studimeve islame, udh\u00ebzimit shpirt\u00ebror dhe sh\u00ebrbimeve komunitare. N\u00eb vitet n\u00eb vijim, programi synon t\u00eb zgjeroj\u00eb qasjet nd\u00ebrdisiplinare dhe t\u00eb p\u00ebrforcoj\u00eb integrimin e komponent\u00ebve teorik\u00eb me praktik\u00ebn profesionale, ve\u00e7an\u00ebrisht n\u00eb sferat e edukimit fetar, dialogut nd\u00ebrfetar dhe p\u00ebrfshirjes sociale t\u00eb komuniteteve. <\/p>\n\n\n\n<p>N\u00eb p\u00ebrputhje me misionin institucional, programi synon t\u00eb zhvilloj\u00eb kurrikula t\u00eb harmonizuara me tendencat bashk\u00ebkohore t\u00eb studimeve islame dhe me k\u00ebrkesat e tregut t\u00eb pun\u00ebs, duke p\u00ebrfshir\u00eb analitik\u00ebn e teksteve, mendimin kritik dhe kompetencat praktike n\u00eb udh\u00ebheqjen fetare. N\u00eb k\u00ebt\u00eb kuad\u00ebr, fakulteti planifikon t\u00eb zgjeroj\u00eb p\u00ebrdorimin e metodologjive bashk\u00ebkohore t\u00eb m\u00ebsimdh\u00ebnies, duke p\u00ebrfshir\u00eb qasjet interaktive, p\u00ebrdorimin e teknologjis\u00eb digjitale dhe integrimin e praktikave k\u00ebrkimore q\u00eb i p\u00ebrgatisin student\u00ebt p\u00ebr sfidat profesionale dhe akademike. <\/p>\n\n\n\n<p>Zhvillimi i programit n\u00eb pes\u00eb vitet e ardhshme pritet t\u00eb fokusohet n\u00eb rritjen e bashk\u00ebpunimit nd\u00ebrkomb\u00ebtar, si me universitete t\u00eb vendeve islame ashtu edhe me universitete evropiane q\u00eb kan\u00eb departamente t\u00eb teologjis\u00eb dhe shkencave fetare. K\u00ebto bashk\u00ebpunime synojn\u00eb t\u00eb mund\u00ebsojn\u00eb shk\u00ebmbime student\u00ebsh dhe stafesh, zhvillime t\u00eb p\u00ebrbashk\u00ebta k\u00ebrkimore dhe harmonizim t\u00eb standardeve akademike me praktikat nd\u00ebrkomb\u00ebtare.<\/p>\n\n\n\n<p>Programi gjithashtu do t\u00eb vazhdoj\u00eb t\u00eb orientohet drejt rritjes s\u00eb cil\u00ebsis\u00eb p\u00ebrmes analiz\u00ebs s\u00eb vazhdueshme t\u00eb rezultateve t\u00eb t\u00eb nx\u00ebnit, vler\u00ebsimit t\u00eb jasht\u00ebm dhe konsultimeve t\u00eb rregullta me aktor\u00ebt e tregut t\u00eb pun\u00ebs, komunitetin fetar, institucionet arsimore dhe organizatat e shoq\u00ebris\u00eb civile. Kjo qasje synon t\u00eb siguroj\u00eb q\u00eb programi t\u00eb mbetet relevant, i q\u00ebndruesh\u00ebm dhe i aft\u00eb t\u2019u p\u00ebrgjigjet nevojave t\u00eb shoq\u00ebris\u00eb kosovare dhe komunitetit m\u00eb t\u00eb gjer\u00eb.<\/p>\n\n\n\n<p>N\u00eb t\u00ebr\u00ebsi, perspektiva e programit Bachelor n\u00eb Teologji Islame lidhet ngusht\u00eb me zhvillimin institucional t\u00eb Fakultetit t\u00eb Studimeve Islame n\u00eb Prishtin\u00eb, duke synuar cil\u00ebsi m\u00eb t\u00eb lart\u00eb akademike, rritje t\u00eb profesionalizmit dhe krijim t\u00eb nj\u00eb profili konkurrues n\u00eb nivel komb\u00ebtar dhe nd\u00ebrkomb\u00ebtar. Programi do t\u00eb vazhdoj\u00eb t\u00eb fuqizoj\u00eb rolin e vet n\u00eb formimin e kuadrove kompetente, me integritet profesional dhe moral, t\u00eb gatshme t\u00eb kontribuojn\u00eb n\u00eb zhvillimin fetar, kulturor dhe shoq\u00ebror t\u00eb vendit. T\u00eb diplomuarit e programit Teologji Islame g\u00ebzojn\u00eb perspektiva t\u00eb q\u00ebndrueshme pun\u00ebsimi n\u00eb sektor\u00eb t\u00eb ndrysh\u00ebm publik\u00eb dhe privat\u00eb, duke reflektuar k\u00ebrkes\u00ebn n\u00eb rritje p\u00ebr kuadro t\u00eb kualifikuara fetare dhe akademike n\u00eb Kosov\u00eb dhe rajon. T\u00eb diplomuarit mund t\u00eb angazhohen si m\u00ebsimdh\u00ebn\u00ebs t\u00eb edukimit fetar n\u00eb shkollat publike dhe private, si imam\u00eb, hatib\u00eb, myderriz\u00eb dhe udh\u00ebheq\u00ebs n\u00eb institucionet e Bashk\u00ebsis\u00eb Islame t\u00eb Kosov\u00ebs, si dhe n\u00eb organizata fetare, kulturore dhe humanitare. Programi u mund\u00ebson gjithashtu t\u00eb diplomuarve t\u00eb punojn\u00eb n\u00eb administrat\u00eb publike, n\u00eb institute k\u00ebrkimore, n\u00eb qendra t\u00eb dialogut nd\u00ebrfetar, n\u00eb media dhe platforma edukative q\u00eb trajtojn\u00eb \u00e7\u00ebshtje fetare, etike dhe shoq\u00ebrore. P\u00ebrfitimi i kompetencave k\u00ebrkimore dhe analitike gjat\u00eb studimeve rrit mund\u00ebsin\u00eb p\u00ebr angazhim akademik, pjes\u00ebmarrje n\u00eb projekte shkencore dhe vazhdim t\u00eb studimeve doktorale, duke zgjeruar k\u00ebshtu gam\u00ebn e mund\u00ebsive profesionale dhe karrier\u00ebs afatgjat\u00eb.<\/p>","protected":false},"excerpt":{"rendered":"<p>Programi Bachelor n\u00eb Teologji Islame synon t\u00eb vazhdoj\u00eb t\u00eb konsolidohet si nj\u00eb program i r\u00ebnd\u00ebsish\u00ebm akademik n\u00eb Kosov\u00eb dhe n\u00eb rajon, duke ofruar formim profesional, fetar dhe shkencor p\u00ebr student\u00ebt q\u00eb synojn\u00eb t\u00eb kontribuojn\u00eb n\u00eb<\/p>","protected":false},"author":3,"featured_media":0,"parent":0,"menu_order":0,"comment_status":"closed","ping_status":"closed","template":"","meta":{"footnotes":""},"class_list":["post-28046","page","type-page","status-publish","hentry"],"_links":{"self":[{"href":"https:\/\/fsi-edu.net\/en\/wp-json\/wp\/v2\/pages\/28046","targetHints":{"allow":["GET"]}}],"collection":[{"href":"https:\/\/fsi-edu.net\/en\/wp-json\/wp\/v2\/pages"}],"about":[{"href":"https:\/\/fsi-edu.net\/en\/wp-json\/wp\/v2\/types\/page"}],"author":[{"embeddable":true,"href":"https:\/\/fsi-edu.net\/en\/wp-json\/wp\/v2\/users\/3"}],"replies":[{"embeddable":true,"href":"https:\/\/fsi-edu.net\/en\/wp-json\/wp\/v2\/comments?post=28046"}],"version-history":[{"count":2,"href":"https:\/\/fsi-edu.net\/en\/wp-json\/wp\/v2\/pages\/28046\/revisions"}],"predecessor-version":[{"id":28049,"href":"https:\/\/fsi-edu.net\/en\/wp-json\/wp\/v2\/pages\/28046\/revisions\/28049"}],"wp:attachment":[{"href":"https:\/\/fsi-edu.net\/en\/wp-json\/wp\/v2\/media?parent=28046"}],"curies":[{"name":"wp","href":"https:\/\/api.w.org\/{rel}","templated":true}]}}