{"id":28241,"date":"2026-01-23T11:50:58","date_gmt":"2026-01-23T10:50:58","guid":{"rendered":"https:\/\/fsi-edu.net\/?page_id=28241"},"modified":"2026-01-23T13:45:55","modified_gmt":"2026-01-23T12:45:55","slug":"bashkepunimet-kosove","status":"publish","type":"page","link":"https:\/\/fsi-edu.net\/en\/bashkepunimet-kosove\/","title":{"rendered":"Kosovo Internships"},"content":{"rendered":"<div class=\"wp-block-columns is-layout-flex wp-container-core-columns-is-layout-9d6595d7 wp-block-columns-is-layout-flex\">\n<div class=\"wp-block-column is-layout-flow wp-block-column-is-layout-flow\" style=\"flex-basis:100%\">\n<figure class=\"wp-block-table\"><table><tbody><tr><td><strong>1.<\/strong> Instituti p\u00ebr Hulumtime dhe Studime Islame &#8211; IHSI<\/td><td>25.01.2022<\/td><\/tr><tr><td><strong>2. <\/strong>Z\u00ebri i Rom\u00ebve, Ashkalive dhe Egjiptian\u00ebve<\/td><td>12.06.2020<\/td><\/tr><tr><td><strong>3.<\/strong> Turkish Airlines<\/td><td>01.08.2023<\/td><\/tr><tr><td><strong>4.<\/strong> Medreseja Alauddin &#8211; Prishtin\u00eb<\/td><td>04.08.2014<\/td><\/tr><tr><td><strong>5.<\/strong> Medreseja Alauddin &#8211; Gjilan<\/td><td>18.08.2014<\/td><\/tr><tr><td><strong>6.<\/strong> K\u00ebshilli i Bashk\u00ebsis\u00eb Islame &#8211; Prishtin\u00eb<\/td><td>01.09.2014<\/td><\/tr><tr><td><strong>7.<\/strong> K\u00ebshilli i Bashk\u00ebsis\u00eb Islame &#8211; Ferizaj<\/td><td>21.08.2014<\/td><\/tr><tr><td><strong>8.<\/strong> K\u00ebshilli i Bashk\u00ebsis\u00eb Islame &#8211; Gjilan<\/td><td>06.08.2014<\/td><\/tr><\/tbody><\/table><\/figure>\n<\/div>\n<\/div>","protected":false},"excerpt":{"rendered":"<p>1. Instituti p\u00ebr Hulumtime dhe Studime Islame &#8211; IHSI 25.01.2022 2. Z\u00ebri i Rom\u00ebve, Ashkalive dhe Egjiptian\u00ebve 12.06.2020 3. Turkish Airlines 01.08.2023 4. Medreseja Alauddin &#8211; Prishtin\u00eb 04.08.2014 5. Medreseja Alauddin &#8211; Gjilan 18.08.2014 6.<\/p>","protected":false},"author":3,"featured_media":0,"parent":0,"menu_order":0,"comment_status":"closed","ping_status":"closed","template":"","meta":{"footnotes":""},"class_list":["post-28241","page","type-page","status-publish","hentry"],"_links":{"self":[{"href":"https:\/\/fsi-edu.net\/en\/wp-json\/wp\/v2\/pages\/28241","targetHints":{"allow":["GET"]}}],"collection":[{"href":"https:\/\/fsi-edu.net\/en\/wp-json\/wp\/v2\/pages"}],"about":[{"href":"https:\/\/fsi-edu.net\/en\/wp-json\/wp\/v2\/types\/page"}],"author":[{"embeddable":true,"href":"https:\/\/fsi-edu.net\/en\/wp-json\/wp\/v2\/users\/3"}],"replies":[{"embeddable":true,"href":"https:\/\/fsi-edu.net\/en\/wp-json\/wp\/v2\/comments?post=28241"}],"version-history":[{"count":6,"href":"https:\/\/fsi-edu.net\/en\/wp-json\/wp\/v2\/pages\/28241\/revisions"}],"predecessor-version":[{"id":28274,"href":"https:\/\/fsi-edu.net\/en\/wp-json\/wp\/v2\/pages\/28241\/revisions\/28274"}],"wp:attachment":[{"href":"https:\/\/fsi-edu.net\/en\/wp-json\/wp\/v2\/media?parent=28241"}],"curies":[{"name":"wp","href":"https:\/\/api.w.org\/{rel}","templated":true}]}}