{"id":28503,"date":"2026-03-26T12:27:15","date_gmt":"2026-03-26T11:27:15","guid":{"rendered":"https:\/\/fsi-edu.net\/?page_id=28503"},"modified":"2026-03-26T12:33:46","modified_gmt":"2026-03-26T11:33:46","slug":"vizioni-2","status":"publish","type":"page","link":"https:\/\/fsi-edu.net\/en\/vizioni-2\/","title":{"rendered":"Vison"},"content":{"rendered":"<p><em>FSI synon t\u00eb jet\u00eb qend\u00ebr lidershipi akademik dhe k\u00ebrkimor q\u00eb ofron arsim cil\u00ebsor, duke nd\u00ebrthurur tradit\u00ebn islame me nevoj\u00ebn moderne dhe duke formuar intelektual\u00eb t\u00eb nd\u00ebrgjegjsh\u00ebm q\u00eb kontribuojn\u00eb n\u00eb zhvillimin etik, kulturor dhe social t\u00eb komunitetit lokal dhe nd\u00ebrkomb\u00ebtar.<\/em><\/p>\n\n\n\n<p>Ky vizion reflekton aspirat\u00ebn e FSI-s\u00eb p\u00ebr t\u2019u pozicionuar si institucion referent n\u00eb fush\u00ebn e studimeve islame dhe shkencave shoq\u00ebrore t\u00eb lidhura me to.<\/p>\n\n\n\n<p>Vizioni thekson standardet e larta akademike, orientimin drejt zhvillimit shkencor dhe inovacionit, domosdoshm\u00ebrin\u00eb e modernizimit dhe digjitalizimit, si dhe rolin e r\u00ebnd\u00ebsish\u00ebm t\u00eb Fakultetit n\u00eb dialogun shoq\u00ebror, etik 16 dhe kulturor.<\/p>\n\n\n\n<p>Ai gjithashtu n\u00ebnvizon nevoj\u00ebn p\u00ebr nd\u00ebrkomb\u00ebtarizim, bashk\u00ebpunim t\u00eb gjer\u00eb institucional dhe rritjen e ndikimit shoq\u00ebror t\u00eb FSI-s\u00eb.<\/p>","protected":false},"excerpt":{"rendered":"<p>FSI synon t\u00eb jet\u00eb qend\u00ebr lidershipi akademik dhe k\u00ebrkimor q\u00eb ofron arsim cil\u00ebsor, duke nd\u00ebrthurur tradit\u00ebn islame me nevoj\u00ebn moderne dhe duke formuar intelektual\u00eb t\u00eb nd\u00ebrgjegjsh\u00ebm q\u00eb kontribuojn\u00eb n\u00eb zhvillimin etik, kulturor dhe social t\u00eb<\/p>","protected":false},"author":3,"featured_media":0,"parent":0,"menu_order":0,"comment_status":"closed","ping_status":"closed","template":"","meta":{"footnotes":""},"class_list":["post-28503","page","type-page","status-publish","hentry"],"_links":{"self":[{"href":"https:\/\/fsi-edu.net\/en\/wp-json\/wp\/v2\/pages\/28503","targetHints":{"allow":["GET"]}}],"collection":[{"href":"https:\/\/fsi-edu.net\/en\/wp-json\/wp\/v2\/pages"}],"about":[{"href":"https:\/\/fsi-edu.net\/en\/wp-json\/wp\/v2\/types\/page"}],"author":[{"embeddable":true,"href":"https:\/\/fsi-edu.net\/en\/wp-json\/wp\/v2\/users\/3"}],"replies":[{"embeddable":true,"href":"https:\/\/fsi-edu.net\/en\/wp-json\/wp\/v2\/comments?post=28503"}],"version-history":[{"count":2,"href":"https:\/\/fsi-edu.net\/en\/wp-json\/wp\/v2\/pages\/28503\/revisions"}],"predecessor-version":[{"id":28506,"href":"https:\/\/fsi-edu.net\/en\/wp-json\/wp\/v2\/pages\/28503\/revisions\/28506"}],"wp:attachment":[{"href":"https:\/\/fsi-edu.net\/en\/wp-json\/wp\/v2\/media?parent=28503"}],"curies":[{"name":"wp","href":"https:\/\/api.w.org\/{rel}","templated":true}]}}